{"id":129415,"date":"2025-04-10T09:32:18","date_gmt":"2025-04-10T09:32:18","guid":{"rendered":"https:\/\/www.customywear.com\/?post_type=product&#038;p=129415"},"modified":"2026-05-07T15:29:31","modified_gmt":"2026-05-07T15:29:31","slug":"vlastne-chlapcenske-pretekarske-foto-tricko","status":"publish","type":"product","link":"https:\/\/www.customywear.com\/sk\/custom-boys-racing-photo-tshirt\/","title":{"rendered":"Chlap\u010densk\u00e9 pretek\u00e1rske tri\u010dko na mieru \u2013 personalizovan\u00fd dar\u010dek s tri\u010dkom Turbo Driver pre deti | Pridajte fotografiu v\u00e1\u0161ho die\u0165a\u0165a k sc\u00e9ne s pretek\u00e1rskym autom"},"content":{"rendered":"<p class=\"\" data-start=\"440\" data-end=\"998\">Podporte v\u00e1\u0161e\u0148 v\u00e1\u0161ho die\u0165a\u0165a pre r\u00fdchlos\u0165 s na\u0161imi <strong data-start=\"485\" data-end=\"522\">Chlap\u010densk\u00e9 tri\u010dko Turbo Driver<\/strong>\u2014jedine\u010dn\u00e9 pretek\u00e1rske tri\u010dko, ktor\u00e9 premen\u00ed fotografiu v\u00e1\u0161ho die\u0165a\u0165a na dynamick\u00fa pretek\u00e1rsku sc\u00e9nu! Toto tri\u010dko s prvotriednym 100 % bavlnen\u00fdm materi\u00e1lom a v\u00fdraznou DTG potla\u010dou je ide\u00e1lne na narodeniny alebo \u0161peci\u00e1lne pr\u00edle\u017eitosti. Ka\u017ed\u00fd dizajn je ru\u010dne vyroben\u00fd, aby z v\u00e1\u0161ho die\u0165a\u0165a urobil profesion\u00e1lneho pretek\u00e1rskeho jazdca, v\u010faka \u010domu je to dokonal\u00fd personalizovan\u00fd dar\u010dek pre mlad\u00fdch milovn\u00edkov motoristick\u00e9ho \u0161portu. Pohodln\u00e9, odoln\u00e9 a nekone\u010dne z\u00e1bavn\u00e9 \u2013 toto tri\u010dko je viac ne\u017e len oble\u010denie, je to pretek\u00e1rska fant\u00e1zia, ktor\u00e1 sa premenila na \u017eivot!<\/p>","protected":false},"excerpt":{"rendered":"<p>Speed into adventure with a Custom Boy&#8217;s Racing T-Shirt. Personalized Turbo Driver Tees for Kids transform any child\u2019s photo into a bold, one-of-a-kind t-shirt.<\/p>","protected":false},"featured_media":129547,"comment_status":"open","ping_status":"closed","template":"","meta":{"_acf_changed":false},"product_brand":[],"product_cat":[6189,6323,6412,6428],"product_tag":[6433,6439,6221,6330],"class_list":{"0":"post-129415","1":"product","2":"type-product","3":"status-publish","4":"has-post-thumbnail","6":"product_cat-boys-t-shirts","7":"product_cat-custom-gifts-formula-1-racing-car","8":"product_cat-photo-to-tees","9":"product_cat-translate-products","10":"product_tag-ai-artwork","11":"product_tag-ai-kids-artwork","12":"product_tag-custom-t-shirts-near-me","13":"product_tag-photo-print-t-shirt-for-boys","15":"first","16":"instock","17":"taxable","18":"shipping-taxable","19":"purchasable","20":"product-type-simple"},"acf":[],"wcpa_form_fields":null,"_links":{"self":[{"href":"https:\/\/www.customywear.com\/sk\/wp-json\/wp\/v2\/product\/129415","targetHints":{"allow":["GET"]}}],"collection":[{"href":"https:\/\/www.customywear.com\/sk\/wp-json\/wp\/v2\/product"}],"about":[{"href":"https:\/\/www.customywear.com\/sk\/wp-json\/wp\/v2\/types\/product"}],"replies":[{"embeddable":true,"href":"https:\/\/www.customywear.com\/sk\/wp-json\/wp\/v2\/comments?post=129415"}],"wp:featuredmedia":[{"embeddable":true,"href":"https:\/\/www.customywear.com\/sk\/wp-json\/wp\/v2\/media\/129547"}],"wp:attachment":[{"href":"https:\/\/www.customywear.com\/sk\/wp-json\/wp\/v2\/media?parent=129415"}],"wp:term":[{"taxonomy":"product_brand","embeddable":true,"href":"https:\/\/www.customywear.com\/sk\/wp-json\/wp\/v2\/product_brand?post=129415"},{"taxonomy":"product_cat","embeddable":true,"href":"https:\/\/www.customywear.com\/sk\/wp-json\/wp\/v2\/product_cat?post=129415"},{"taxonomy":"product_tag","embeddable":true,"href":"https:\/\/www.customywear.com\/sk\/wp-json\/wp\/v2\/product_tag?post=129415"}],"curies":[{"name":"wp","href":"https:\/\/api.w.org\/{rel}","templated":true}]}}