{"id":129432,"date":"2025-04-10T09:32:18","date_gmt":"2025-04-10T09:32:18","guid":{"rendered":"https:\/\/www.customywear.com\/?post_type=product&#038;p=129432"},"modified":"2026-05-07T15:29:31","modified_gmt":"2026-05-07T15:29:31","slug":"elitne-chlapcenske-tricko-pre-batolata-pretekarov","status":"publish","type":"product","link":"https:\/\/www.customywear.com\/sk\/toddler-boys-elite-racing-driver-shirt\/","title":{"rendered":"Tri\u010dko pre bato\u013eat\u00e1 s elitn\u00fdm pretek\u00e1rskym vodi\u010dom \u2013 personalizovan\u00e9 tri\u010dko s pretek\u00e1rskym autom pre deti | Dar\u010dek na mieru s fotografiou v\u00e1\u0161ho die\u0165a\u0165a"},"content":{"rendered":"<p>Spl\u0148te pretek\u00e1rske sny svojho bato\u013ea\u0165a s... <strong data-start=\"474\" data-end=\"519\">Chlap\u010densk\u00e9 tri\u010dko s elitn\u00fdm pretek\u00e1rskym jazdcom<\/strong>\u2014personalizovan\u00e9 tri\u010dko, ktor\u00e9 premen\u00ed fotografiu v\u00e1\u0161ho die\u0165a\u0165a na vzru\u0161uj\u00facu pretek\u00e1rsku sc\u00e9nu! Toto tri\u010dko na mieru, vyroben\u00e9 zo 100 % m\u00e4kkej bavlny, pon\u00faka prvotriedne pohodlie a odolnos\u0165 pre energick\u00e9 bato\u013eat\u00e1. V\u010faka vysokokvalitnej potla\u010di DTG zost\u00e1vaj\u00fa \u017eiv\u00e9 vzory ostr\u00e9 a farebn\u00e9 po mnoho rokov. \u010ci u\u017e ide o narodeniny, svadbu alebo len na oslavu l\u00e1sky v\u00e1\u0161ho die\u0165a\u0165a k pretekaniu, toto jedine\u010dn\u00e9 tri\u010dko prin\u00e1\u0161a vzru\u0161enie z pretek\u00e1rskej dr\u00e1hy priamo v\u00e1\u0161mu mal\u00e9mu \u0161ampi\u00f3novi!<\/p>","protected":false},"excerpt":{"rendered":"<p>Ve\u010fte preteky s elitn\u00fdm pretek\u00e1rskym jazdcom bato\u013ea\u0165a. Personalizovan\u00e9 tri\u010dk\u00e1 pre pretek\u00e1rske aut\u00e1 pre deti premenia ak\u00fako\u013evek fotografiu na hrav\u00e9, jedine\u010dn\u00e9 tri\u010dko.<\/p>","protected":false},"featured_media":129601,"comment_status":"open","ping_status":"closed","template":"","meta":{"_acf_changed":false},"product_brand":[],"product_cat":[6209,6323,6412,6428],"product_tag":[6433,6439,6221],"class_list":{"0":"post-129432","1":"product","2":"type-product","3":"status-publish","4":"has-post-thumbnail","6":"product_cat-toddler-boy-t-shirts","7":"product_cat-custom-gifts-formula-1-racing-car","8":"product_cat-photo-to-tees","9":"product_cat-translate-products","10":"product_tag-ai-artwork","11":"product_tag-ai-kids-artwork","12":"product_tag-custom-t-shirts-near-me","14":"first","15":"instock","16":"taxable","17":"shipping-taxable","18":"purchasable","19":"product-type-simple"},"acf":[],"wcpa_form_fields":null,"_links":{"self":[{"href":"https:\/\/www.customywear.com\/sk\/wp-json\/wp\/v2\/product\/129432","targetHints":{"allow":["GET"]}}],"collection":[{"href":"https:\/\/www.customywear.com\/sk\/wp-json\/wp\/v2\/product"}],"about":[{"href":"https:\/\/www.customywear.com\/sk\/wp-json\/wp\/v2\/types\/product"}],"replies":[{"embeddable":true,"href":"https:\/\/www.customywear.com\/sk\/wp-json\/wp\/v2\/comments?post=129432"}],"wp:featuredmedia":[{"embeddable":true,"href":"https:\/\/www.customywear.com\/sk\/wp-json\/wp\/v2\/media\/129601"}],"wp:attachment":[{"href":"https:\/\/www.customywear.com\/sk\/wp-json\/wp\/v2\/media?parent=129432"}],"wp:term":[{"taxonomy":"product_brand","embeddable":true,"href":"https:\/\/www.customywear.com\/sk\/wp-json\/wp\/v2\/product_brand?post=129432"},{"taxonomy":"product_cat","embeddable":true,"href":"https:\/\/www.customywear.com\/sk\/wp-json\/wp\/v2\/product_cat?post=129432"},{"taxonomy":"product_tag","embeddable":true,"href":"https:\/\/www.customywear.com\/sk\/wp-json\/wp\/v2\/product_tag?post=129432"}],"curies":[{"name":"wp","href":"https:\/\/api.w.org\/{rel}","templated":true}]}}