{"id":129443,"date":"2025-04-10T09:32:18","date_gmt":"2025-04-10T09:32:18","guid":{"rendered":"https:\/\/www.customywear.com\/?post_type=product&#038;p=129443"},"modified":"2026-05-05T20:23:26","modified_gmt":"2026-05-05T20:23:26","slug":"damske-tricko-s-motivom-pretekarskeho-vodica","status":"publish","type":"product","link":"https:\/\/www.customywear.com\/sk\/custom-womens-racing-car-driver-tshirt\/","title":{"rendered":"Vlastn\u00e9 \u017dien Z\u00e1vodn\u00e9 Auto, Vodi\u010d T-Shirt \u2013 Personalizovan\u00e9 Foto Dar\u010dek pre \u017deny-Preteky Fan\u00fa\u0161ikov, Milovn\u00edkov Automobilov, R\u00fdchlos\u0165 Nad\u0161encov"},"content":{"rendered":"<p>Prebu\u010fte v sebe vn\u00fatorn\u00e9ho pretek\u00e1ra s t\u00fdmto d\u00e1mskym tri\u010dkom Pro Racing Car Driver, ktor\u00e9 je navrhnut\u00e9 tak, aby prezentovalo va\u0161u v\u00e1\u0161e\u0148 pre r\u00fdchlos\u0165 a \u0161t\u00fdl. Toto personalizovan\u00e9 tri\u010dko s va\u0161ou vlastnou fotografiou premenenou na \u00fa\u017easn\u00e9 digit\u00e1lne umenie z v\u00e1s urob\u00ed hviezdu trate. Vyroben\u00e9 zo 100 % pr\u00e9miovej bavlny, je m\u00e4kk\u00e9, odoln\u00e9 a ide\u00e1lne na ka\u017edodenn\u00e9 nosenie alebo \u0161peci\u00e1lne udalosti s automobilovou tematikou. \u010ci u\u017e ho darujete nad\u0161encovi pretekov alebo si rob\u00edte rados\u0165, toto jedine\u010dn\u00e9 tri\u010dko je odv\u00e1\u017enym sp\u00f4sobom, ako osl\u00e1vi\u0165 l\u00e1sku k motoristick\u00e9mu \u0161portu.<\/p>","protected":false},"excerpt":{"rendered":"<p>Osl\u00e1vte \u017eensk\u00e9 r\u00fdchliky s vlastn\u00fdm tri\u010dkom pretek\u00e1rskeho pretek\u00e1rskeho auta na mieru. Personalizovan\u00e9 fotografick\u00e9 dar\u010deky premenia ka\u017ed\u00fa fotografiu na z\u00e1bavn\u00e9, jedine\u010dn\u00e9 tri\u010dko pre milovn\u00edkov \u00e1ut.<\/p>","protected":false},"featured_media":129526,"comment_status":"open","ping_status":"closed","template":"","meta":{"_acf_changed":false},"product_brand":[],"product_cat":[6191,6323,6412,6428,75,6352],"product_tag":[6214,6433,6328,229,6215],"class_list":{"0":"post-129443","1":"product","2":"type-product","3":"status-publish","4":"has-post-thumbnail","6":"product_cat-t-shirts-women","7":"product_cat-custom-gifts-formula-1-racing-car","8":"product_cat-photo-to-tees","9":"product_cat-translate-products","10":"product_cat-women","11":"product_cat-womens-sports-t-shirts","12":"product_tag-affordable-custom-t-shirts","13":"product_tag-ai-artwork","14":"product_tag-custom-image-t-shirt-for-women","15":"product_tag-custom-tee-shirts","16":"product_tag-screen-printing-near-me","18":"first","19":"instock","20":"taxable","21":"shipping-taxable","22":"purchasable","23":"product-type-simple"},"acf":[],"wcpa_form_fields":null,"_links":{"self":[{"href":"https:\/\/www.customywear.com\/sk\/wp-json\/wp\/v2\/product\/129443","targetHints":{"allow":["GET"]}}],"collection":[{"href":"https:\/\/www.customywear.com\/sk\/wp-json\/wp\/v2\/product"}],"about":[{"href":"https:\/\/www.customywear.com\/sk\/wp-json\/wp\/v2\/types\/product"}],"replies":[{"embeddable":true,"href":"https:\/\/www.customywear.com\/sk\/wp-json\/wp\/v2\/comments?post=129443"}],"wp:featuredmedia":[{"embeddable":true,"href":"https:\/\/www.customywear.com\/sk\/wp-json\/wp\/v2\/media\/129526"}],"wp:attachment":[{"href":"https:\/\/www.customywear.com\/sk\/wp-json\/wp\/v2\/media?parent=129443"}],"wp:term":[{"taxonomy":"product_brand","embeddable":true,"href":"https:\/\/www.customywear.com\/sk\/wp-json\/wp\/v2\/product_brand?post=129443"},{"taxonomy":"product_cat","embeddable":true,"href":"https:\/\/www.customywear.com\/sk\/wp-json\/wp\/v2\/product_cat?post=129443"},{"taxonomy":"product_tag","embeddable":true,"href":"https:\/\/www.customywear.com\/sk\/wp-json\/wp\/v2\/product_tag?post=129443"}],"curies":[{"name":"wp","href":"https:\/\/api.w.org\/{rel}","templated":true}]}}