{"id":129472,"date":"2025-04-10T09:32:18","date_gmt":"2025-04-10T09:32:18","guid":{"rendered":"https:\/\/www.customywear.com\/?post_type=product&#038;p=129472"},"modified":"2026-05-05T20:24:06","modified_gmt":"2026-05-05T20:24:06","slug":"panske-tricko-s-logom-jazdca-grand-prix","status":"publish","type":"product","link":"https:\/\/www.customywear.com\/sk\/custom-grand-prix-driver-tshirt-men\/","title":{"rendered":"Vlastn\u00e9 Grand Prix Ovl\u00e1da\u010d T-Shirt pre Mu\u017eov \u2013 Personalizovan\u00e9 Racing Dar\u010dek"},"content":{"rendered":"<p>Prebu\u010fte v sebe pretek\u00e1ra s na\u0161\u00edm p\u00e1nskym tri\u010dkom s mot\u00edvom jazdca Grand Prix, v ktorom sa va\u0161a fotografia premen\u00ed na epick\u00e9 pretek\u00e1rske umenie! Toto personalizovan\u00e9 tri\u010dko je ide\u00e1lne pre milovn\u00edkov motoristick\u00e9ho \u0161portu, v\u00edkendov\u00fdch pretek\u00e1rov alebo fan\u00fa\u0161ikov Formuly 1 a zobrazuje v\u00e1\u0161 imid\u017e profesion\u00e1lneho jazdca s vzru\u0161uj\u00facim pozad\u00edm pretek\u00e1rskeho auta s otvoren\u00fdmi kolesami. Toto tri\u010dko je vyroben\u00e9 zo 100 % m\u00e4kkej bavlny a pon\u00faka neprekonate\u013en\u00e9 pohodlie a kvalitu. \u017div\u00e1 a dlhotrvaj\u00faca potla\u010d DTG zaru\u010duje, \u017ee vynikne ka\u017ed\u00fd detail. Je to jedine\u010dn\u00fd a nezabudnute\u013en\u00fd dar\u010dek na narodeniny, svadby, v\u00fdro\u010dia alebo ak\u00fako\u013evek oslavu, ktor\u00e1 si vy\u017eaduje r\u00fdchlos\u0165 a \u0161t\u00fdl. \u010ci u\u017e ho darujete alebo ho nos\u00edte sami, toto tri\u010dko v\u00fdrazne zap\u00f4sob\u00ed na trati aj mimo nej.<\/p>","protected":false},"excerpt":{"rendered":"<p>Doby\u0165 tra\u0165 s vlastn\u00fdm tri\u010dkom Grand Prix Driver pre mu\u017eov. Personalizovan\u00e9 pretek\u00e1rske dar\u010deky premenia ka\u017ed\u00fa fotografiu na odv\u00e1\u017ene, jedine\u010dn\u00e9 tri\u010dko.<\/p>","protected":false},"featured_media":129505,"comment_status":"open","ping_status":"closed","template":"","meta":{"_acf_changed":false},"product_brand":[],"product_cat":[6195,6323,186,6341,6412,6428],"product_tag":[6433,6327,6216],"class_list":{"0":"post-129472","1":"product","2":"type-product","3":"status-publish","4":"has-post-thumbnail","6":"product_cat-t-shirts-men","7":"product_cat-custom-gifts-formula-1-racing-car","8":"product_cat-men","9":"product_cat-mens-profession-t-shirts","10":"product_cat-photo-to-tees","11":"product_cat-translate-products","12":"product_tag-ai-artwork","13":"product_tag-custom-photo-t-shirt-for-men","14":"product_tag-mens-custom-t-shirts","16":"first","17":"instock","18":"taxable","19":"shipping-taxable","20":"purchasable","21":"product-type-simple"},"acf":[],"wcpa_form_fields":null,"_links":{"self":[{"href":"https:\/\/www.customywear.com\/sk\/wp-json\/wp\/v2\/product\/129472","targetHints":{"allow":["GET"]}}],"collection":[{"href":"https:\/\/www.customywear.com\/sk\/wp-json\/wp\/v2\/product"}],"about":[{"href":"https:\/\/www.customywear.com\/sk\/wp-json\/wp\/v2\/types\/product"}],"replies":[{"embeddable":true,"href":"https:\/\/www.customywear.com\/sk\/wp-json\/wp\/v2\/comments?post=129472"}],"wp:featuredmedia":[{"embeddable":true,"href":"https:\/\/www.customywear.com\/sk\/wp-json\/wp\/v2\/media\/129505"}],"wp:attachment":[{"href":"https:\/\/www.customywear.com\/sk\/wp-json\/wp\/v2\/media?parent=129472"}],"wp:term":[{"taxonomy":"product_brand","embeddable":true,"href":"https:\/\/www.customywear.com\/sk\/wp-json\/wp\/v2\/product_brand?post=129472"},{"taxonomy":"product_cat","embeddable":true,"href":"https:\/\/www.customywear.com\/sk\/wp-json\/wp\/v2\/product_cat?post=129472"},{"taxonomy":"product_tag","embeddable":true,"href":"https:\/\/www.customywear.com\/sk\/wp-json\/wp\/v2\/product_tag?post=129472"}],"curies":[{"name":"wp","href":"https:\/\/api.w.org\/{rel}","templated":true}]}}