{"id":129632,"date":"2025-04-11T12:47:14","date_gmt":"2025-04-11T12:47:14","guid":{"rendered":"https:\/\/www.customywear.com\/?post_type=product&#038;p=129632"},"modified":"2026-05-07T15:29:31","modified_gmt":"2026-05-07T15:29:31","slug":"tricko-dievca-armada-cosplay-osobne","status":"publish","type":"product","link":"https:\/\/www.customywear.com\/sk\/custom-girl-army-cosplay-t-shirt\/","title":{"rendered":"Detsk\u00e9 tri\u010dko s diev\u010densk\u00fdm cosplay mot\u00edvom arm\u00e1dy \u2013 personalizovan\u00e9 dar\u010dekov\u00e9 tri\u010dko s vojenskou fotografiou, jedine\u010dn\u00fd dizajn postavy vojaka pre diev\u010dat\u00e1"},"content":{"rendered":"<p>Podnecujte predstavivos\u0165 svojho die\u0165a\u0165a s na\u0161imi detsk\u00fdmi cosplay tri\u010dkami s arm\u00e1dnym mot\u00edvom, ktor\u00e9 s\u00fa navrhnut\u00e9 tak, aby premenili ak\u00fako\u013evek fotografiu na vzru\u0161uj\u00facu ilustr\u00e1ciu arm\u00e1dnej postavy. Tieto personalizovan\u00e9 tri\u010dk\u00e1, ktor\u00e9 s\u00fa doplnen\u00e9 uniformou, v\u00fdstrojom a realistickou bojovou sc\u00e9nou, s\u00fa ide\u00e1lne pre deti, ktor\u00e9 sn\u00edvaj\u00fa o vojensk\u00fdch dobrodru\u017estv\u00e1ch. S\u00fa vyroben\u00e9 zo 100 % m\u00e4kkej bavlny a potla\u010den\u00e9 \u017eiarivou technol\u00f3giou DTG, tak\u017ee pon\u00fakaj\u00fa pohodlie, odolnos\u0165 a \u00fa\u017easn\u00e9 detaily. Toto jedine\u010dn\u00e9 tri\u010dko je ide\u00e1lne na narodeniny, prom\u00f3cie alebo tematick\u00e9 akcie a je odv\u00e1\u017enym a kreat\u00edvnym dar\u010dekom, ktor\u00fd vy\u010dar\u00ed \u00fasmev na tv\u00e1ri a hrdos\u0165 ka\u017ed\u00e9mu mlad\u00e9mu vojakovi v srdci.<\/p>","protected":false},"excerpt":{"rendered":"<p>Oble\u010dte sa do Cosplay tri\u010dka Custom Girl Army Cosplay pre deti. Personalizovan\u00e9 vojensk\u00e9 fotografick\u00e9 tri\u010dk\u00e1 premenia ak\u00fako\u013evek fotografiu na jedine\u010dn\u00e9 tri\u010dko in\u0161pirovan\u00e9 vojakom.<\/p>","protected":false},"featured_media":129802,"comment_status":"open","ping_status":"closed","template":"","meta":{"_acf_changed":false},"product_brand":[],"product_cat":[6193,6324,152,6412,6428,58],"product_tag":[6433,6439,6331,6221],"class_list":{"0":"post-129632","1":"product","2":"type-product","3":"status-publish","4":"has-post-thumbnail","6":"product_cat-girls-t-shirts","7":"product_cat-custom-gifts-ai-army","8":"product_cat-girls","9":"product_cat-photo-to-tees","10":"product_cat-translate-products","11":"product_cat-youth-kids","12":"product_tag-ai-artwork","13":"product_tag-ai-kids-artwork","14":"product_tag-custom-picture-t-shirt-for-girls","15":"product_tag-custom-t-shirts-near-me","17":"first","18":"instock","19":"taxable","20":"shipping-taxable","21":"purchasable","22":"product-type-simple"},"acf":[],"wcpa_form_fields":null,"_links":{"self":[{"href":"https:\/\/www.customywear.com\/sk\/wp-json\/wp\/v2\/product\/129632","targetHints":{"allow":["GET"]}}],"collection":[{"href":"https:\/\/www.customywear.com\/sk\/wp-json\/wp\/v2\/product"}],"about":[{"href":"https:\/\/www.customywear.com\/sk\/wp-json\/wp\/v2\/types\/product"}],"replies":[{"embeddable":true,"href":"https:\/\/www.customywear.com\/sk\/wp-json\/wp\/v2\/comments?post=129632"}],"wp:featuredmedia":[{"embeddable":true,"href":"https:\/\/www.customywear.com\/sk\/wp-json\/wp\/v2\/media\/129802"}],"wp:attachment":[{"href":"https:\/\/www.customywear.com\/sk\/wp-json\/wp\/v2\/media?parent=129632"}],"wp:term":[{"taxonomy":"product_brand","embeddable":true,"href":"https:\/\/www.customywear.com\/sk\/wp-json\/wp\/v2\/product_brand?post=129632"},{"taxonomy":"product_cat","embeddable":true,"href":"https:\/\/www.customywear.com\/sk\/wp-json\/wp\/v2\/product_cat?post=129632"},{"taxonomy":"product_tag","embeddable":true,"href":"https:\/\/www.customywear.com\/sk\/wp-json\/wp\/v2\/product_tag?post=129632"}],"curies":[{"name":"wp","href":"https:\/\/api.w.org\/{rel}","templated":true}]}}