{"id":129666,"date":"2025-04-11T12:47:14","date_gmt":"2025-04-11T12:47:14","guid":{"rendered":"https:\/\/www.customywear.com\/?post_type=product&#038;p=129666"},"modified":"2026-05-07T15:29:31","modified_gmt":"2026-05-07T15:29:31","slug":"vlastne-vojak-portret-tricko-batolata","status":"publish","type":"product","link":"https:\/\/www.customywear.com\/sk\/custom-soldier-portrait-tshirt-toddlers\/","title":{"rendered":"Tri\u010dko s portr\u00e9tom vojaka na mieru pre bato\u013eat\u00e1 \u2013 personalizovan\u00e9 dar\u010dekov\u00e9 tri\u010dko s arm\u00e1dnou fotografiou, dizajn s vojenskou tematikou pre bato\u013eat\u00e1 chlapcov"},"content":{"rendered":"<p>Zap\u00e1\u013ete fant\u00e1ziu svojho bato\u013ea\u0165a s na\u0161\u00edm tri\u010dkom s portr\u00e9tom vojaka na mieru, kde sa fotografia v\u00e1\u0161ho die\u0165a\u0165a premen\u00ed na jedine\u010dn\u00e9ho arm\u00e1dneho hrdinu v plnej bojovej v\u00fdstroji. Tento personalizovan\u00fd dizajn zobrazuje v\u00e1\u0161ho drobca vo vojenskej uniforme na dynamickom pozad\u00ed bojiska, v\u010faka \u010domu je perfektn\u00fdm dar\u010dekom na narodeniny, prom\u00f3cie alebo z\u00e1bavu pri hran\u00ed. Tieto tri\u010dk\u00e1, vyroben\u00e9 z ultra m\u00e4kkej 100 % bavlny a potla\u010den\u00e9 vysoko kvalitnou technol\u00f3giou DTG, v sebe sp\u00e1jaj\u00fa pohodlie, odolnos\u0165 a \u00fa\u017easn\u00e9 vizu\u00e1lne detaily. Oslavujte dobrodru\u017en\u00e9ho ducha svojho die\u0165a\u0165a s tri\u010dkom na mieru, ktor\u00e9 je rovnako v\u00fdrazn\u00e9 a v\u00fdnimo\u010dn\u00e9 ako ony samy.<\/p>","protected":false},"excerpt":{"rendered":"<p>Chr\u00e1\u0148te s hrdos\u0165ou na tri\u010dko s portr\u00e9tom vojaka pre bato\u013eat\u00e1. Personalizovan\u00e9 arm\u00e1dne fotografick\u00e9 tri\u010dk\u00e1 premenia ka\u017ed\u00fa fotografiu na hrav\u00e9, jedine\u010dn\u00e9 tri\u010dko.<\/p>","protected":false},"featured_media":129835,"comment_status":"open","ping_status":"closed","template":"","meta":{"_acf_changed":false},"product_brand":[],"product_cat":[6209,6324,6412,6428],"product_tag":[6433,6439,6221],"class_list":{"0":"post-129666","1":"product","2":"type-product","3":"status-publish","4":"has-post-thumbnail","6":"product_cat-toddler-boy-t-shirts","7":"product_cat-custom-gifts-ai-army","8":"product_cat-photo-to-tees","9":"product_cat-translate-products","10":"product_tag-ai-artwork","11":"product_tag-ai-kids-artwork","12":"product_tag-custom-t-shirts-near-me","14":"first","15":"instock","16":"taxable","17":"shipping-taxable","18":"purchasable","19":"product-type-simple"},"acf":[],"wcpa_form_fields":null,"_links":{"self":[{"href":"https:\/\/www.customywear.com\/sk\/wp-json\/wp\/v2\/product\/129666","targetHints":{"allow":["GET"]}}],"collection":[{"href":"https:\/\/www.customywear.com\/sk\/wp-json\/wp\/v2\/product"}],"about":[{"href":"https:\/\/www.customywear.com\/sk\/wp-json\/wp\/v2\/types\/product"}],"replies":[{"embeddable":true,"href":"https:\/\/www.customywear.com\/sk\/wp-json\/wp\/v2\/comments?post=129666"}],"wp:featuredmedia":[{"embeddable":true,"href":"https:\/\/www.customywear.com\/sk\/wp-json\/wp\/v2\/media\/129835"}],"wp:attachment":[{"href":"https:\/\/www.customywear.com\/sk\/wp-json\/wp\/v2\/media?parent=129666"}],"wp:term":[{"taxonomy":"product_brand","embeddable":true,"href":"https:\/\/www.customywear.com\/sk\/wp-json\/wp\/v2\/product_brand?post=129666"},{"taxonomy":"product_cat","embeddable":true,"href":"https:\/\/www.customywear.com\/sk\/wp-json\/wp\/v2\/product_cat?post=129666"},{"taxonomy":"product_tag","embeddable":true,"href":"https:\/\/www.customywear.com\/sk\/wp-json\/wp\/v2\/product_tag?post=129666"}],"curies":[{"name":"wp","href":"https:\/\/api.w.org\/{rel}","templated":true}]}}