{"id":129677,"date":"2025-04-11T12:47:15","date_gmt":"2025-04-11T12:47:15","guid":{"rendered":"https:\/\/www.customywear.com\/?post_type=product&#038;p=129677"},"modified":"2026-05-05T20:23:26","modified_gmt":"2026-05-05T20:23:26","slug":"personalizovane-damske-tricko-s-armadnym-charakterom","status":"publish","type":"product","link":"https:\/\/www.customywear.com\/sk\/personalized-army-character-tshirt-women\/","title":{"rendered":"Osobn\u00e9 Arm\u00e1dy Znak T-Shirt pre \u017deny \u2013 Vlastn\u00e9 Vojensk\u00e9 Dar\u010dek s fotkou Ilustr\u00e1cia, Jedine\u010dn\u00e9 Bojov\u00e9 Sc\u00e9ny Dizajn \u010caj"},"content":{"rendered":"<p>Uk\u00e1\u017ete svoju vojensk\u00fa hrdos\u0165 \u0161t\u00fdlovo s na\u0161\u00edm personalizovan\u00fdm d\u00e1mskym tri\u010dkom s arm\u00e1dnou postavou, ktor\u00e9 je perfektn\u00fdm dar\u010dekom pre voja\u010dky, veter\u00e1nky a arm\u00e1dne nad\u0161enkyne. Nahrajte svoju ob\u013e\u00faben\u00fa fotografiu a my ju premen\u00edme na dynamick\u00fa arm\u00e1dnu postavu v plnej v\u00fdstroji na pozad\u00ed p\u00f4sobiv\u00e9ho bojiska. Toto tri\u010dko je vyroben\u00e9 z ultra m\u00e4kkej 100 % bavlny a potla\u010den\u00e9 pr\u00e9miovou technol\u00f3giou DTG. Pon\u00faka pohodlie, odolnos\u0165 a \u017eiv\u00e9 detaily. \u010ci u\u017e je to na narodeniny, prom\u00f3cie alebo len na uctenie si l\u00e1sky k arm\u00e1de, toto tri\u010dko na mieru je siln\u00fdm a osobn\u00fdm sp\u00f4sobom, ako ju vyjadri\u0165.<\/p>","protected":false},"excerpt":{"rendered":"<p>Osl\u00e1vte \u017eeny v slu\u017ebe tri\u010dkom s personalizovan\u00fdm arm\u00e1dnym charakterom pre \u017eeny. Vlastn\u00e9 vojensk\u00e9 dar\u010dekov\u00e9 tri\u010dk\u00e1 premenia ak\u00fako\u013evek fotografiu na odv\u00e1\u017ene, jedine\u010dn\u00e9 tri\u010dko.<\/p>","protected":false},"featured_media":129760,"comment_status":"open","ping_status":"closed","template":"","meta":{"_acf_changed":false},"product_brand":[],"product_cat":[6191,6324,6412,6428,75,6354],"product_tag":[6214,6433,6328,229,6215],"class_list":{"0":"post-129677","1":"product","2":"type-product","3":"status-publish","4":"has-post-thumbnail","6":"product_cat-t-shirts-women","7":"product_cat-custom-gifts-ai-army","8":"product_cat-photo-to-tees","9":"product_cat-translate-products","10":"product_cat-women","11":"product_cat-womens-profession-t-shirts","12":"product_tag-affordable-custom-t-shirts","13":"product_tag-ai-artwork","14":"product_tag-custom-image-t-shirt-for-women","15":"product_tag-custom-tee-shirts","16":"product_tag-screen-printing-near-me","18":"first","19":"instock","20":"taxable","21":"shipping-taxable","22":"purchasable","23":"product-type-simple"},"acf":[],"wcpa_form_fields":null,"_links":{"self":[{"href":"https:\/\/www.customywear.com\/sk\/wp-json\/wp\/v2\/product\/129677","targetHints":{"allow":["GET"]}}],"collection":[{"href":"https:\/\/www.customywear.com\/sk\/wp-json\/wp\/v2\/product"}],"about":[{"href":"https:\/\/www.customywear.com\/sk\/wp-json\/wp\/v2\/types\/product"}],"replies":[{"embeddable":true,"href":"https:\/\/www.customywear.com\/sk\/wp-json\/wp\/v2\/comments?post=129677"}],"wp:featuredmedia":[{"embeddable":true,"href":"https:\/\/www.customywear.com\/sk\/wp-json\/wp\/v2\/media\/129760"}],"wp:attachment":[{"href":"https:\/\/www.customywear.com\/sk\/wp-json\/wp\/v2\/media?parent=129677"}],"wp:term":[{"taxonomy":"product_brand","embeddable":true,"href":"https:\/\/www.customywear.com\/sk\/wp-json\/wp\/v2\/product_brand?post=129677"},{"taxonomy":"product_cat","embeddable":true,"href":"https:\/\/www.customywear.com\/sk\/wp-json\/wp\/v2\/product_cat?post=129677"},{"taxonomy":"product_tag","embeddable":true,"href":"https:\/\/www.customywear.com\/sk\/wp-json\/wp\/v2\/product_tag?post=129677"}],"curies":[{"name":"wp","href":"https:\/\/api.w.org\/{rel}","templated":true}]}}