{"id":129706,"date":"2025-04-11T12:47:15","date_gmt":"2025-04-11T12:47:15","guid":{"rendered":"https:\/\/www.customywear.com\/?post_type=product&#038;p=129706"},"modified":"2026-05-05T20:24:06","modified_gmt":"2026-05-05T20:24:06","slug":"panske-tricko-s-vojenskou-fotografiou-na-mieru","status":"publish","type":"product","link":"https:\/\/www.customywear.com\/sk\/custom-military-photo-t-shirt-men\/","title":{"rendered":"P\u00e1nske tri\u010dko s vojenskou fotografiou na mieru \u2013 personalizovan\u00fd dar\u010dek pre vojakov a veter\u00e1nov, jedine\u010dn\u00e9 tri\u010dko s umeleck\u00fdm dielom a arm\u00e1dnou tematikou"},"content":{"rendered":"<p>Oslavujte vojensk\u00fa hrdos\u0165 s na\u0161\u00edm personalizovan\u00fdm p\u00e1nskym tri\u010dkom s vojenskou fotografiou na mieru, ktor\u00e9 je perfektn\u00fdm dar\u010dekom pre vojakov, veter\u00e1nov a milovn\u00edkov arm\u00e1dy. Sta\u010d\u00ed nahra\u0165 fotografiu a my ju premen\u00edme na \u00fa\u017easn\u00fa ilustr\u00e1ciu postavy arm\u00e1dy zasaden\u00fa do realistickej bojovej sc\u00e9ny. Toto tri\u010dko je vyroben\u00e9 zo 100 % m\u00e4kkej bavlny a potla\u010den\u00e9 vysoko kvalitn\u00fdmi technikami DTG a pon\u00faka neprekonate\u013en\u00e9 pohodlie, priedu\u0161nos\u0165 a \u017eiariv\u00e9 a trv\u00e1cne detaily. \u010ci u\u017e na narodeniny, v\u00fdro\u010dia, prom\u00f3cie alebo len tak \u2013 bud\u00fa ho nosi\u0165 s hrdos\u0165ou a rados\u0165ou.<\/p>","protected":false},"excerpt":{"rendered":"<p>Uctievajte veter\u00e1nov tri\u010dkom Custom Military Photo pre mu\u017eov. Personalizovan\u00e9 tri\u010dk\u00e1 s arm\u00e1dnou tematikou premenia ak\u00fako\u013evek fotografiu na odv\u00e1\u017ene, jedine\u010dn\u00e9 tri\u010dko.<\/p>","protected":false},"featured_media":129739,"comment_status":"open","ping_status":"closed","template":"","meta":{"_acf_changed":false},"product_brand":[],"product_cat":[6195,6324,186,6341,6412,6428],"product_tag":[6433,6327,6216],"class_list":{"0":"post-129706","1":"product","2":"type-product","3":"status-publish","4":"has-post-thumbnail","6":"product_cat-t-shirts-men","7":"product_cat-custom-gifts-ai-army","8":"product_cat-men","9":"product_cat-mens-profession-t-shirts","10":"product_cat-photo-to-tees","11":"product_cat-translate-products","12":"product_tag-ai-artwork","13":"product_tag-custom-photo-t-shirt-for-men","14":"product_tag-mens-custom-t-shirts","16":"first","17":"instock","18":"taxable","19":"shipping-taxable","20":"purchasable","21":"product-type-simple"},"acf":[],"wcpa_form_fields":null,"_links":{"self":[{"href":"https:\/\/www.customywear.com\/sk\/wp-json\/wp\/v2\/product\/129706","targetHints":{"allow":["GET"]}}],"collection":[{"href":"https:\/\/www.customywear.com\/sk\/wp-json\/wp\/v2\/product"}],"about":[{"href":"https:\/\/www.customywear.com\/sk\/wp-json\/wp\/v2\/types\/product"}],"replies":[{"embeddable":true,"href":"https:\/\/www.customywear.com\/sk\/wp-json\/wp\/v2\/comments?post=129706"}],"wp:featuredmedia":[{"embeddable":true,"href":"https:\/\/www.customywear.com\/sk\/wp-json\/wp\/v2\/media\/129739"}],"wp:attachment":[{"href":"https:\/\/www.customywear.com\/sk\/wp-json\/wp\/v2\/media?parent=129706"}],"wp:term":[{"taxonomy":"product_brand","embeddable":true,"href":"https:\/\/www.customywear.com\/sk\/wp-json\/wp\/v2\/product_brand?post=129706"},{"taxonomy":"product_cat","embeddable":true,"href":"https:\/\/www.customywear.com\/sk\/wp-json\/wp\/v2\/product_cat?post=129706"},{"taxonomy":"product_tag","embeddable":true,"href":"https:\/\/www.customywear.com\/sk\/wp-json\/wp\/v2\/product_tag?post=129706"}],"curies":[{"name":"wp","href":"https:\/\/api.w.org\/{rel}","templated":true}]}}