{"id":130168,"date":"2025-04-25T11:07:09","date_gmt":"2025-04-25T11:07:09","guid":{"rendered":"https:\/\/www.customywear.com\/?post_type=product&#038;p=130168"},"modified":"2026-05-07T15:29:31","modified_gmt":"2026-05-07T15:29:31","slug":"tricko-toddler-dievca-chef-na-mieru","status":"publish","type":"product","link":"https:\/\/www.customywear.com\/sk\/toddler-girl-personalized-chef-tshirt\/","title":{"rendered":"Vlastn\u00e9 Kuch\u00e1r T-Shirt pre Bato\u013ea Diev\u010dat\u00e1 \u2013 Osobn\u00fd Dar\u010dek pre Mal\u00e9 Pek\u00e1rne, Mini Kuch\u00e1ri, Pe\u010divo Bud\u00facnosti Queens &amp; BBQ Hviezdy"},"content":{"rendered":"<p>Nech sa va\u0161e bato\u013ea diev\u010da kulin\u00e1rske sny vzia\u0165 letu s na\u0161imi rozko\u0161n\u00fd Zvyk Kuch\u00e1r T-Shirt! Tento jedine\u010dn\u00fd osobn\u00fd dar\u010dek transformuje v\u00e1\u0161 mal\u00fd princezn\u00e1 foto do o\u010daruj\u00face mini kuch\u00e1r, kompletn\u00fd s roztomil\u00fd \u0161\u00e9fkuch\u00e1ra klob\u00fak a kuchyne \u0161peciality. \u010ci ona je predstavi\u0165 seba ako pe\u010divo kr\u00e1\u013eovn\u00e1, GRIL majster, alebo kuchynsk\u00fd pomocn\u00edk, tento hrav\u00fd t-shirt pal\u00edv tvorivosti a z\u00e1bavy. Vyroben\u00e9 z m\u00e4kk\u00e9ho, priedu\u0161n\u00fd 100% bavlny a hraj\u00fa \u017eiariv\u00e9, dlho-trvaj\u00face DTG tla\u010d, zabezpe\u010duje pohodlie a trvanlivosti prostredn\u00edctvom ka\u017ed\u00e9 dobrodru\u017estvo. Perfektn\u00fd drahocenn\u00e1 pamiatka na narodeniny, sviatky, alebo \u017eiadne \u0161peci\u00e1lne oslavy, ktor\u00e9 urob\u00ed, jej \u00fasmev big!<\/p>","protected":false},"excerpt":{"rendered":"<p>In\u0161pirujte mal\u00fdch kuch\u00e1rov tri\u010dkom Custom Chef pre bato\u013eat\u00e1. Personalizovan\u00e9 dar\u010deky premenia ak\u00fako\u013evek fotografiu na hrav\u00e9, jedine\u010dn\u00e9 tri\u010dko.<\/p>","protected":false},"featured_media":130380,"comment_status":"open","ping_status":"closed","template":"","meta":{"_acf_changed":false},"product_brand":[],"product_cat":[6207,6325,6412,6428],"product_tag":[6433,6439,6221],"class_list":{"0":"post-130168","1":"product","2":"type-product","3":"status-publish","4":"has-post-thumbnail","6":"product_cat-toddler-girl-t-shirts","7":"product_cat-custom-gifts-chef-artworks","8":"product_cat-photo-to-tees","9":"product_cat-translate-products","10":"product_tag-ai-artwork","11":"product_tag-ai-kids-artwork","12":"product_tag-custom-t-shirts-near-me","14":"first","15":"instock","16":"taxable","17":"shipping-taxable","18":"purchasable","19":"product-type-simple"},"acf":[],"wcpa_form_fields":null,"_links":{"self":[{"href":"https:\/\/www.customywear.com\/sk\/wp-json\/wp\/v2\/product\/130168","targetHints":{"allow":["GET"]}}],"collection":[{"href":"https:\/\/www.customywear.com\/sk\/wp-json\/wp\/v2\/product"}],"about":[{"href":"https:\/\/www.customywear.com\/sk\/wp-json\/wp\/v2\/types\/product"}],"replies":[{"embeddable":true,"href":"https:\/\/www.customywear.com\/sk\/wp-json\/wp\/v2\/comments?post=130168"}],"wp:featuredmedia":[{"embeddable":true,"href":"https:\/\/www.customywear.com\/sk\/wp-json\/wp\/v2\/media\/130380"}],"wp:attachment":[{"href":"https:\/\/www.customywear.com\/sk\/wp-json\/wp\/v2\/media?parent=130168"}],"wp:term":[{"taxonomy":"product_brand","embeddable":true,"href":"https:\/\/www.customywear.com\/sk\/wp-json\/wp\/v2\/product_brand?post=130168"},{"taxonomy":"product_cat","embeddable":true,"href":"https:\/\/www.customywear.com\/sk\/wp-json\/wp\/v2\/product_cat?post=130168"},{"taxonomy":"product_tag","embeddable":true,"href":"https:\/\/www.customywear.com\/sk\/wp-json\/wp\/v2\/product_tag?post=130168"}],"curies":[{"name":"wp","href":"https:\/\/api.w.org\/{rel}","templated":true}]}}