{"id":130196,"date":"2025-04-25T11:07:10","date_gmt":"2025-04-25T11:07:10","guid":{"rendered":"https:\/\/www.customywear.com\/?post_type=product&#038;p=130196"},"modified":"2026-05-07T15:29:31","modified_gmt":"2026-05-07T15:29:31","slug":"personalizovane-chlapec-shef-tricko","status":"publish","type":"product","link":"https:\/\/www.customywear.com\/sk\/custom-chef-tshirt-for-boys\/","title":{"rendered":"Vlastn\u00e9 Varenie Kuch\u00e1r T-Shirt pre Chlapcov \u2013 Osobn\u00fd Dar\u010dek pre Mlad\u00fdch \u0160\u00e9fkuch\u00e1rov, Bud\u00facnosti Gril Majstrov, Pe\u010divo Umelcov &amp; Kulin\u00e1rske \u0160tudentov"},"content":{"rendered":"<p class=\"\" data-start=\"368\" data-end=\"963\">In\u0161pirova\u0165 va\u0161e die\u0165a kulin\u00e1rske sny s na\u0161e Vlastn\u00e9 Varenie Kuch\u00e1r T-Tri\u010dko pre Chlapcov, osobn\u00e9 oto\u010den\u00edm svoje fotografie do \u017eivej ved\u00faci kuch\u00e1r umeleck\u00e9 diela! Vyroben\u00e9 zo 100% m\u00e4kk\u00e1 bavlna, tento odoln\u00fd, pohodln\u00e9 tri\u010dko je ide\u00e1lny pre mlad\u00fdch \u0161\u00e9fkuch\u00e1rov, za\u010d\u00ednaj\u00facich gril majstrov, pe\u010divo umelcov, alebo kulin\u00e1rske \u0161tudentov. Hraj\u00fa premium DTG tla\u010d, design zost\u00e1va \u017eiv\u00e9 um\u00fdvanie po um\u00fdvanie. Ide\u00e1lne pre narodeniny, sviatky, propag\u00e1ciu, alebo ak\u00fako\u013evek oslavu, vlastn\u00e9 t-shirt je premyslen\u00e9, motivuj\u00face dar, ktor\u00fd umo\u017e\u0148uje deti nosi\u0165 svoje v\u00e1\u0161ne s hrdos\u0165ou!<\/p>","protected":false},"excerpt":{"rendered":"<p>Varte si z\u00e1bavu s tri\u010dkom Cooking Chef pre chlapcov. Personalizovan\u00e9 dar\u010deky premenia ak\u00fako\u013evek fotografiu na hrav\u00e9, jedine\u010dn\u00e9 tri\u010dko pre mlad\u00fdch kuch\u00e1rov.<\/p>","protected":false},"featured_media":130325,"comment_status":"open","ping_status":"closed","template":"","meta":{"_acf_changed":false},"product_brand":[],"product_cat":[6189,6325,6412,6428],"product_tag":[6433,6439,6221,6330],"class_list":{"0":"post-130196","1":"product","2":"type-product","3":"status-publish","4":"has-post-thumbnail","6":"product_cat-boys-t-shirts","7":"product_cat-custom-gifts-chef-artworks","8":"product_cat-photo-to-tees","9":"product_cat-translate-products","10":"product_tag-ai-artwork","11":"product_tag-ai-kids-artwork","12":"product_tag-custom-t-shirts-near-me","13":"product_tag-photo-print-t-shirt-for-boys","15":"first","16":"instock","17":"taxable","18":"shipping-taxable","19":"purchasable","20":"product-type-simple"},"acf":[],"wcpa_form_fields":null,"_links":{"self":[{"href":"https:\/\/www.customywear.com\/sk\/wp-json\/wp\/v2\/product\/130196","targetHints":{"allow":["GET"]}}],"collection":[{"href":"https:\/\/www.customywear.com\/sk\/wp-json\/wp\/v2\/product"}],"about":[{"href":"https:\/\/www.customywear.com\/sk\/wp-json\/wp\/v2\/types\/product"}],"replies":[{"embeddable":true,"href":"https:\/\/www.customywear.com\/sk\/wp-json\/wp\/v2\/comments?post=130196"}],"wp:featuredmedia":[{"embeddable":true,"href":"https:\/\/www.customywear.com\/sk\/wp-json\/wp\/v2\/media\/130325"}],"wp:attachment":[{"href":"https:\/\/www.customywear.com\/sk\/wp-json\/wp\/v2\/media?parent=130196"}],"wp:term":[{"taxonomy":"product_brand","embeddable":true,"href":"https:\/\/www.customywear.com\/sk\/wp-json\/wp\/v2\/product_brand?post=130196"},{"taxonomy":"product_cat","embeddable":true,"href":"https:\/\/www.customywear.com\/sk\/wp-json\/wp\/v2\/product_cat?post=130196"},{"taxonomy":"product_tag","embeddable":true,"href":"https:\/\/www.customywear.com\/sk\/wp-json\/wp\/v2\/product_tag?post=130196"}],"curies":[{"name":"wp","href":"https:\/\/api.w.org\/{rel}","templated":true}]}}