{"id":130213,"date":"2025-04-25T11:07:10","date_gmt":"2025-04-25T11:07:10","guid":{"rendered":"https:\/\/www.customywear.com\/?post_type=product&#038;p=130213"},"modified":"2026-05-07T15:29:31","modified_gmt":"2026-05-07T15:29:31","slug":"tricko-toddler-chlapec-chef-personalizovane","status":"publish","type":"product","link":"https:\/\/www.customywear.com\/sk\/toddler-boy-custom-chef-tshirt\/","title":{"rendered":"Vlastn\u00e9 Kuch\u00e1r T-Shirt pre Bato\u013ea Chlapci \u2013 Personalizovan\u00e9 Foto Dar\u010dek pre mal\u00fdch Bud\u00facich Kuch\u00e1rov, Gril Majstrov, Pe\u010divo Odborn\u00edkov &amp; Viac"},"content":{"rendered":"<p>Zap\u00e1li\u0165 va\u0161e bato\u013ea chlapec sn\u00edva s na\u0161e Vlastn\u00e9 Kuch\u00e1r T-Shirt, navrhnut\u00fd tak, aby zase va\u0161e die\u0165atko do kulin\u00e1rske hviezda! Nahrajte va\u0161e die\u0165a je rozko\u0161n\u00fd fotografie a sledova\u0165 ho transformova\u0165 do ved\u00faci kuch\u00e1r dielo, kompletn\u00fd s \u0161\u00e9fkuch\u00e1ra klob\u00fak a chutn\u00e9 pokrmy v ruke. Ide\u00e1lne pre narodeniny, sviatky a \u0161peci\u00e1lne pr\u00edle\u017eitosti, toto unik\u00e1tne a z\u00e1bavn\u00e9 t-shirt in\u0161piruje k tvorivosti a hrav\u00e9 dobrodru\u017estvo. Vyroben\u00e9 z ultra-m\u00e4kk\u00e9, 100% pr\u00e9miov\u00e1 bavlna a tla\u010den\u00e9 s \u017eiv\u00fdmi, odoln\u00e9 DTG technol\u00f3gie, pon\u00faka pohodlie a trval\u00e9 spomienky. Mus\u00ed ma\u0165 osobn\u00fd dar\u010dek pre ak\u00fdko\u013evek mal\u00fd za\u010d\u00ednaj\u00faci kuch\u00e1r!<\/p>","protected":false},"excerpt":{"rendered":"<p>In\u0161pirujte bud\u00facich kuch\u00e1rov tri\u010dkom Custom Chef pre bato\u013eat\u00e1 chlapcov. Personalizovan\u00e9 fotografick\u00e9 dar\u010deky premenia ak\u00fako\u013evek fotografiu na z\u00e1bavn\u00e9, jedine\u010dn\u00e9 tri\u010dko.<\/p>","protected":false},"featured_media":130368,"comment_status":"open","ping_status":"closed","template":"","meta":{"_acf_changed":false},"product_brand":[],"product_cat":[6209,6325,6412,6428],"product_tag":[6433,6439,6221],"class_list":{"0":"post-130213","1":"product","2":"type-product","3":"status-publish","4":"has-post-thumbnail","6":"product_cat-toddler-boy-t-shirts","7":"product_cat-custom-gifts-chef-artworks","8":"product_cat-photo-to-tees","9":"product_cat-translate-products","10":"product_tag-ai-artwork","11":"product_tag-ai-kids-artwork","12":"product_tag-custom-t-shirts-near-me","14":"first","15":"instock","16":"taxable","17":"shipping-taxable","18":"purchasable","19":"product-type-simple"},"acf":[],"wcpa_form_fields":null,"_links":{"self":[{"href":"https:\/\/www.customywear.com\/sk\/wp-json\/wp\/v2\/product\/130213","targetHints":{"allow":["GET"]}}],"collection":[{"href":"https:\/\/www.customywear.com\/sk\/wp-json\/wp\/v2\/product"}],"about":[{"href":"https:\/\/www.customywear.com\/sk\/wp-json\/wp\/v2\/types\/product"}],"replies":[{"embeddable":true,"href":"https:\/\/www.customywear.com\/sk\/wp-json\/wp\/v2\/comments?post=130213"}],"wp:featuredmedia":[{"embeddable":true,"href":"https:\/\/www.customywear.com\/sk\/wp-json\/wp\/v2\/media\/130368"}],"wp:attachment":[{"href":"https:\/\/www.customywear.com\/sk\/wp-json\/wp\/v2\/media?parent=130213"}],"wp:term":[{"taxonomy":"product_brand","embeddable":true,"href":"https:\/\/www.customywear.com\/sk\/wp-json\/wp\/v2\/product_brand?post=130213"},{"taxonomy":"product_cat","embeddable":true,"href":"https:\/\/www.customywear.com\/sk\/wp-json\/wp\/v2\/product_cat?post=130213"},{"taxonomy":"product_tag","embeddable":true,"href":"https:\/\/www.customywear.com\/sk\/wp-json\/wp\/v2\/product_tag?post=130213"}],"curies":[{"name":"wp","href":"https:\/\/api.w.org\/{rel}","templated":true}]}}