{"id":130224,"date":"2025-04-25T11:07:10","date_gmt":"2025-04-25T11:07:10","guid":{"rendered":"https:\/\/www.customywear.com\/?post_type=product&#038;p=130224"},"modified":"2026-05-05T20:23:26","modified_gmt":"2026-05-05T20:23:26","slug":"tricko-darcek-zeny-kuchar-na-mieru","status":"publish","type":"product","link":"https:\/\/www.customywear.com\/sk\/custom-womens-chef-tshirt-gift\/","title":{"rendered":"Vlastn\u00e9 \u017dien Kuch\u00e1r T-Shirt \u2013 Osobn\u00fd Dar\u010dek pre Re\u0161taur\u00e1cia Kuch\u00e1ri, BBQ Majstrov, Kulin\u00e1rske \u0160tudenti &amp; Varenie Milovn\u00edkov"},"content":{"rendered":"<p>Oslavova\u0165 kulin\u00e1rske nad\u0161enie s na\u0161e Vlastn\u00e9 \u017dien Re\u0161taur\u00e1cia Kuch\u00e1r T-Shirt, odborne prisp\u00f4soben\u00fdch z va\u0161ej fotografie do ved\u00faci kuch\u00e1r dielo. Vyroben\u00e9 z 100% m\u00e4kkej bavlny pre vynikaj\u00face pohodlie a odolnos\u0165, tento t-shirt je ide\u00e1lny pre re\u0161taur\u00e1cie, kuch\u00e1ri, pe\u010divo umelcov, gril majstrov, kulin\u00e1rske \u0161tudentov, a jedlo pre milovn\u00edkov. Hraj\u00fa \u017eiariv\u00e9, dlho-trvaj\u00face DTG tla\u010d, je to ide\u00e1lny dar\u010dek na narodeniny, svadby, v\u00fdro\u010dia, alebo akcie. Predvies\u0165 svoju l\u00e1sku na varenie s \u0161t\u00fdlov\u00fd, jedine\u010dn\u00fd kus, ktor\u00fd zmen\u00ed v\u00e1\u0161 kuchynsk\u00e9 dobrodru\u017estvo do nosite\u013en\u00e9 umenie!<\/p>","protected":false},"excerpt":{"rendered":"<p>Cook in style with a Custom Women&#8217;s Chef T-Shirt. Personalized Gifts for Culinary Lovers turn any photo into a bold, one-of-a-kind t-shirt.<\/p>","protected":false},"featured_media":130304,"comment_status":"open","ping_status":"closed","template":"","meta":{"_acf_changed":false},"product_brand":[],"product_cat":[6191,6325,6412,6428,75,6354],"product_tag":[6214,6433,6328,229,6215],"class_list":{"0":"post-130224","1":"product","2":"type-product","3":"status-publish","4":"has-post-thumbnail","6":"product_cat-t-shirts-women","7":"product_cat-custom-gifts-chef-artworks","8":"product_cat-photo-to-tees","9":"product_cat-translate-products","10":"product_cat-women","11":"product_cat-womens-profession-t-shirts","12":"product_tag-affordable-custom-t-shirts","13":"product_tag-ai-artwork","14":"product_tag-custom-image-t-shirt-for-women","15":"product_tag-custom-tee-shirts","16":"product_tag-screen-printing-near-me","18":"first","19":"instock","20":"taxable","21":"shipping-taxable","22":"purchasable","23":"product-type-simple"},"acf":[],"wcpa_form_fields":null,"_links":{"self":[{"href":"https:\/\/www.customywear.com\/sk\/wp-json\/wp\/v2\/product\/130224","targetHints":{"allow":["GET"]}}],"collection":[{"href":"https:\/\/www.customywear.com\/sk\/wp-json\/wp\/v2\/product"}],"about":[{"href":"https:\/\/www.customywear.com\/sk\/wp-json\/wp\/v2\/types\/product"}],"replies":[{"embeddable":true,"href":"https:\/\/www.customywear.com\/sk\/wp-json\/wp\/v2\/comments?post=130224"}],"wp:featuredmedia":[{"embeddable":true,"href":"https:\/\/www.customywear.com\/sk\/wp-json\/wp\/v2\/media\/130304"}],"wp:attachment":[{"href":"https:\/\/www.customywear.com\/sk\/wp-json\/wp\/v2\/media?parent=130224"}],"wp:term":[{"taxonomy":"product_brand","embeddable":true,"href":"https:\/\/www.customywear.com\/sk\/wp-json\/wp\/v2\/product_brand?post=130224"},{"taxonomy":"product_cat","embeddable":true,"href":"https:\/\/www.customywear.com\/sk\/wp-json\/wp\/v2\/product_cat?post=130224"},{"taxonomy":"product_tag","embeddable":true,"href":"https:\/\/www.customywear.com\/sk\/wp-json\/wp\/v2\/product_tag?post=130224"}],"curies":[{"name":"wp","href":"https:\/\/api.w.org\/{rel}","templated":true}]}}