{"id":130253,"date":"2025-04-25T11:07:10","date_gmt":"2025-04-25T11:07:10","guid":{"rendered":"https:\/\/www.customywear.com\/?post_type=product&#038;p=130253"},"modified":"2026-05-05T20:24:06","modified_gmt":"2026-05-05T20:24:06","slug":"personalizovane-tricko-shef-muz-darcek-pre-kucharov","status":"publish","type":"product","link":"https:\/\/www.customywear.com\/sk\/custom-mens-chef-tshirt-gift-for-cooks\/","title":{"rendered":"Vlastn\u00e9 Mu\u017eov Kuch\u00e1r T-Shirt \u2013 Osobn\u00fd Dar\u010dek pre Kuch\u00e1rov, Gril Majstrov, BBQ Kuch\u00e1rov, Kuch\u00e1rske \u0160tudenti &amp; Restaurant Profesion\u00e1lov"},"content":{"rendered":"<p>Osl\u00e1vte svoju l\u00e1sku na varenie s t\u00fdmto Vlastn\u00e9 Mu\u017eov Kuch\u00e1r T-Shirt \u2013 osobn\u00e9 ide\u00e1lny dar\u010dek pre kuch\u00e1rov, gril majstrov, BBQ milovn\u00edkov kulin\u00e1rskych \u0161tudentov, potrav\u00edn a nad\u0161encov. Vyroben\u00e9 zo 100% bavlny premium s trvanliv\u00e9 DTG tla\u010d, toto tri\u010dko funkcie vlastn\u00e9 digit\u00e1lne umeleck\u00e9 diela na z\u00e1klade va\u0161ej fotografie, s\u00fastru\u017eenie v\u00e1m do hlavy kuch\u00e1r va\u0161ej kuchyne. Ide\u00e1lne pre narodeniny, v\u00fdro\u010dia, propag\u00e1ciu, alebo len predvies\u0165 kulin\u00e1rske pride, to je tak jedine\u010dn\u00fd drahocenn\u00e1 pamiatka a \u0161t\u00fdlov\u00fd kus nosite\u013en\u00e9 umenie.<\/p>","protected":false},"excerpt":{"rendered":"<p>Celebrate culinary professionals with a Custom Men&#8217;s Chef T-Shirt. Personalized Gifts for Cooks transform any photo into a unique, one-of-a-kind t-shirt.<\/p>","protected":false},"featured_media":130397,"comment_status":"open","ping_status":"closed","template":"","meta":{"_acf_changed":false},"product_brand":[],"product_cat":[6195,6325,186,6341,6412,6428],"product_tag":[6433,6327,6216],"class_list":{"0":"post-130253","1":"product","2":"type-product","3":"status-publish","4":"has-post-thumbnail","6":"product_cat-t-shirts-men","7":"product_cat-custom-gifts-chef-artworks","8":"product_cat-men","9":"product_cat-mens-profession-t-shirts","10":"product_cat-photo-to-tees","11":"product_cat-translate-products","12":"product_tag-ai-artwork","13":"product_tag-custom-photo-t-shirt-for-men","14":"product_tag-mens-custom-t-shirts","16":"first","17":"instock","18":"taxable","19":"shipping-taxable","20":"purchasable","21":"product-type-simple"},"acf":[],"wcpa_form_fields":null,"_links":{"self":[{"href":"https:\/\/www.customywear.com\/sk\/wp-json\/wp\/v2\/product\/130253","targetHints":{"allow":["GET"]}}],"collection":[{"href":"https:\/\/www.customywear.com\/sk\/wp-json\/wp\/v2\/product"}],"about":[{"href":"https:\/\/www.customywear.com\/sk\/wp-json\/wp\/v2\/types\/product"}],"replies":[{"embeddable":true,"href":"https:\/\/www.customywear.com\/sk\/wp-json\/wp\/v2\/comments?post=130253"}],"wp:featuredmedia":[{"embeddable":true,"href":"https:\/\/www.customywear.com\/sk\/wp-json\/wp\/v2\/media\/130397"}],"wp:attachment":[{"href":"https:\/\/www.customywear.com\/sk\/wp-json\/wp\/v2\/media?parent=130253"}],"wp:term":[{"taxonomy":"product_brand","embeddable":true,"href":"https:\/\/www.customywear.com\/sk\/wp-json\/wp\/v2\/product_brand?post=130253"},{"taxonomy":"product_cat","embeddable":true,"href":"https:\/\/www.customywear.com\/sk\/wp-json\/wp\/v2\/product_cat?post=130253"},{"taxonomy":"product_tag","embeddable":true,"href":"https:\/\/www.customywear.com\/sk\/wp-json\/wp\/v2\/product_tag?post=130253"}],"curies":[{"name":"wp","href":"https:\/\/api.w.org\/{rel}","templated":true}]}}