{"id":133485,"date":"2025-05-16T12:39:34","date_gmt":"2025-05-16T12:39:34","guid":{"rendered":"https:\/\/www.customywear.com\/?post_type=product&#038;p=133485"},"modified":"2026-05-07T15:29:31","modified_gmt":"2026-05-07T15:29:31","slug":"tricko-dievcata-danska-vlajka-na-mieru","status":"publish","type":"product","link":"https:\/\/www.customywear.com\/sk\/girls-danish-flag-custom-t-shirt\/","title":{"rendered":"Diev\u010densk\u00e9 tri\u010dko s d\u00e1nskou vlajkou na mieru \u2013 personalizovan\u00fd portr\u00e9t v \u0161at\u00e1ch s d\u00e1nskou vlajkou | Detsk\u00fd kult\u00farny dar\u010dek ako pamiatka"},"content":{"rendered":"<p>Preme\u0148te ob\u013e\u00faben\u00fa fotografiu va\u0161ej dc\u00e9rky na p\u00f4vabn\u00e9 umeleck\u00e9 dielo, ktor\u00e9 si m\u00f4\u017eete nosi\u0165, s na\u0161\u00edm tri\u010dkom s d\u00e1nskou vlajkou na mieru. Toto tri\u010dko zo 100 % m\u00e4kkej bavlny s rozko\u0161n\u00fdm pozad\u00edm in\u0161pirovan\u00fdm D\u00e1nskom a va\u0161ou dc\u00e9rou premenenou na rozmarn\u00fa postavi\u010dku v tradi\u010dn\u00fdch \u0161at\u00e1ch s d\u00e1nskou vlajkou je potla\u010den\u00e9 DTG farbami odoln\u00fdmi vo\u010di vyblednutiu pre dlhotrvaj\u00facu \u017eiarivos\u0165. Je ide\u00e1lne na narodeniny, svadby, rodinn\u00e9 v\u00fdlety alebo ak\u00fako\u013evek pr\u00edle\u017eitos\u0165 oslavuj\u00facu d\u00e1nske dedi\u010dstvo. Je to personalizovan\u00fd suven\u00edr, ktor\u00fd prinesie rados\u0165 a kult\u00farnu hrdos\u0165 do ka\u017ed\u00e9ho \u0161atn\u00edka.<\/p>","protected":false},"excerpt":{"rendered":"<p>Osl\u00e1vte dedi\u010dstvo s diev\u010densk\u00fdm tri\u010dkom s vlastnou d\u00e1nskou vlajkou. Personalizovan\u00e9 fotografick\u00e9 portr\u00e9ty v d\u00e1nskych vlajkov\u00fdch \u0161at\u00e1ch premenia ka\u017ed\u00fa fotografiu na kult\u00farne tri\u010dko pre deti.<\/p>","protected":false},"featured_media":133604,"comment_status":"open","ping_status":"closed","template":"","meta":{"_acf_changed":false},"product_brand":[],"product_cat":[6193,6379,152,6412,6428,58],"product_tag":[6433,6439,6331,6221],"class_list":{"0":"post-133485","1":"product","2":"type-product","3":"status-publish","4":"has-post-thumbnail","6":"product_cat-girls-t-shirts","7":"product_cat-custom-gifts-denmark-culture","8":"product_cat-girls","9":"product_cat-photo-to-tees","10":"product_cat-translate-products","11":"product_cat-youth-kids","12":"product_tag-ai-artwork","13":"product_tag-ai-kids-artwork","14":"product_tag-custom-picture-t-shirt-for-girls","15":"product_tag-custom-t-shirts-near-me","17":"first","18":"instock","19":"taxable","20":"shipping-taxable","21":"purchasable","22":"product-type-simple"},"acf":[],"wcpa_form_fields":null,"_links":{"self":[{"href":"https:\/\/www.customywear.com\/sk\/wp-json\/wp\/v2\/product\/133485","targetHints":{"allow":["GET"]}}],"collection":[{"href":"https:\/\/www.customywear.com\/sk\/wp-json\/wp\/v2\/product"}],"about":[{"href":"https:\/\/www.customywear.com\/sk\/wp-json\/wp\/v2\/types\/product"}],"replies":[{"embeddable":true,"href":"https:\/\/www.customywear.com\/sk\/wp-json\/wp\/v2\/comments?post=133485"}],"wp:featuredmedia":[{"embeddable":true,"href":"https:\/\/www.customywear.com\/sk\/wp-json\/wp\/v2\/media\/133604"}],"wp:attachment":[{"href":"https:\/\/www.customywear.com\/sk\/wp-json\/wp\/v2\/media?parent=133485"}],"wp:term":[{"taxonomy":"product_brand","embeddable":true,"href":"https:\/\/www.customywear.com\/sk\/wp-json\/wp\/v2\/product_brand?post=133485"},{"taxonomy":"product_cat","embeddable":true,"href":"https:\/\/www.customywear.com\/sk\/wp-json\/wp\/v2\/product_cat?post=133485"},{"taxonomy":"product_tag","embeddable":true,"href":"https:\/\/www.customywear.com\/sk\/wp-json\/wp\/v2\/product_tag?post=133485"}],"curies":[{"name":"wp","href":"https:\/\/api.w.org\/{rel}","templated":true}]}}