{"id":133490,"date":"2025-05-16T12:39:35","date_gmt":"2025-05-16T12:39:35","guid":{"rendered":"https:\/\/www.customywear.com\/?post_type=product&#038;p=133490"},"modified":"2026-05-07T15:29:31","modified_gmt":"2026-05-07T15:29:31","slug":"chlapci-dansko-dedicstvo-personalizovane-tricko","status":"publish","type":"product","link":"https:\/\/www.customywear.com\/sk\/boys-denmark-heritage-custom-t-shirt\/","title":{"rendered":"Chlap\u010densk\u00e9 tri\u010dko s n\u00e1pisom D\u00e1nske dedi\u010dstvo \u2013 personalizovan\u00e1 fotografia postavi\u010dky v \u0161at\u00e1ch s d\u00e1nskou vlajkou | Detsk\u00fd kult\u00farny dar\u010dek na pamiatku"},"content":{"rendered":"<p>Preme\u0148te ob\u013e\u00faben\u00fa fotografiu v\u00e1\u0161ho chlapca na hrav\u00e9 nosite\u013en\u00e9 umeleck\u00e9 dielo s na\u0161\u00edm tri\u010dkom Denmark Heritage Custom. Toto tri\u010dko zo 100 % m\u00e4kkej bavlny s \u017eiv\u00fdm pozad\u00edm in\u0161pirovan\u00fdm D\u00e1nskom a va\u0161\u00edm die\u0165a\u0165om v podobe rozko\u0161nej postavi\u010dky oble\u010denej v tradi\u010dnom d\u00e1nskom vlajkovom oble\u010den\u00ed je potla\u010den\u00e9 odoln\u00fdmi DTG farbami pre trv\u00e1cnu kvalitu. Je perfektn\u00e9 ako personalizovan\u00fd suven\u00edr alebo dar\u010dek od srdca, oslavuje d\u00e1nsku kult\u00faru a roz\u017eiari ka\u017ed\u00fa spomienku \u2013 ide\u00e1lne na narodeniny, v\u00fdro\u010dia, rodinn\u00e9 v\u00fdlety alebo pre ka\u017ed\u00e9ho, kto si cen\u00ed bohat\u00e9 dedi\u010dstvo D\u00e1nska.<\/p>","protected":false},"excerpt":{"rendered":"<p>Uctievajte trad\u00edciu s chlap\u010densk\u00fdm tri\u010dkom s dedi\u010dstvom d\u00e1nskeho dedi\u010dstva. Personalizovan\u00e9 fotografick\u00e9 postavy v d\u00e1nskych vlajkov\u00fdch \u0161at\u00e1ch premenia ak\u00fako\u013evek fotografiu na jedine\u010dn\u00e9 kult\u00farne tri\u010dko.<\/p>","protected":false},"featured_media":133583,"comment_status":"open","ping_status":"closed","template":"","meta":{"_acf_changed":false},"product_brand":[],"product_cat":[6189,6379,6412,6428],"product_tag":[6433,6439,6221,6330],"class_list":{"0":"post-133490","1":"product","2":"type-product","3":"status-publish","4":"has-post-thumbnail","6":"product_cat-boys-t-shirts","7":"product_cat-custom-gifts-denmark-culture","8":"product_cat-photo-to-tees","9":"product_cat-translate-products","10":"product_tag-ai-artwork","11":"product_tag-ai-kids-artwork","12":"product_tag-custom-t-shirts-near-me","13":"product_tag-photo-print-t-shirt-for-boys","15":"first","16":"instock","17":"taxable","18":"shipping-taxable","19":"purchasable","20":"product-type-simple"},"acf":[],"wcpa_form_fields":null,"_links":{"self":[{"href":"https:\/\/www.customywear.com\/sk\/wp-json\/wp\/v2\/product\/133490","targetHints":{"allow":["GET"]}}],"collection":[{"href":"https:\/\/www.customywear.com\/sk\/wp-json\/wp\/v2\/product"}],"about":[{"href":"https:\/\/www.customywear.com\/sk\/wp-json\/wp\/v2\/types\/product"}],"replies":[{"embeddable":true,"href":"https:\/\/www.customywear.com\/sk\/wp-json\/wp\/v2\/comments?post=133490"}],"wp:featuredmedia":[{"embeddable":true,"href":"https:\/\/www.customywear.com\/sk\/wp-json\/wp\/v2\/media\/133583"}],"wp:attachment":[{"href":"https:\/\/www.customywear.com\/sk\/wp-json\/wp\/v2\/media?parent=133490"}],"wp:term":[{"taxonomy":"product_brand","embeddable":true,"href":"https:\/\/www.customywear.com\/sk\/wp-json\/wp\/v2\/product_brand?post=133490"},{"taxonomy":"product_cat","embeddable":true,"href":"https:\/\/www.customywear.com\/sk\/wp-json\/wp\/v2\/product_cat?post=133490"},{"taxonomy":"product_tag","embeddable":true,"href":"https:\/\/www.customywear.com\/sk\/wp-json\/wp\/v2\/product_tag?post=133490"}],"curies":[{"name":"wp","href":"https:\/\/api.w.org\/{rel}","templated":true}]}}