{"id":133515,"date":"2025-05-16T12:39:35","date_gmt":"2025-05-16T12:39:35","guid":{"rendered":"https:\/\/www.customywear.com\/?post_type=product&#038;p=133515"},"modified":"2026-05-05T20:24:06","modified_gmt":"2026-05-05T20:24:06","slug":"panske-tricko-s-danskou-vlajkou-na-mieru","status":"publish","type":"product","link":"https:\/\/www.customywear.com\/sk\/custom-mens-danish-flag-tshirt\/","title":{"rendered":"P\u00e1nske tri\u010dko s d\u00e1nskou vlajkou na mieru pre milovn\u00edkov D\u00e1nska \u2013 personalizovan\u00fd dizajn s fotografiou oslavuj\u00faci d\u00e1nske dedi\u010dstvo a kult\u00faru, perfektn\u00fd dar\u010dek"},"content":{"rendered":"Uk\u00e1\u017ete svoju hrdos\u0165 s t\u00fdmto p\u00e1nskym tri\u010dkom s d\u00e1nskou vlajkou na mieru, personalizovan\u00fdm va\u0161ou ob\u013e\u00fabenou fotografiou na \u017eiarivom \u010derveno-bielom pozad\u00ed ikonickej d\u00e1nskej vlajky. Vyroben\u00e9 z m\u00e4kkej 100 % bavlny a potla\u010den\u00e9 pr\u00e9miovou technol\u00f3giou Direct-To-Garment (DTG), poskytuje neprekonate\u013en\u00e9 pohodlie a st\u00e1lofarebn\u00fa odolnos\u0165. Ide\u00e1lne pre nad\u0161encov D\u00e1nska aj cestovate\u013eov, je to srde\u010dn\u00fd dar\u010dek k narodenin\u00e1m, svadbe alebo v\u00fdro\u010diu \u2013 a z\u00e1rove\u0148 sl\u00fa\u017ei ako t\u00e9ma na za\u010datie konverz\u00e1cie pri akejko\u013evek oslave dedi\u010dstva.\r\n\r\n<!-- \/wp:post-content -->","protected":false},"excerpt":{"rendered":"<p>Uk\u00e1\u017ete d\u00e1nskeho ducha s vlastn\u00fdm p\u00e1nskym tri\u010dkom D\u00e1nska vlajka. Personalizovan\u00e9 fotografick\u00e9 n\u00e1vrhy oslavuj\u00fa d\u00e1nske dedi\u010dstvo a kult\u00faru v jedine\u010dnom tri\u010dku.<\/p>","protected":false},"featured_media":133520,"comment_status":"open","ping_status":"closed","template":"","meta":{"_acf_changed":false},"product_brand":[],"product_cat":[6195,6379,186,6345,6412,6428],"product_tag":[6433,6327,6216],"class_list":{"0":"post-133515","1":"product","2":"type-product","3":"status-publish","4":"has-post-thumbnail","6":"product_cat-t-shirts-men","7":"product_cat-custom-gifts-denmark-culture","8":"product_cat-men","9":"product_cat-mens-country-culture-t-shirts","10":"product_cat-photo-to-tees","11":"product_cat-translate-products","12":"product_tag-ai-artwork","13":"product_tag-custom-photo-t-shirt-for-men","14":"product_tag-mens-custom-t-shirts","16":"first","17":"instock","18":"taxable","19":"shipping-taxable","20":"purchasable","21":"product-type-simple"},"acf":[],"wcpa_form_fields":null,"_links":{"self":[{"href":"https:\/\/www.customywear.com\/sk\/wp-json\/wp\/v2\/product\/133515","targetHints":{"allow":["GET"]}}],"collection":[{"href":"https:\/\/www.customywear.com\/sk\/wp-json\/wp\/v2\/product"}],"about":[{"href":"https:\/\/www.customywear.com\/sk\/wp-json\/wp\/v2\/types\/product"}],"replies":[{"embeddable":true,"href":"https:\/\/www.customywear.com\/sk\/wp-json\/wp\/v2\/comments?post=133515"}],"wp:featuredmedia":[{"embeddable":true,"href":"https:\/\/www.customywear.com\/sk\/wp-json\/wp\/v2\/media\/133520"}],"wp:attachment":[{"href":"https:\/\/www.customywear.com\/sk\/wp-json\/wp\/v2\/media?parent=133515"}],"wp:term":[{"taxonomy":"product_brand","embeddable":true,"href":"https:\/\/www.customywear.com\/sk\/wp-json\/wp\/v2\/product_brand?post=133515"},{"taxonomy":"product_cat","embeddable":true,"href":"https:\/\/www.customywear.com\/sk\/wp-json\/wp\/v2\/product_cat?post=133515"},{"taxonomy":"product_tag","embeddable":true,"href":"https:\/\/www.customywear.com\/sk\/wp-json\/wp\/v2\/product_tag?post=133515"}],"curies":[{"name":"wp","href":"https:\/\/api.w.org\/{rel}","templated":true}]}}