{"id":133690,"date":"2025-05-17T14:53:19","date_gmt":"2025-05-17T14:53:19","guid":{"rendered":"https:\/\/www.customywear.com\/?post_type=product&#038;p=133690"},"modified":"2026-05-07T15:29:31","modified_gmt":"2026-05-07T15:29:31","slug":"tricko-dievcata-skola-inspiracia-doktor","status":"publish","type":"product","link":"https:\/\/www.customywear.com\/sk\/doctor-school-inspiration-tshirt-girls\/","title":{"rendered":"Diev\u010densk\u00e9 tri\u010dko s personalizovanou fotografiou na t\u00e9mu Doctor School - pr\u00e9miov\u00e1 bavlna DTG, dar\u010dek s personalizovanou fotografiou, ktor\u00fd in\u0161piruje mlad\u00fdch lie\u010dite\u013eov"},"content":{"rendered":"<p>In\u0161pirujte svoju dc\u00e9ru k jej lek\u00e1rskym snom s na\u0161\u00edm diev\u010densk\u00fdm tri\u010dkom s n\u00e1pisom \u201eIn\u0161pir\u00e1cia pre doktorov v lek\u00e1rskej \u0161kole\u201c. Vyroben\u00e9 z ultra m\u00e4kkej, pr\u00e9miovej bavlny a potla\u010den\u00e9 vysokokvalitnou technol\u00f3giou DTG, ka\u017ed\u00e9 tri\u010dko premen\u00ed jej fotografiu na o\u010daruj\u00faci obr\u00e1zok v lek\u00e1rskej uniforme. Toto personalizovan\u00e9 tri\u010dko je dostato\u010dne odoln\u00e9 na ka\u017edodenn\u00e9 nosenie a hranie a je premyslen\u00fdm dar\u010dekom k narodenin\u00e1m, prom\u00f3ci\u00e1m alebo akejko\u013evek inej pr\u00edle\u017eitosti, ktor\u00e1 oslavuje jej amb\u00edcie v oblasti medic\u00edny.<\/p>","protected":false},"excerpt":{"rendered":"<p>In\u0161pirujte mlad\u00fdch lie\u010dite\u013eov tri\u010dkom Custom Doctor School Inspiration pre diev\u010dat\u00e1. Pr\u00e9miov\u00e9 bavlnen\u00e9 DTG Personalizovan\u00e9 tri\u010dk\u00e1 premenia ak\u00fako\u013evek fotografiu na jedine\u010dn\u00fd dar\u010dek.<\/p>","protected":false},"featured_media":133817,"comment_status":"open","ping_status":"closed","template":"","meta":{"_acf_changed":false},"product_brand":[],"product_cat":[6193,6380,152,6412,6428,58],"product_tag":[6433,6439,6331,6221,6381],"class_list":{"0":"post-133690","1":"product","2":"type-product","3":"status-publish","4":"has-post-thumbnail","6":"product_cat-girls-t-shirts","7":"product_cat-custom-gifts-doctor-tees","8":"product_cat-girls","9":"product_cat-photo-to-tees","10":"product_cat-translate-products","11":"product_cat-youth-kids","12":"product_tag-ai-artwork","13":"product_tag-ai-kids-artwork","14":"product_tag-custom-picture-t-shirt-for-girls","15":"product_tag-custom-t-shirts-near-me","16":"product_tag-personalized-gifts-doctor-tees","18":"first","19":"instock","20":"taxable","21":"shipping-taxable","22":"purchasable","23":"product-type-simple"},"acf":[],"wcpa_form_fields":null,"_links":{"self":[{"href":"https:\/\/www.customywear.com\/sk\/wp-json\/wp\/v2\/product\/133690","targetHints":{"allow":["GET"]}}],"collection":[{"href":"https:\/\/www.customywear.com\/sk\/wp-json\/wp\/v2\/product"}],"about":[{"href":"https:\/\/www.customywear.com\/sk\/wp-json\/wp\/v2\/types\/product"}],"replies":[{"embeddable":true,"href":"https:\/\/www.customywear.com\/sk\/wp-json\/wp\/v2\/comments?post=133690"}],"wp:featuredmedia":[{"embeddable":true,"href":"https:\/\/www.customywear.com\/sk\/wp-json\/wp\/v2\/media\/133817"}],"wp:attachment":[{"href":"https:\/\/www.customywear.com\/sk\/wp-json\/wp\/v2\/media?parent=133690"}],"wp:term":[{"taxonomy":"product_brand","embeddable":true,"href":"https:\/\/www.customywear.com\/sk\/wp-json\/wp\/v2\/product_brand?post=133690"},{"taxonomy":"product_cat","embeddable":true,"href":"https:\/\/www.customywear.com\/sk\/wp-json\/wp\/v2\/product_cat?post=133690"},{"taxonomy":"product_tag","embeddable":true,"href":"https:\/\/www.customywear.com\/sk\/wp-json\/wp\/v2\/product_tag?post=133690"}],"curies":[{"name":"wp","href":"https:\/\/api.w.org\/{rel}","templated":true}]}}