{"id":133695,"date":"2025-05-17T14:53:19","date_gmt":"2025-05-17T14:53:19","guid":{"rendered":"https:\/\/www.customywear.com\/?post_type=product&#038;p=133695"},"modified":"2026-05-07T15:29:31","modified_gmt":"2026-05-07T15:29:31","slug":"tricko-chlapci-inspiracia-doktor","status":"publish","type":"product","link":"https:\/\/www.customywear.com\/sk\/doctor-inspiration-tshirt-boys\/","title":{"rendered":"Custom Doctor Inspiration T-Shirt for Boys  Kids Aspiring Doctors \u2013 Cotton DTG Personalized Photo Gift"},"content":{"rendered":"<p>Spl\u0148te sny svojho syna s na\u0161\u00edm chlap\u010densk\u00fdm tri\u010dkom s n\u00e1pisom Doctor Inspiration. Vyroben\u00e9 z ultra m\u00e4kkej pr\u00e9miovej bavlny a potla\u010den\u00e9 vysoko kvalitnou technol\u00f3giou DTG, ka\u017ed\u00e9 tri\u010dko ukazuje va\u0161e die\u0165a premenen\u00e9 na oddan\u00e9ho lek\u00e1ra v uniforme. Toto personalizovan\u00e9 tri\u010dko je dostato\u010dne odoln\u00e9 na ka\u017edodenn\u00e9 hranie, in\u0161piruje mlad\u00e9 mysle a je perfektn\u00fdm dar\u010dekom na narodeniny, prom\u00f3cie alebo jednoducho na povzbudenie ich v\u00e1\u0161ne pom\u00e1ha\u0165 druh\u00fdm.<\/p>","protected":false},"excerpt":{"rendered":"<p>Povzbudzujte bud\u00facich lek\u00e1rov s tri\u010dkom Custom Doctor Inspiration pre chlapcov. Pr\u00e9miov\u00e9 bavlnen\u00e9 tri\u010dk\u00e1 DTG Personalizovan\u00e9 tri\u010dk\u00e1 premenia ak\u00fako\u013evek fotografiu na jedine\u010dn\u00e9 tri\u010dko s lek\u00e1rskou tematikou.<\/p>","protected":false},"featured_media":133796,"comment_status":"open","ping_status":"closed","template":"","meta":{"_acf_changed":false},"product_brand":[],"product_cat":[6189,6380,6412,6428],"product_tag":[6433,6439,6221,6381,6330],"class_list":{"0":"post-133695","1":"product","2":"type-product","3":"status-publish","4":"has-post-thumbnail","6":"product_cat-boys-t-shirts","7":"product_cat-custom-gifts-doctor-tees","8":"product_cat-photo-to-tees","9":"product_cat-translate-products","10":"product_tag-ai-artwork","11":"product_tag-ai-kids-artwork","12":"product_tag-custom-t-shirts-near-me","13":"product_tag-personalized-gifts-doctor-tees","14":"product_tag-photo-print-t-shirt-for-boys","16":"first","17":"instock","18":"taxable","19":"shipping-taxable","20":"purchasable","21":"product-type-simple"},"acf":[],"wcpa_form_fields":null,"_links":{"self":[{"href":"https:\/\/www.customywear.com\/sk\/wp-json\/wp\/v2\/product\/133695","targetHints":{"allow":["GET"]}}],"collection":[{"href":"https:\/\/www.customywear.com\/sk\/wp-json\/wp\/v2\/product"}],"about":[{"href":"https:\/\/www.customywear.com\/sk\/wp-json\/wp\/v2\/types\/product"}],"replies":[{"embeddable":true,"href":"https:\/\/www.customywear.com\/sk\/wp-json\/wp\/v2\/comments?post=133695"}],"wp:featuredmedia":[{"embeddable":true,"href":"https:\/\/www.customywear.com\/sk\/wp-json\/wp\/v2\/media\/133796"}],"wp:attachment":[{"href":"https:\/\/www.customywear.com\/sk\/wp-json\/wp\/v2\/media?parent=133695"}],"wp:term":[{"taxonomy":"product_brand","embeddable":true,"href":"https:\/\/www.customywear.com\/sk\/wp-json\/wp\/v2\/product_brand?post=133695"},{"taxonomy":"product_cat","embeddable":true,"href":"https:\/\/www.customywear.com\/sk\/wp-json\/wp\/v2\/product_cat?post=133695"},{"taxonomy":"product_tag","embeddable":true,"href":"https:\/\/www.customywear.com\/sk\/wp-json\/wp\/v2\/product_tag?post=133695"}],"curies":[{"name":"wp","href":"https:\/\/api.w.org\/{rel}","templated":true}]}}