{"id":133715,"date":"2025-05-17T14:53:20","date_gmt":"2025-05-17T14:53:20","guid":{"rendered":"https:\/\/www.customywear.com\/?post_type=product&#038;p=133715"},"modified":"2026-05-05T20:23:26","modified_gmt":"2026-05-05T20:23:26","slug":"tricko-foto-umenie-zeny-lekari-na-mieru","status":"publish","type":"product","link":"https:\/\/www.customywear.com\/sk\/custom-photo-art-tshirt-women-doctors\/","title":{"rendered":"Tri\u010dk\u00e1 s vlastnou fotografiou pre \u017eeny, lek\u00e1rky a hrdinky v zdravotn\u00edctve \u2013 personalizovan\u00fd dar\u010dek zo 100 % bavlny pre zdravotn\u00e9 sestry a \u0161tudentov medic\u00edny"},"content":{"rendered":"<p>Osl\u00e1vte \u017eeny, ktor\u00e9 s\u00fa na \u010dele zdravotn\u00edctva, s na\u0161imi tri\u010dkami s vlastnou grafikou pre lek\u00e1rky. Sta\u010d\u00ed nahra\u0165 fotografiu a na\u0161i sk\u00fasen\u00ed umelci ju premenia na \u017eiariv\u00e9 digit\u00e1lne umeleck\u00e9 dielo zobrazuj\u00face lek\u00e1rku v uniforme na pozad\u00ed nemocnice. Toto personalizovan\u00e9 tri\u010dko, vyroben\u00e9 zo 100 % pr\u00e9miovej bavlny a potla\u010den\u00e9 odoln\u00fdmi atramentmi DTG, pon\u00faka celodenn\u00e9 pohodlie, trv\u00e1cnu kvalitu a brilantn\u00fa st\u00e1los\u0165 farieb. Ide\u00e1lne ako dar\u010dek pre lek\u00e1rov, zdravotn\u00e9 sestry, \u0161tudentov medic\u00edny a pedag\u00f3gov k narodenin\u00e1m, prom\u00f3ci\u00e1m, pov\u00fd\u0161eniam alebo akejko\u013evek \u0161peci\u00e1lnej pr\u00edle\u017eitosti, ktor\u00e1 si uctieva ich obetavos\u0165.<\/p>","protected":false},"excerpt":{"rendered":"<p>Uctievajte \u017eeny v zdravotn\u00edctve pomocou vlastn\u00fdch tri\u010diek s fotografiami pre doktorky a sestry. Personalizovan\u00e9 bavlnen\u00e9 tri\u010dk\u00e1 premenia ak\u00fako\u013evek fotografiu na jedine\u010dn\u00fd dar\u010dek.<\/p>","protected":false},"featured_media":133746,"comment_status":"open","ping_status":"closed","template":"","meta":{"_acf_changed":false},"product_brand":[],"product_cat":[6191,6380,6412,6428,75,6354],"product_tag":[6214,6433,6328,229,6381,6215],"class_list":{"0":"post-133715","1":"product","2":"type-product","3":"status-publish","4":"has-post-thumbnail","6":"product_cat-t-shirts-women","7":"product_cat-custom-gifts-doctor-tees","8":"product_cat-photo-to-tees","9":"product_cat-translate-products","10":"product_cat-women","11":"product_cat-womens-profession-t-shirts","12":"product_tag-affordable-custom-t-shirts","13":"product_tag-ai-artwork","14":"product_tag-custom-image-t-shirt-for-women","15":"product_tag-custom-tee-shirts","16":"product_tag-personalized-gifts-doctor-tees","17":"product_tag-screen-printing-near-me","19":"first","20":"instock","21":"taxable","22":"shipping-taxable","23":"purchasable","24":"product-type-simple"},"acf":[],"wcpa_form_fields":null,"_links":{"self":[{"href":"https:\/\/www.customywear.com\/sk\/wp-json\/wp\/v2\/product\/133715","targetHints":{"allow":["GET"]}}],"collection":[{"href":"https:\/\/www.customywear.com\/sk\/wp-json\/wp\/v2\/product"}],"about":[{"href":"https:\/\/www.customywear.com\/sk\/wp-json\/wp\/v2\/types\/product"}],"replies":[{"embeddable":true,"href":"https:\/\/www.customywear.com\/sk\/wp-json\/wp\/v2\/comments?post=133715"}],"wp:featuredmedia":[{"embeddable":true,"href":"https:\/\/www.customywear.com\/sk\/wp-json\/wp\/v2\/media\/133746"}],"wp:attachment":[{"href":"https:\/\/www.customywear.com\/sk\/wp-json\/wp\/v2\/media?parent=133715"}],"wp:term":[{"taxonomy":"product_brand","embeddable":true,"href":"https:\/\/www.customywear.com\/sk\/wp-json\/wp\/v2\/product_brand?post=133715"},{"taxonomy":"product_cat","embeddable":true,"href":"https:\/\/www.customywear.com\/sk\/wp-json\/wp\/v2\/product_cat?post=133715"},{"taxonomy":"product_tag","embeddable":true,"href":"https:\/\/www.customywear.com\/sk\/wp-json\/wp\/v2\/product_tag?post=133715"}],"curies":[{"name":"wp","href":"https:\/\/api.w.org\/{rel}","templated":true}]}}