{"id":133720,"date":"2025-05-17T14:53:20","date_gmt":"2025-05-17T14:53:20","guid":{"rendered":"https:\/\/www.customywear.com\/?post_type=product&#038;p=133720"},"modified":"2026-05-05T20:24:06","modified_gmt":"2026-05-05T20:24:06","slug":"doktor-tricka-muzi-foto-umenie","status":"publish","type":"product","link":"https:\/\/www.customywear.com\/sk\/custom-doctor-tshirts-men-photo-art\/","title":{"rendered":"Unik\u00e1tne p\u00e1nske tri\u010dk\u00e1 s logom lek\u00e1ra \u2013 personalizovan\u00fd dar\u010dek zo 100 % bavlny s umeleck\u00fdmi fotografiami pre lek\u00e1rov, zdravotn\u00e9 sestry a \u0161tudentov medic\u00edny"},"content":{"rendered":"<p>Osl\u00e1vte zdravotn\u00edckeho pracovn\u00edka vo va\u0161om \u017eivote s na\u0161imi p\u00e1nskymi tri\u010dkami s n\u00e1pisom \u201eDoktor\u201c. Sta\u010d\u00ed nahra\u0165 fotografiu a my ju premen\u00edme na \u017eiariv\u00e9 digit\u00e1lne umenie s lek\u00e1rom v uniforme na pozad\u00ed nemocnice. Toto personalizovan\u00e9 tri\u010dko je vyroben\u00e9 zo 100 % m\u00e4kkej bavlny a potla\u010den\u00e9 vysokokvalitn\u00fdmi atramentmi DTG. Pon\u00faka bezkonkuren\u010dn\u00e9 pohodlie, odolnos\u0165 a s\u00fdte, dlhotrvaj\u00face farby. Je ide\u00e1lnym dar\u010dekom pre lek\u00e1rov, zdravotn\u00e9 sestry, \u0161tudentov medic\u00edny alebo zdravotn\u00edckych pedag\u00f3gov k narodenin\u00e1m, prom\u00f3ci\u00e1m, pov\u00fd\u0161eniam a \u010fal\u0161\u00edm pr\u00edle\u017eitostiam.<\/p>","protected":false},"excerpt":{"rendered":"<p>Rozpoznajte lek\u00e1rov s jedine\u010dn\u00fdmi tri\u010dkami pre mu\u017eov na mieru. Personalizovan\u00e9 bavlnen\u00e9 tri\u010dk\u00e1 s fotografiou a umen\u00edm premenia ak\u00fako\u013evek fotografiu na odv\u00e1\u017eny, personalizovan\u00fd dar\u010dek.<\/p>","protected":false},"featured_media":133725,"comment_status":"open","ping_status":"closed","template":"","meta":{"_acf_changed":false},"product_brand":[],"product_cat":[6195,6380,186,6341,6412,6428],"product_tag":[6433,6327,6216,6381],"class_list":{"0":"post-133720","1":"product","2":"type-product","3":"status-publish","4":"has-post-thumbnail","6":"product_cat-t-shirts-men","7":"product_cat-custom-gifts-doctor-tees","8":"product_cat-men","9":"product_cat-mens-profession-t-shirts","10":"product_cat-photo-to-tees","11":"product_cat-translate-products","12":"product_tag-ai-artwork","13":"product_tag-custom-photo-t-shirt-for-men","14":"product_tag-mens-custom-t-shirts","15":"product_tag-personalized-gifts-doctor-tees","17":"first","18":"instock","19":"taxable","20":"shipping-taxable","21":"purchasable","22":"product-type-simple"},"acf":[],"wcpa_form_fields":null,"_links":{"self":[{"href":"https:\/\/www.customywear.com\/sk\/wp-json\/wp\/v2\/product\/133720","targetHints":{"allow":["GET"]}}],"collection":[{"href":"https:\/\/www.customywear.com\/sk\/wp-json\/wp\/v2\/product"}],"about":[{"href":"https:\/\/www.customywear.com\/sk\/wp-json\/wp\/v2\/types\/product"}],"replies":[{"embeddable":true,"href":"https:\/\/www.customywear.com\/sk\/wp-json\/wp\/v2\/comments?post=133720"}],"wp:featuredmedia":[{"embeddable":true,"href":"https:\/\/www.customywear.com\/sk\/wp-json\/wp\/v2\/media\/133725"}],"wp:attachment":[{"href":"https:\/\/www.customywear.com\/sk\/wp-json\/wp\/v2\/media?parent=133720"}],"wp:term":[{"taxonomy":"product_brand","embeddable":true,"href":"https:\/\/www.customywear.com\/sk\/wp-json\/wp\/v2\/product_brand?post=133720"},{"taxonomy":"product_cat","embeddable":true,"href":"https:\/\/www.customywear.com\/sk\/wp-json\/wp\/v2\/product_cat?post=133720"},{"taxonomy":"product_tag","embeddable":true,"href":"https:\/\/www.customywear.com\/sk\/wp-json\/wp\/v2\/product_tag?post=133720"}],"curies":[{"name":"wp","href":"https:\/\/api.w.org\/{rel}","templated":true}]}}