{"id":133879,"date":"2025-05-18T08:46:13","date_gmt":"2025-05-18T08:46:13","guid":{"rendered":"https:\/\/www.customywear.com\/?post_type=product&#038;p=133879"},"modified":"2026-05-07T15:29:31","modified_gmt":"2026-05-07T15:29:31","slug":"tricko-sukienka-italia-dieta-na-mieru","status":"publish","type":"product","link":"https:\/\/www.customywear.com\/sk\/personalized-italian-flag-dress-tee-toddler-girls\/","title":{"rendered":"Personalizovan\u00e9 tri\u010dko s talianskou vlajkou pre bato\u013eat\u00e1 \u2013 tri\u010dko s vlastnou fotografiou a digit\u00e1lnym umen\u00edm in\u0161pirovan\u00fdm cestovan\u00edm po Taliansku"},"content":{"rendered":"<p>Oslavujte l\u00e1sku v\u00e1\u0161ho diev\u010datka k Taliansku s na\u0161\u00edm personalizovan\u00fdm tri\u010dkom s talianskou vlajkou pre bato\u013eat\u00e1 \u2013 jedine\u010dn\u00fdm tri\u010dkom na mieru, ktor\u00e9 premen\u00ed jeho fotografiu na o\u010daruj\u00facu taliansku postavi\u010dku v kr\u00e1sne \u0161t\u00fdlov\u00fdch \u0161at\u00e1ch s vlajkou, zasaden\u00fa do ikonickej talianskej scen\u00e9rie. Toto tri\u010dko je vyroben\u00e9 z m\u00e4kkej, odolnej bavlny a m\u00e1 \u017eiv\u00e9, dlhotrvaj\u00face potla\u010de a je ide\u00e1lne na narodeniny, sviatky, rodinn\u00e9 cesty alebo kult\u00farne oslavy. Ka\u017ed\u00e9 tri\u010dko, navrhnut\u00e9 zru\u010dn\u00fdmi umelcami, je nosite\u013en\u00fdm umeleck\u00fdm dielom, ktor\u00e9 zachyt\u00e1va dobrodru\u017en\u00e9ho ducha v\u00e1\u0161ho die\u0165a\u0165a a jeho spojenie s Talianskom. Dokonal\u00e1 spomienka pre bato\u013eat\u00e1, ktor\u00e9 sn\u00edvaj\u00fa o Eur\u00f3pe!<\/p>","protected":false},"excerpt":{"rendered":"<p>Osl\u00e1vte Taliansko s personalizovan\u00fdm tri\u010dkom s talianskou vlajkou pre bato\u013eat\u00e1. Vlastn\u00e9 fotografick\u00e9 tri\u010dk\u00e1 s digit\u00e1lnym umen\u00edm in\u0161pirovan\u00fdm cestovan\u00edm robia dedi\u010dstvo na pamiatku z\u00e1bavou.<\/p>","protected":false},"featured_media":134048,"comment_status":"open","ping_status":"closed","template":"","meta":{"_acf_changed":false},"product_brand":[],"product_cat":[6207,6412,6428],"product_tag":[6433,6439,6221,6382],"class_list":{"0":"post-133879","1":"product","2":"type-product","3":"status-publish","4":"has-post-thumbnail","6":"product_cat-toddler-girl-t-shirts","7":"product_cat-photo-to-tees","8":"product_cat-translate-products","9":"product_tag-ai-artwork","10":"product_tag-ai-kids-artwork","11":"product_tag-custom-t-shirts-near-me","12":"product_tag-personalized-gifts-italian-culture","14":"first","15":"instock","16":"taxable","17":"shipping-taxable","18":"purchasable","19":"product-type-simple"},"acf":[],"wcpa_form_fields":null,"_links":{"self":[{"href":"https:\/\/www.customywear.com\/sk\/wp-json\/wp\/v2\/product\/133879","targetHints":{"allow":["GET"]}}],"collection":[{"href":"https:\/\/www.customywear.com\/sk\/wp-json\/wp\/v2\/product"}],"about":[{"href":"https:\/\/www.customywear.com\/sk\/wp-json\/wp\/v2\/types\/product"}],"replies":[{"embeddable":true,"href":"https:\/\/www.customywear.com\/sk\/wp-json\/wp\/v2\/comments?post=133879"}],"wp:featuredmedia":[{"embeddable":true,"href":"https:\/\/www.customywear.com\/sk\/wp-json\/wp\/v2\/media\/134048"}],"wp:attachment":[{"href":"https:\/\/www.customywear.com\/sk\/wp-json\/wp\/v2\/media?parent=133879"}],"wp:term":[{"taxonomy":"product_brand","embeddable":true,"href":"https:\/\/www.customywear.com\/sk\/wp-json\/wp\/v2\/product_brand?post=133879"},{"taxonomy":"product_cat","embeddable":true,"href":"https:\/\/www.customywear.com\/sk\/wp-json\/wp\/v2\/product_cat?post=133879"},{"taxonomy":"product_tag","embeddable":true,"href":"https:\/\/www.customywear.com\/sk\/wp-json\/wp\/v2\/product_tag?post=133879"}],"curies":[{"name":"wp","href":"https:\/\/api.w.org\/{rel}","templated":true}]}}