{"id":133882,"date":"2025-05-18T08:46:13","date_gmt":"2025-05-18T08:46:13","guid":{"rendered":"https:\/\/www.customywear.com\/?post_type=product&#038;p=133882"},"modified":"2026-05-07T15:29:31","modified_gmt":"2026-05-07T15:29:31","slug":"detske-personalizovane-tricko-talianska-vlajka-flicky","status":"publish","type":"product","link":"https:\/\/www.customywear.com\/sk\/custom-italian-flag-tshirt-girls\/","title":{"rendered":"Diev\u010densk\u00e9 tri\u010dko s talianskou vlajkou na mieru \u2013 personalizovan\u00fd dar\u010dek s tri\u010dkom s tv\u00e1rou vo vlajke pre mlad\u00fdch milovn\u00edkov Talianska a nad\u0161encov kult\u00farneho cestovania"},"content":{"rendered":"<p class=\"\" data-start=\"445\" data-end=\"1108\">Oslavujte l\u00e1sku va\u0161ej dc\u00e9rky k Taliansku s na\u0161\u00edm talianskym tri\u010dkom s tv\u00e1rou v tv\u00e1ri a vlajkou, kde je jej fotografia digit\u00e1lne premenen\u00e1 na \u00fa\u017easn\u00fd dizajn, na ktorom je oble\u010den\u00e1 v talianskom vlajkovom outfite na pozad\u00ed malebn\u00e9ho talianskeho pozadia. Toto tri\u010dko je vyroben\u00e9 z m\u00e4kkej 100 % bavlny a pon\u00faka pohodlie aj odolnos\u0165, ide\u00e1lne na ka\u017edodenn\u00e9 nosenie alebo \u0161peci\u00e1lne pr\u00edle\u017eitosti. Je to viac ne\u017e len tri\u010dko \u2013 je to personalizovan\u00e9 umeleck\u00e9 dielo, ktor\u00e9 sp\u00e1ja mlad\u00fdch dobrodruhov s kr\u00e1sou talianskej kult\u00fary. Toto tri\u010dko, vyroben\u00e9 s vysoko kvalitnou potla\u010dou pre \u017eiariv\u00e9 a trv\u00e1cne farby, je ide\u00e1lnym dar\u010dekom k narodenin\u00e1m, kult\u00farnym oslav\u00e1m alebo ako suven\u00edr, ktor\u00fd in\u0161piruje sny o cestovan\u00ed po Taliansku.<\/p>","protected":false},"excerpt":{"rendered":"<p>Uk\u00e1\u017ete taliansku hrdos\u0165 s vlastn\u00fdm tri\u010dkom s talianskou vlajkou pre diev\u010dat\u00e1. Personalizovan\u00e9 tri\u010dk\u00e1 s tv\u00e1rou vo vlajke premenia ak\u00fako\u013evek fotografiu na hrav\u00fd, kult\u00farny cestovate\u013esk\u00fd dar\u010dek.<\/p>","protected":false},"featured_media":134015,"comment_status":"open","ping_status":"closed","template":"","meta":{"_acf_changed":false},"product_brand":[],"product_cat":[6193,152,6412,6428,58],"product_tag":[6433,6439,6331,6221,6382],"class_list":{"0":"post-133882","1":"product","2":"type-product","3":"status-publish","4":"has-post-thumbnail","6":"product_cat-girls-t-shirts","7":"product_cat-girls","8":"product_cat-photo-to-tees","9":"product_cat-translate-products","10":"product_cat-youth-kids","11":"product_tag-ai-artwork","12":"product_tag-ai-kids-artwork","13":"product_tag-custom-picture-t-shirt-for-girls","14":"product_tag-custom-t-shirts-near-me","15":"product_tag-personalized-gifts-italian-culture","17":"first","18":"instock","19":"taxable","20":"shipping-taxable","21":"purchasable","22":"product-type-simple"},"acf":[],"wcpa_form_fields":null,"_links":{"self":[{"href":"https:\/\/www.customywear.com\/sk\/wp-json\/wp\/v2\/product\/133882","targetHints":{"allow":["GET"]}}],"collection":[{"href":"https:\/\/www.customywear.com\/sk\/wp-json\/wp\/v2\/product"}],"about":[{"href":"https:\/\/www.customywear.com\/sk\/wp-json\/wp\/v2\/types\/product"}],"replies":[{"embeddable":true,"href":"https:\/\/www.customywear.com\/sk\/wp-json\/wp\/v2\/comments?post=133882"}],"wp:featuredmedia":[{"embeddable":true,"href":"https:\/\/www.customywear.com\/sk\/wp-json\/wp\/v2\/media\/134015"}],"wp:attachment":[{"href":"https:\/\/www.customywear.com\/sk\/wp-json\/wp\/v2\/media?parent=133882"}],"wp:term":[{"taxonomy":"product_brand","embeddable":true,"href":"https:\/\/www.customywear.com\/sk\/wp-json\/wp\/v2\/product_brand?post=133882"},{"taxonomy":"product_cat","embeddable":true,"href":"https:\/\/www.customywear.com\/sk\/wp-json\/wp\/v2\/product_cat?post=133882"},{"taxonomy":"product_tag","embeddable":true,"href":"https:\/\/www.customywear.com\/sk\/wp-json\/wp\/v2\/product_tag?post=133882"}],"curies":[{"name":"wp","href":"https:\/\/api.w.org\/{rel}","templated":true}]}}