{"id":133887,"date":"2025-05-18T08:46:13","date_gmt":"2025-05-18T08:46:13","guid":{"rendered":"https:\/\/www.customywear.com\/?post_type=product&#038;p=133887"},"modified":"2026-05-07T15:29:31","modified_gmt":"2026-05-07T15:29:31","slug":"detske-personalizovane-tricko-talianska-vlajka","status":"publish","type":"product","link":"https:\/\/www.customywear.com\/sk\/custom-italian-flag-tshirt-boys\/","title":{"rendered":"Tri\u010dko s talianskou vlajkou na mieru pre chlapcov \u2013 personalizovan\u00e9 tri\u010dko s fotografiou a dizajnom talianskej vlajky, ide\u00e1lny dar\u010dek pre mlad\u00fdch nad\u0161encov talianskej kult\u00fary"},"content":{"rendered":"<p>Oslavujte talianske dedi\u010dstvo v\u00e1\u0161ho die\u0165a\u0165a s na\u0161\u00edm chlap\u010densk\u00fdm tri\u010dkom s talianskou vlajkou na mieru. Toto tri\u010dko je vyroben\u00e9 zo 100 % pr\u00e9miovej bavlny a pon\u00faka v\u00fdnimo\u010dn\u00e9 pohodlie a odolnos\u0165, v\u010faka \u010domu je ide\u00e1lne na ka\u017edodenn\u00e9 nosenie aj na \u0161peci\u00e1lne pr\u00edle\u017eitosti. Ka\u017ed\u00e9 tri\u010dko m\u00e1 personalizovan\u00fd dizajn, kde je fotografia v\u00e1\u0161ho die\u0165a\u0165a umelecky premenen\u00e1 na jeho obr\u00e1zok ozdoben\u00fd \u017eiarivou talianskou vlajkou na malebnom talianskom pozad\u00ed. V\u010faka vysokokvalitnej potla\u010di priamo na odev (DTG) zost\u00e1vaj\u00fa farby \u017eiv\u00e9 po ka\u017edom pran\u00ed. \u010ci u\u017e ide o narodeniny, kult\u00farnu oslavu alebo len na prejav hrdosti na talianske korene, toto tri\u010dko sl\u00fa\u017ei ako jedine\u010dn\u00fd a zmyslupln\u00fd suven\u00edr, ktor\u00fd o\u017eiv\u00ed vz\u00e1cne spomienky.<\/p>","protected":false},"excerpt":{"rendered":"<p>Osl\u00e1vte kult\u00faru s vlastn\u00fdm tri\u010dkom s talianskou vlajkou pre chlapcov. Personalizovan\u00e9 fotografick\u00e9 tri\u010dk\u00e1 s dizajnom talianskych vlajok s\u00fa pre deti jedine\u010dn\u00e9 suven\u00edry.<\/p>","protected":false},"featured_media":133994,"comment_status":"open","ping_status":"closed","template":"","meta":{"_acf_changed":false},"product_brand":[],"product_cat":[6189,6412,6428],"product_tag":[6433,6439,6221,6382,6330],"class_list":{"0":"post-133887","1":"product","2":"type-product","3":"status-publish","4":"has-post-thumbnail","6":"product_cat-boys-t-shirts","7":"product_cat-photo-to-tees","8":"product_cat-translate-products","9":"product_tag-ai-artwork","10":"product_tag-ai-kids-artwork","11":"product_tag-custom-t-shirts-near-me","12":"product_tag-personalized-gifts-italian-culture","13":"product_tag-photo-print-t-shirt-for-boys","15":"first","16":"instock","17":"taxable","18":"shipping-taxable","19":"purchasable","20":"product-type-simple"},"acf":[],"wcpa_form_fields":null,"_links":{"self":[{"href":"https:\/\/www.customywear.com\/sk\/wp-json\/wp\/v2\/product\/133887","targetHints":{"allow":["GET"]}}],"collection":[{"href":"https:\/\/www.customywear.com\/sk\/wp-json\/wp\/v2\/product"}],"about":[{"href":"https:\/\/www.customywear.com\/sk\/wp-json\/wp\/v2\/types\/product"}],"replies":[{"embeddable":true,"href":"https:\/\/www.customywear.com\/sk\/wp-json\/wp\/v2\/comments?post=133887"}],"wp:featuredmedia":[{"embeddable":true,"href":"https:\/\/www.customywear.com\/sk\/wp-json\/wp\/v2\/media\/133994"}],"wp:attachment":[{"href":"https:\/\/www.customywear.com\/sk\/wp-json\/wp\/v2\/media?parent=133887"}],"wp:term":[{"taxonomy":"product_brand","embeddable":true,"href":"https:\/\/www.customywear.com\/sk\/wp-json\/wp\/v2\/product_brand?post=133887"},{"taxonomy":"product_cat","embeddable":true,"href":"https:\/\/www.customywear.com\/sk\/wp-json\/wp\/v2\/product_cat?post=133887"},{"taxonomy":"product_tag","embeddable":true,"href":"https:\/\/www.customywear.com\/sk\/wp-json\/wp\/v2\/product_tag?post=133887"}],"curies":[{"name":"wp","href":"https:\/\/api.w.org\/{rel}","templated":true}]}}