{"id":133892,"date":"2025-05-18T08:46:14","date_gmt":"2025-05-18T08:46:14","guid":{"rendered":"https:\/\/www.customywear.com\/?post_type=product&#038;p=133892"},"modified":"2026-05-07T15:29:31","modified_gmt":"2026-05-07T15:29:31","slug":"tricko-italia-chlapec-na-mieru","status":"publish","type":"product","link":"https:\/\/www.customywear.com\/sk\/personalized-italian-flag-tshirt-toddler-boys\/","title":{"rendered":"Personalizovan\u00e9 tri\u010dko s talianskou vlajkou pre bato\u013eat\u00e1 \u2013 tri\u010dko na selfie na mieru s fotografiou v\u00e1\u0161ho die\u0165a\u0165a a dizajnom in\u0161pirovan\u00fdm cestovan\u00edm po Taliansku"},"content":{"rendered":"<p>Doprajte \u0161atn\u00edk v\u00e1\u0161ho bato\u013ea\u0165a nezabudnute\u013en\u00e9mu z\u00e1\u017eitku s na\u0161\u00edm personalizovan\u00fdm tri\u010dkom s talianskou vlajkou pre bato\u013eat\u00e1. Tri\u010dko na selfie na mieru, kde sa fotografia v\u00e1\u0161ho die\u0165a\u0165a premen\u00ed na roztomil\u00fa postavi\u010dku s talianskou tematikou v outfite s n\u00e1rodnou vlajkou na ikonickom talianskom pozad\u00ed. Toto tri\u010dko je vyroben\u00e9 z m\u00e4kkej, priedu\u0161nej bavlny pre celodenn\u00e9 pohodlie a je potla\u010den\u00e9 \u017eiv\u00fdmi, dlhotrvaj\u00facimi farbami. Je perfektn\u00fdm dar\u010dekom na narodeniny, sviatky alebo kult\u00farne oslavy. Ka\u017ed\u00e9 tri\u010dko, navrhnut\u00e9 profesion\u00e1lnymi umelcami, je nosite\u013en\u00fdm umeleck\u00fdm dielom, ktor\u00e9 podporuje l\u00e1sku k Taliansku a cestovaniu u\u017e od \u00fatleho veku. Ide\u00e1lne pre talianske rodiny alebo pre ka\u017ed\u00e9ho mal\u00e9ho objavite\u013ea, ktor\u00fd sn\u00edva o Eur\u00f3pe!<\/p>","protected":false},"excerpt":{"rendered":"<p>Uctievajte dedi\u010dstvo s personalizovan\u00fdm tri\u010dkom s talianskou vlajkou pre bato\u013eat\u00e1. Vlastn\u00e9 selfie ko\u0161ele s dizajnom in\u0161pirovan\u00fdm cestovan\u00edm premenia ak\u00fako\u013evek fotografiu na hrav\u00e9, jedine\u010dn\u00e9 tri\u010dko.<\/p>","protected":false},"featured_media":134036,"comment_status":"open","ping_status":"closed","template":"","meta":{"_acf_changed":false},"product_brand":[],"product_cat":[6209,6412,6428],"product_tag":[6433,6439,6221,6382],"class_list":{"0":"post-133892","1":"product","2":"type-product","3":"status-publish","4":"has-post-thumbnail","6":"product_cat-toddler-boy-t-shirts","7":"product_cat-photo-to-tees","8":"product_cat-translate-products","9":"product_tag-ai-artwork","10":"product_tag-ai-kids-artwork","11":"product_tag-custom-t-shirts-near-me","12":"product_tag-personalized-gifts-italian-culture","14":"first","15":"instock","16":"taxable","17":"shipping-taxable","18":"purchasable","19":"product-type-simple"},"acf":[],"wcpa_form_fields":null,"_links":{"self":[{"href":"https:\/\/www.customywear.com\/sk\/wp-json\/wp\/v2\/product\/133892","targetHints":{"allow":["GET"]}}],"collection":[{"href":"https:\/\/www.customywear.com\/sk\/wp-json\/wp\/v2\/product"}],"about":[{"href":"https:\/\/www.customywear.com\/sk\/wp-json\/wp\/v2\/types\/product"}],"replies":[{"embeddable":true,"href":"https:\/\/www.customywear.com\/sk\/wp-json\/wp\/v2\/comments?post=133892"}],"wp:featuredmedia":[{"embeddable":true,"href":"https:\/\/www.customywear.com\/sk\/wp-json\/wp\/v2\/media\/134036"}],"wp:attachment":[{"href":"https:\/\/www.customywear.com\/sk\/wp-json\/wp\/v2\/media?parent=133892"}],"wp:term":[{"taxonomy":"product_brand","embeddable":true,"href":"https:\/\/www.customywear.com\/sk\/wp-json\/wp\/v2\/product_brand?post=133892"},{"taxonomy":"product_cat","embeddable":true,"href":"https:\/\/www.customywear.com\/sk\/wp-json\/wp\/v2\/product_cat?post=133892"},{"taxonomy":"product_tag","embeddable":true,"href":"https:\/\/www.customywear.com\/sk\/wp-json\/wp\/v2\/product_tag?post=133892"}],"curies":[{"name":"wp","href":"https:\/\/api.w.org\/{rel}","templated":true}]}}