{"id":133907,"date":"2025-05-18T08:46:14","date_gmt":"2025-05-18T08:46:14","guid":{"rendered":"https:\/\/www.customywear.com\/?post_type=product&#038;p=133907"},"modified":"2026-05-05T20:23:26","modified_gmt":"2026-05-05T20:23:26","slug":"damske-personalizovane-tricko-talianska-vlajka","status":"publish","type":"product","link":"https:\/\/www.customywear.com\/sk\/custom-italian-flag-shirt-women\/","title":{"rendered":"Tri\u010dko s talianskou vlajkou na mieru pre \u017eeny \u2013 personalizovan\u00e9 tri\u010dko s fotografiou pre milovn\u00edkov talianskej kult\u00fary, ide\u00e1lny dar\u010dek pre hrd\u00fdch Talianov"},"content":{"rendered":"<p>Oslavujte talianske dedi\u010dstvo s na\u0161\u00edm d\u00e1mskym tri\u010dkom s talianskou vlajkou na mieru \u2013 perfektn\u00fdm dar\u010dekom pre ka\u017ed\u00e9ho, kto miluje taliansku kult\u00faru, jedlo alebo cestovanie. Toto tri\u010dko zo 100 % bavlny pon\u00faka pohodlie aj kvalitu v\u010faka odolnej potla\u010di DTG, ktor\u00e1 o\u017eiv\u00ed va\u0161e fotografie spolu s ikonickou talianskou vlajkou. \u010ci u\u017e ide o narodeniny, v\u00fdro\u010die alebo kult\u00farnu oslavu, toto personalizovan\u00e9 tri\u010dko je zmyslupln\u00fdm a \u0161t\u00fdlov\u00fdm dar\u010dekom. Ka\u017ed\u00e9 tri\u010dko, navrhnut\u00e9 sk\u00fasen\u00fdmi umelcami, odr\u00e1\u017ea n\u00e1rodn\u00fa hrdos\u0165 s jedine\u010dn\u00fdm osobn\u00fdm n\u00e1dychom.<\/p>","protected":false},"excerpt":{"rendered":"<p>Osl\u00e1vte \u017eeny tri\u010dkom s talianskou vlajkou na mieru. Personalizovan\u00e9 fotografick\u00e9 tri\u010dk\u00e1 pre milovn\u00edkov talianskej kult\u00fary premenia ak\u00fako\u013evek fotografiu na odv\u00e1\u017ene, jedine\u010dn\u00e9 tri\u010dko.<\/p>","protected":false},"featured_media":133944,"comment_status":"open","ping_status":"closed","template":"","meta":{"_acf_changed":false},"product_brand":[],"product_cat":[6191,6412,6428,75,6355],"product_tag":[6214,6433,6328,229,6382,6215],"class_list":{"0":"post-133907","1":"product","2":"type-product","3":"status-publish","4":"has-post-thumbnail","6":"product_cat-t-shirts-women","7":"product_cat-photo-to-tees","8":"product_cat-translate-products","9":"product_cat-women","10":"product_cat-womens-culture-country-t-shirts","11":"product_tag-affordable-custom-t-shirts","12":"product_tag-ai-artwork","13":"product_tag-custom-image-t-shirt-for-women","14":"product_tag-custom-tee-shirts","15":"product_tag-personalized-gifts-italian-culture","16":"product_tag-screen-printing-near-me","18":"first","19":"instock","20":"taxable","21":"shipping-taxable","22":"purchasable","23":"product-type-simple"},"acf":[],"wcpa_form_fields":null,"_links":{"self":[{"href":"https:\/\/www.customywear.com\/sk\/wp-json\/wp\/v2\/product\/133907","targetHints":{"allow":["GET"]}}],"collection":[{"href":"https:\/\/www.customywear.com\/sk\/wp-json\/wp\/v2\/product"}],"about":[{"href":"https:\/\/www.customywear.com\/sk\/wp-json\/wp\/v2\/types\/product"}],"replies":[{"embeddable":true,"href":"https:\/\/www.customywear.com\/sk\/wp-json\/wp\/v2\/comments?post=133907"}],"wp:featuredmedia":[{"embeddable":true,"href":"https:\/\/www.customywear.com\/sk\/wp-json\/wp\/v2\/media\/133944"}],"wp:attachment":[{"href":"https:\/\/www.customywear.com\/sk\/wp-json\/wp\/v2\/media?parent=133907"}],"wp:term":[{"taxonomy":"product_brand","embeddable":true,"href":"https:\/\/www.customywear.com\/sk\/wp-json\/wp\/v2\/product_brand?post=133907"},{"taxonomy":"product_cat","embeddable":true,"href":"https:\/\/www.customywear.com\/sk\/wp-json\/wp\/v2\/product_cat?post=133907"},{"taxonomy":"product_tag","embeddable":true,"href":"https:\/\/www.customywear.com\/sk\/wp-json\/wp\/v2\/product_tag?post=133907"}],"curies":[{"name":"wp","href":"https:\/\/api.w.org\/{rel}","templated":true}]}}