{"id":133912,"date":"2025-05-18T08:46:14","date_gmt":"2025-05-18T08:46:14","guid":{"rendered":"https:\/\/www.customywear.com\/?post_type=product&#038;p=133912"},"modified":"2026-05-05T20:24:06","modified_gmt":"2026-05-05T20:24:06","slug":"panske-personalizovane-tricko-talianska-vlajka","status":"publish","type":"product","link":"https:\/\/www.customywear.com\/sk\/custom-italian-flag-shirt-men\/","title":{"rendered":"Tri\u010dko s talianskou vlajkou na mieru pre mu\u017eov \u2013 personalizovan\u00e9 tri\u010dko s fotografiou pre milovn\u00edkov talianskej kult\u00fary, ide\u00e1lny dar\u010dek pre hrd\u00fdch Talianov"},"content":{"rendered":"<p>Oslavujte talianske dedi\u010dstvo s na\u0161\u00edm p\u00e1nskym tri\u010dkom s talianskou vlajkou na mieru \u2013 perfektn\u00fdm dar\u010dekom pre ka\u017ed\u00e9ho, kto miluje taliansku kult\u00faru, jedlo alebo cestovanie. Toto 100 % bavlnen\u00e9 tri\u010dko pon\u00faka pohodlie aj kvalitu v\u010faka odolnej potla\u010di DTG, ktor\u00e1 o\u017eiv\u00ed va\u0161e fotografie spolu s ikonickou talianskou vlajkou. \u010ci u\u017e ide o narodeniny, v\u00fdro\u010die alebo kult\u00farnu oslavu, toto personalizovan\u00e9 tri\u010dko je zmyslupln\u00fdm a \u0161t\u00fdlov\u00fdm dar\u010dekom. Ka\u017ed\u00e9 tri\u010dko, navrhnut\u00e9 sk\u00fasen\u00fdmi umelcami, odr\u00e1\u017ea n\u00e1rodn\u00fa hrdos\u0165 s jedine\u010dn\u00fdm osobn\u00fdm dotykom.<\/p>","protected":false},"excerpt":{"rendered":"<p>Uk\u00e1\u017ete taliansku hrdos\u0165 s tri\u010dkom s talianskou vlajkou pre mu\u017eov. Personalizovan\u00e9 fotografick\u00e9 tri\u010dk\u00e1 premenia ak\u00fako\u013evek fotografiu na jedine\u010dn\u00fa kult\u00farnu pamiatku.<\/p>","protected":false},"featured_media":133923,"comment_status":"open","ping_status":"closed","template":"","meta":{"_acf_changed":false},"product_brand":[],"product_cat":[6195,186,6345,6412,6428],"product_tag":[6433,6327,6216,6382],"class_list":{"0":"post-133912","1":"product","2":"type-product","3":"status-publish","4":"has-post-thumbnail","6":"product_cat-t-shirts-men","7":"product_cat-men","8":"product_cat-mens-country-culture-t-shirts","9":"product_cat-photo-to-tees","10":"product_cat-translate-products","11":"product_tag-ai-artwork","12":"product_tag-custom-photo-t-shirt-for-men","13":"product_tag-mens-custom-t-shirts","14":"product_tag-personalized-gifts-italian-culture","16":"first","17":"instock","18":"taxable","19":"shipping-taxable","20":"purchasable","21":"product-type-simple"},"acf":[],"wcpa_form_fields":null,"_links":{"self":[{"href":"https:\/\/www.customywear.com\/sk\/wp-json\/wp\/v2\/product\/133912","targetHints":{"allow":["GET"]}}],"collection":[{"href":"https:\/\/www.customywear.com\/sk\/wp-json\/wp\/v2\/product"}],"about":[{"href":"https:\/\/www.customywear.com\/sk\/wp-json\/wp\/v2\/types\/product"}],"replies":[{"embeddable":true,"href":"https:\/\/www.customywear.com\/sk\/wp-json\/wp\/v2\/comments?post=133912"}],"wp:featuredmedia":[{"embeddable":true,"href":"https:\/\/www.customywear.com\/sk\/wp-json\/wp\/v2\/media\/133923"}],"wp:attachment":[{"href":"https:\/\/www.customywear.com\/sk\/wp-json\/wp\/v2\/media?parent=133912"}],"wp:term":[{"taxonomy":"product_brand","embeddable":true,"href":"https:\/\/www.customywear.com\/sk\/wp-json\/wp\/v2\/product_brand?post=133912"},{"taxonomy":"product_cat","embeddable":true,"href":"https:\/\/www.customywear.com\/sk\/wp-json\/wp\/v2\/product_cat?post=133912"},{"taxonomy":"product_tag","embeddable":true,"href":"https:\/\/www.customywear.com\/sk\/wp-json\/wp\/v2\/product_tag?post=133912"}],"curies":[{"name":"wp","href":"https:\/\/api.w.org\/{rel}","templated":true}]}}