{"id":136576,"date":"2025-07-29T13:09:18","date_gmt":"2025-07-29T13:09:18","guid":{"rendered":"https:\/\/www.customywear.com\/?post_type=product&#038;p=136576"},"modified":"2026-05-07T15:29:31","modified_gmt":"2026-05-07T15:29:31","slug":"tricko-miminko-dievca-beh-foto-na-mieru","status":"publish","type":"product","link":"https:\/\/www.customywear.com\/sk\/custom-runner-toddler-girls-photo-tshirt\/","title":{"rendered":"Be\u017eeck\u00e9 tri\u010dko na mieru pre bato\u013eat\u00e1 \u2013 personalizovan\u00e9 be\u017eeck\u00e9 tri\u010dko s fotografiou pre akt\u00edvnych mal\u00fdch outdoorov\u00fdch objavite\u013eov"},"content":{"rendered":"<p>In\u0161pirujte sa k hraniu vonku s na\u0161\u00edm diev\u010densk\u00fdm tri\u010dkom Custom Runner Toddler \u2013 navrhnut\u00fdm len pre akt\u00edvne mal\u00e9 diev\u010datk\u00e1. S va\u0161ou fotografiou vytvor\u00edme personalizovan\u00e9 digit\u00e1lne umeleck\u00e9 dielo s va\u0161\u00edm bato\u013ea\u0165om v roztomilej \u0161portovej sc\u00e9ne pri behu. Toto jedine\u010dn\u00e9 tri\u010dko je ide\u00e1lne na narodeniny, \u0161peci\u00e1lne pr\u00edle\u017eitosti alebo jednoducho na povzbudenie jej l\u00e1sky k pr\u00edrode. Vyroben\u00e9 z m\u00e4kkej, priedu\u0161nej bavlny a potla\u010den\u00e9 vysoko kvalitnou technol\u00f3giou DTG, pon\u00faka trval\u00e9 pohodlie a \u017eiariv\u00e9 farby. Zmyslupln\u00fd dar\u010dek, ktor\u00fd zachyt\u00e1va jej dobrodru\u017en\u00e9ho ducha!<\/p>","protected":false},"excerpt":{"rendered":"<p>Povzbudzujte mlad\u00fdch \u0161portovcov s tri\u010dkom na mieru pre bato\u013eat\u00e1. Personalizovan\u00e9 joggingov\u00e9 fotografick\u00e9 tri\u010dk\u00e1 premenia ak\u00fako\u013evek fotografiu na hrav\u00e9, akt\u00edvne vonkaj\u0161ie tri\u010dko.<\/p>","protected":false},"featured_media":136730,"comment_status":"open","ping_status":"closed","template":"","meta":{"_acf_changed":false},"product_brand":[],"product_cat":[6207,6411,6412,6428],"product_tag":[6433,6439,6221],"class_list":{"0":"post-136576","1":"product","2":"type-product","3":"status-publish","4":"has-post-thumbnail","6":"product_cat-toddler-girl-t-shirts","7":"product_cat-custom-gifts-ai-jogging-runner","8":"product_cat-photo-to-tees","9":"product_cat-translate-products","10":"product_tag-ai-artwork","11":"product_tag-ai-kids-artwork","12":"product_tag-custom-t-shirts-near-me","14":"first","15":"instock","16":"taxable","17":"shipping-taxable","18":"purchasable","19":"product-type-simple"},"acf":[],"wcpa_form_fields":null,"_links":{"self":[{"href":"https:\/\/www.customywear.com\/sk\/wp-json\/wp\/v2\/product\/136576","targetHints":{"allow":["GET"]}}],"collection":[{"href":"https:\/\/www.customywear.com\/sk\/wp-json\/wp\/v2\/product"}],"about":[{"href":"https:\/\/www.customywear.com\/sk\/wp-json\/wp\/v2\/types\/product"}],"replies":[{"embeddable":true,"href":"https:\/\/www.customywear.com\/sk\/wp-json\/wp\/v2\/comments?post=136576"}],"wp:featuredmedia":[{"embeddable":true,"href":"https:\/\/www.customywear.com\/sk\/wp-json\/wp\/v2\/media\/136730"}],"wp:attachment":[{"href":"https:\/\/www.customywear.com\/sk\/wp-json\/wp\/v2\/media?parent=136576"}],"wp:term":[{"taxonomy":"product_brand","embeddable":true,"href":"https:\/\/www.customywear.com\/sk\/wp-json\/wp\/v2\/product_brand?post=136576"},{"taxonomy":"product_cat","embeddable":true,"href":"https:\/\/www.customywear.com\/sk\/wp-json\/wp\/v2\/product_cat?post=136576"},{"taxonomy":"product_tag","embeddable":true,"href":"https:\/\/www.customywear.com\/sk\/wp-json\/wp\/v2\/product_tag?post=136576"}],"curies":[{"name":"wp","href":"https:\/\/api.w.org\/{rel}","templated":true}]}}