{"id":136579,"date":"2025-07-29T13:09:19","date_gmt":"2025-07-29T13:09:19","guid":{"rendered":"https:\/\/www.customywear.com\/?post_type=product&#038;p=136579"},"modified":"2026-05-07T15:29:31","modified_gmt":"2026-05-07T15:29:31","slug":"tricko-dievcata-beh-foto-na-mieru","status":"publish","type":"product","link":"https:\/\/www.customywear.com\/sk\/custom-runner-jogging-girls-photo-tshirt\/","title":{"rendered":"Runningov\u00e9 tri\u010dko na mieru pre diev\u010dat\u00e1 \u2013 personalizovan\u00e9 be\u017eeck\u00e9 tri\u010dko s fotografiou pre akt\u00edvne outdoorov\u00e9 deti"},"content":{"rendered":"<p>Osl\u00e1vte jej l\u00e1sku k pr\u00edrode s na\u0161\u00edm diev\u010densk\u00fdm tri\u010dkom pre be\u017ecov a behanie. Toto personalizovan\u00e9 tri\u010dko je ur\u010den\u00e9 pre mlad\u00e9 diev\u010dat\u00e1, ktor\u00e9 si u\u017e\u00edvaj\u00fa beh, \u0161port alebo akt\u00edvne dobrodru\u017estv\u00e1. Premen\u00ed va\u0161u fotografiu na \u00fa\u017easn\u00e9 digit\u00e1lne umenie. Je to perfektn\u00fd dar\u010dek, ktor\u00fd motivuje va\u0161u mal\u00fa \u0161portovky\u0148u alebo pripom\u00edna jej v\u00e1\u0161e\u0148 pre akt\u00edvny \u017eivot. V\u010faka \u017eiarivej, dlhotrvaj\u00facej potla\u010di a vysoko kvalitnej bavlne je odoln\u00e9 a z\u00e1rove\u0148 m\u00e1 zmysel. Ide\u00e1lne na narodeniny, fitness podujatia alebo jednoducho na podporu jej akt\u00edvneho \u017eivotn\u00e9ho \u0161t\u00fdlu.<\/p>","protected":false},"excerpt":{"rendered":"<p>In\u0161pirujte vonkaj\u0161iu z\u00e1bavu s vlastn\u00fdm be\u017eeck\u00fdm tri\u010dkom pre diev\u010dat\u00e1. Personalizovan\u00e9 joggingov\u00e9 fotografick\u00e9 tri\u010dk\u00e1 premenia ak\u00fako\u013evek fotografiu na \u0161portov\u00e9, jedine\u010dn\u00e9 tri\u010dko.<\/p>","protected":false},"featured_media":136680,"comment_status":"open","ping_status":"closed","template":"","meta":{"_acf_changed":false},"product_brand":[],"product_cat":[6193,6411,152,6412,6428,58],"product_tag":[6433,6439,6331,6221],"class_list":{"0":"post-136579","1":"product","2":"type-product","3":"status-publish","4":"has-post-thumbnail","6":"product_cat-girls-t-shirts","7":"product_cat-custom-gifts-ai-jogging-runner","8":"product_cat-girls","9":"product_cat-photo-to-tees","10":"product_cat-translate-products","11":"product_cat-youth-kids","12":"product_tag-ai-artwork","13":"product_tag-ai-kids-artwork","14":"product_tag-custom-picture-t-shirt-for-girls","15":"product_tag-custom-t-shirts-near-me","17":"first","18":"instock","19":"taxable","20":"shipping-taxable","21":"purchasable","22":"product-type-simple"},"acf":[],"wcpa_form_fields":null,"_links":{"self":[{"href":"https:\/\/www.customywear.com\/sk\/wp-json\/wp\/v2\/product\/136579","targetHints":{"allow":["GET"]}}],"collection":[{"href":"https:\/\/www.customywear.com\/sk\/wp-json\/wp\/v2\/product"}],"about":[{"href":"https:\/\/www.customywear.com\/sk\/wp-json\/wp\/v2\/types\/product"}],"replies":[{"embeddable":true,"href":"https:\/\/www.customywear.com\/sk\/wp-json\/wp\/v2\/comments?post=136579"}],"wp:featuredmedia":[{"embeddable":true,"href":"https:\/\/www.customywear.com\/sk\/wp-json\/wp\/v2\/media\/136680"}],"wp:attachment":[{"href":"https:\/\/www.customywear.com\/sk\/wp-json\/wp\/v2\/media?parent=136579"}],"wp:term":[{"taxonomy":"product_brand","embeddable":true,"href":"https:\/\/www.customywear.com\/sk\/wp-json\/wp\/v2\/product_brand?post=136579"},{"taxonomy":"product_cat","embeddable":true,"href":"https:\/\/www.customywear.com\/sk\/wp-json\/wp\/v2\/product_cat?post=136579"},{"taxonomy":"product_tag","embeddable":true,"href":"https:\/\/www.customywear.com\/sk\/wp-json\/wp\/v2\/product_tag?post=136579"}],"curies":[{"name":"wp","href":"https:\/\/api.w.org\/{rel}","templated":true}]}}