{"id":136584,"date":"2025-07-29T13:09:19","date_gmt":"2025-07-29T13:09:19","guid":{"rendered":"https:\/\/www.customywear.com\/?post_type=product&#038;p=136584"},"modified":"2026-05-07T15:29:31","modified_gmt":"2026-05-07T15:29:31","slug":"tricko-chlapci-beh-foto-na-mieru","status":"publish","type":"product","link":"https:\/\/www.customywear.com\/sk\/custom-runner-jogging-boys-photo-tshirt\/","title":{"rendered":"Tri\u010dko na mieru pre be\u017ecov pre chlapcov \u2013 personalizovan\u00e9 be\u017eeck\u00e9 tri\u010dko s fotografiou pre akt\u00edvne deti, ktor\u00e9 miluj\u00fa outdoorov\u00e9 dobrodru\u017estv\u00e1"},"content":{"rendered":"<p>Rozd\u00fachajte jeho v\u00e1\u0161e\u0148 pre outdoorov\u00e9 dobrodru\u017estv\u00e1 s na\u0161\u00edm chlap\u010densk\u00fdm tri\u010dkom Custom Runner, personalizovan\u00fdm va\u0161ou fotografiou. Toto jedine\u010dn\u00e9 tri\u010dko premen\u00ed va\u0161e die\u0165a na \u017eiv\u00e9 digit\u00e1lne umeleck\u00e9 dielo a zachyt\u00ed ho v \u0161portovej, be\u017eeckej sc\u00e9ne. Je to perfektn\u00fd dar\u010dek pre mlad\u00fdch chlapcov, ktor\u00ed miluj\u00fa beh, jogging alebo hranie sa vonku. Toto tri\u010dko je ide\u00e1lne na narodeniny alebo len na povzbudenie akt\u00edvneho \u017eivotn\u00e9ho \u0161t\u00fdlu a sp\u00e1ja osobn\u00fd v\u00fdznam s ka\u017edodenn\u00fdm pohodl\u00edm a odolnos\u0165ou, to v\u0161etko o\u017e\u00edva v\u010faka \u017eivej a dlhotrvaj\u00facej DTG potla\u010di.<\/p>","protected":false},"excerpt":{"rendered":"<p>Osl\u00e1vte mlad\u00fdch dobrodruhov s tri\u010dkom Custom Runner pre chlapcov. Personalizovan\u00e9 tri\u010dk\u00e1 na jogging premenia ak\u00fako\u013evek fotografiu na hrav\u00e9, akt\u00edvne tri\u010dko.<\/p>","protected":false},"featured_media":136701,"comment_status":"open","ping_status":"closed","template":"","meta":{"_acf_changed":false},"product_brand":[],"product_cat":[6189,6411,6412,6428],"product_tag":[6433,6439,6221,6330],"class_list":{"0":"post-136584","1":"product","2":"type-product","3":"status-publish","4":"has-post-thumbnail","6":"product_cat-boys-t-shirts","7":"product_cat-custom-gifts-ai-jogging-runner","8":"product_cat-photo-to-tees","9":"product_cat-translate-products","10":"product_tag-ai-artwork","11":"product_tag-ai-kids-artwork","12":"product_tag-custom-t-shirts-near-me","13":"product_tag-photo-print-t-shirt-for-boys","15":"first","16":"instock","17":"taxable","18":"shipping-taxable","19":"purchasable","20":"product-type-simple"},"acf":[],"wcpa_form_fields":null,"_links":{"self":[{"href":"https:\/\/www.customywear.com\/sk\/wp-json\/wp\/v2\/product\/136584","targetHints":{"allow":["GET"]}}],"collection":[{"href":"https:\/\/www.customywear.com\/sk\/wp-json\/wp\/v2\/product"}],"about":[{"href":"https:\/\/www.customywear.com\/sk\/wp-json\/wp\/v2\/types\/product"}],"replies":[{"embeddable":true,"href":"https:\/\/www.customywear.com\/sk\/wp-json\/wp\/v2\/comments?post=136584"}],"wp:featuredmedia":[{"embeddable":true,"href":"https:\/\/www.customywear.com\/sk\/wp-json\/wp\/v2\/media\/136701"}],"wp:attachment":[{"href":"https:\/\/www.customywear.com\/sk\/wp-json\/wp\/v2\/media?parent=136584"}],"wp:term":[{"taxonomy":"product_brand","embeddable":true,"href":"https:\/\/www.customywear.com\/sk\/wp-json\/wp\/v2\/product_brand?post=136584"},{"taxonomy":"product_cat","embeddable":true,"href":"https:\/\/www.customywear.com\/sk\/wp-json\/wp\/v2\/product_cat?post=136584"},{"taxonomy":"product_tag","embeddable":true,"href":"https:\/\/www.customywear.com\/sk\/wp-json\/wp\/v2\/product_tag?post=136584"}],"curies":[{"name":"wp","href":"https:\/\/api.w.org\/{rel}","templated":true}]}}