{"id":136589,"date":"2025-07-29T13:09:19","date_gmt":"2025-07-29T13:09:19","guid":{"rendered":"https:\/\/www.customywear.com\/?post_type=product&#038;p=136589"},"modified":"2026-05-07T15:29:25","modified_gmt":"2026-05-07T15:29:25","slug":"tricko-miminko-chlapec-beh-foto-na-mieru","status":"publish","type":"product","link":"https:\/\/www.customywear.com\/sk\/custom-runner-toddler-boys-photo-tshirt\/","title":{"rendered":"Be\u017eeck\u00e9 tri\u010dko na mieru pre bato\u013eat\u00e1 \u2013 personalizovan\u00e9 be\u017eeck\u00e9 tri\u010dko s fotografiou pre akt\u00edvnych mlad\u00fdch dobrodruhov v pr\u00edrode"},"content":{"rendered":"<p>Vd\u00fdchnite svojmu bato\u013ea\u0165u energiu s na\u0161\u00edm chlap\u010densk\u00fdm tri\u010dkom na behanie a behanie na mieru. Toto \u0161portov\u00e9 tri\u010dko, personalizovan\u00e9 pod\u013ea va\u0161ej fotografie, premen\u00ed v\u00e1\u0161ho drobca na \u017eiv\u00e9 digit\u00e1lne umeleck\u00e9 dielo, be\u017eiace alebo joggingov\u00e9 v malebnom parku. Toto tri\u010dko je ide\u00e1lne pre bato\u013eat\u00e1, ktor\u00e9 miluj\u00fa hranie vonku, a je z\u00e1bavn\u00fdm a in\u0161pirat\u00edvnym dar\u010dekom, ktor\u00fd povzbudzuje k pohybu a aktivite. Vyroben\u00e9 z m\u00e4kkej, odolnej bavlny a potla\u010den\u00e9 vysoko kvalitnou technol\u00f3giou DTG zais\u0165uje trval\u00e9 pohodlie, \u017eiariv\u00e9 farby a jedine\u010dn\u00fd suven\u00edr, ktor\u00fd zachyt\u00e1va jeho hrav\u00e9ho ducha.<\/p>","protected":false},"excerpt":{"rendered":"<p>Palivov\u00e1 energia s vlastn\u00fdm be\u017eeck\u00fdm tri\u010dkom pre bato\u013eat\u00e1 chlapcov. Personalizovan\u00e9 joggingov\u00e9 fotografick\u00e9 tri\u010dk\u00e1 premenia ak\u00fako\u013evek fotografiu na odv\u00e1\u017ene, jedine\u010dn\u00e9 tri\u010dko.<\/p>","protected":false},"featured_media":136742,"comment_status":"open","ping_status":"closed","template":"","meta":{"_acf_changed":false},"product_brand":[],"product_cat":[6209,6411,6412,6428],"product_tag":[6433,6439,6221],"class_list":{"0":"post-136589","1":"product","2":"type-product","3":"status-publish","4":"has-post-thumbnail","6":"product_cat-toddler-boy-t-shirts","7":"product_cat-custom-gifts-ai-jogging-runner","8":"product_cat-photo-to-tees","9":"product_cat-translate-products","10":"product_tag-ai-artwork","11":"product_tag-ai-kids-artwork","12":"product_tag-custom-t-shirts-near-me","14":"first","15":"instock","16":"taxable","17":"shipping-taxable","18":"purchasable","19":"product-type-simple"},"acf":[],"wcpa_form_fields":null,"_links":{"self":[{"href":"https:\/\/www.customywear.com\/sk\/wp-json\/wp\/v2\/product\/136589","targetHints":{"allow":["GET"]}}],"collection":[{"href":"https:\/\/www.customywear.com\/sk\/wp-json\/wp\/v2\/product"}],"about":[{"href":"https:\/\/www.customywear.com\/sk\/wp-json\/wp\/v2\/types\/product"}],"replies":[{"embeddable":true,"href":"https:\/\/www.customywear.com\/sk\/wp-json\/wp\/v2\/comments?post=136589"}],"wp:featuredmedia":[{"embeddable":true,"href":"https:\/\/www.customywear.com\/sk\/wp-json\/wp\/v2\/media\/136742"}],"wp:attachment":[{"href":"https:\/\/www.customywear.com\/sk\/wp-json\/wp\/v2\/media?parent=136589"}],"wp:term":[{"taxonomy":"product_brand","embeddable":true,"href":"https:\/\/www.customywear.com\/sk\/wp-json\/wp\/v2\/product_brand?post=136589"},{"taxonomy":"product_cat","embeddable":true,"href":"https:\/\/www.customywear.com\/sk\/wp-json\/wp\/v2\/product_cat?post=136589"},{"taxonomy":"product_tag","embeddable":true,"href":"https:\/\/www.customywear.com\/sk\/wp-json\/wp\/v2\/product_tag?post=136589"}],"curies":[{"name":"wp","href":"https:\/\/api.w.org\/{rel}","templated":true}]}}