{"id":20302,"date":"2023-07-28T13:32:48","date_gmt":"2023-07-28T13:32:48","guid":{"rendered":"https:\/\/www.customywear.com\/?post_type=product&#038;p=20302"},"modified":"2026-05-07T15:29:59","modified_gmt":"2026-05-07T15:29:59","slug":"personalizovane-chlapec-anjel-vetrany-tricko","status":"publish","type":"product","link":"https:\/\/www.customywear.com\/sk\/custom-angel-boy-airy-shirt\/","title":{"rendered":"Vzdu\u0161n\u00e9 tri\u010dko Angel Boy | Personalizovan\u00e9 tri\u010dko s fantasy kr\u00eddlami"},"content":{"rendered":"<p>Pozdvihnite sny svojho die\u0165a\u0165a s na\u0161\u00edm o\u010daruj\u00facim tri\u010dkom Custom Angel Boy Airy Shirt, personalizovan\u00fdm majstrovsk\u00fdm dielom, ktor\u00e9 ho premen\u00ed na nebesk\u00fa bytos\u0165. S pou\u017eit\u00edm fotografie v\u00e1\u0161ho die\u0165a\u0165a vytv\u00e1rame podmaniv\u00e9 vektorov\u00e9 portr\u00e9tne umenie, ktor\u00e9 ho zobrazuje ako o\u010daruj\u00faceho anjela s jemn\u00fdmi kr\u00eddlami. Toto jedine\u010dn\u00e9 a doj\u00edmav\u00e9 tri\u010dko na mieru je ide\u00e1lnym dar\u010dekom na oslavu naroden\u00edn a na prebudenie k\u00fazla predstavivosti. N\u00e1\u0161 \u0161pecializovan\u00fd dizajn\u00e9rsky t\u00edm vyu\u017e\u00edva kreat\u00edvny potenci\u00e1l programov Adobe Illustrator a Adobe Photoshop, aby bezprobl\u00e9movo spojil obraz v\u00e1\u0161ho die\u0165a\u0165a s \u00e9terickou r\u00ed\u0161ou fant\u00e1zie. Dizajn je odborne vytla\u010den\u00fd pomocou najmodernej\u0161ej technol\u00f3gie DTG, ktor\u00e1 zais\u0165uje \u017eiariv\u00e9 farby a v\u00fdnimo\u010dn\u00fa odolnos\u0165. Na\u0161e unisex tri\u010dk\u00e1, ktor\u00e9 s\u00fa k dispoz\u00edcii s kr\u00e1tkym aj dlh\u00fdm ruk\u00e1vom, s\u00fa vhodn\u00e9 pre deti v\u0161etk\u00fdch vekov\u00fdch kateg\u00f3ri\u00ed a zabezpe\u010duj\u00fa pohodln\u00e9 nosenie pre ka\u017ed\u00e9ho za\u010d\u00ednaj\u00faceho anjelika. Dodajte \u0161atn\u00edku svojho die\u0165a\u0165a n\u00e1dych rozmaru s personalizovan\u00fdm tri\u010dkom, ktor\u00e9 oslavuje z\u00e1zrak detskej fant\u00e1zie. Na\u0161a kolekcia obsahuje mno\u017estvo dizajnov, ktor\u00e9 zachyt\u00e1vaj\u00fa podstatu n\u00e1paditej hry, pri\u010dom ka\u017ed\u00fd z nich je premyslene vytvoren\u00fd tak, aby vytvoril trval\u00e9 spomienky. \u010ci u\u017e ide o \u0161peci\u00e1lne narodeninov\u00e9 prekvapenie alebo pr\u00edjemn\u00fd doplnok k be\u017en\u00e9mu noseniu, na\u0161e personalizovan\u00e9 tri\u010dk\u00e1 s\u00fa nosite\u013en\u00e9 umeleck\u00e9 diela, ktor\u00e9 in\u0161piruj\u00fa k snom a kreativite.<\/p>","protected":false},"excerpt":{"rendered":"<p>Preme\u0148te fotografiu svojho die\u0165a\u0165a na nebesk\u00fa vzdu\u0161n\u00fa ko\u0161e\u013eu Angel Boy. Na\u0161e personalizovan\u00e9 tri\u010dko Fantasy Wings prin\u00e1\u0161a anjelsk\u00fd \u0161arm a n\u00e1padit\u00e9 kr\u00eddla do jedine\u010dn\u00e9ho tri\u010dka Custom.<\/p>","protected":false},"featured_media":142726,"comment_status":"open","ping_status":"closed","template":"","meta":{"_acf_changed":false},"product_brand":[],"product_cat":[6189,145,6412,6428],"product_tag":[6433,6439,146,65,67,149,73],"class_list":{"0":"post-20302","1":"product","2":"type-product","3":"status-publish","4":"has-post-thumbnail","6":"product_cat-boys-t-shirts","7":"product_cat-custom-gifts-fairy-angels","8":"product_cat-photo-to-tees","9":"product_cat-translate-products","10":"product_tag-ai-artwork","11":"product_tag-ai-kids-artwork","12":"product_tag-angel_shirt","13":"product_tag-kid","14":"product_tag-kids_birthday_shirt","15":"product_tag-toddler_birthday","16":"product_tag-youth-boy","18":"first","19":"instock","20":"taxable","21":"shipping-taxable","22":"purchasable","23":"product-type-simple"},"acf":[],"wcpa_form_fields":null,"_links":{"self":[{"href":"https:\/\/www.customywear.com\/sk\/wp-json\/wp\/v2\/product\/20302","targetHints":{"allow":["GET"]}}],"collection":[{"href":"https:\/\/www.customywear.com\/sk\/wp-json\/wp\/v2\/product"}],"about":[{"href":"https:\/\/www.customywear.com\/sk\/wp-json\/wp\/v2\/types\/product"}],"replies":[{"embeddable":true,"href":"https:\/\/www.customywear.com\/sk\/wp-json\/wp\/v2\/comments?post=20302"}],"wp:featuredmedia":[{"embeddable":true,"href":"https:\/\/www.customywear.com\/sk\/wp-json\/wp\/v2\/media\/142726"}],"wp:attachment":[{"href":"https:\/\/www.customywear.com\/sk\/wp-json\/wp\/v2\/media?parent=20302"}],"wp:term":[{"taxonomy":"product_brand","embeddable":true,"href":"https:\/\/www.customywear.com\/sk\/wp-json\/wp\/v2\/product_brand?post=20302"},{"taxonomy":"product_cat","embeddable":true,"href":"https:\/\/www.customywear.com\/sk\/wp-json\/wp\/v2\/product_cat?post=20302"},{"taxonomy":"product_tag","embeddable":true,"href":"https:\/\/www.customywear.com\/sk\/wp-json\/wp\/v2\/product_tag?post=20302"}],"curies":[{"name":"wp","href":"https:\/\/api.w.org\/{rel}","templated":true}]}}