{"id":20303,"date":"2023-07-28T13:32:49","date_gmt":"2023-07-28T13:32:49","guid":{"rendered":"https:\/\/www.customywear.com\/?post_type=product&#038;p=20303"},"modified":"2026-05-07T15:29:59","modified_gmt":"2026-05-07T15:29:59","slug":"anjelska-dievcenska-kosela-na-mieru","status":"publish","type":"product","link":"https:\/\/www.customywear.com\/sk\/custom-angel-girl-fairy-shirt\/","title":{"rendered":"Vlastn\u00e9 Angel Girl Roztomil\u00e1 V\u00edla Tri\u010dko | Osobn\u00e9 Ml\u00e1de\u017e Fantasy \u010caj"},"content":{"rendered":"<p>Pozdvihnite predstavivos\u0165 svojho die\u0165a\u0165a s na\u0161\u00edm o\u010daruj\u00facim tri\u010dkom s anjelsk\u00fdm mot\u00edvom, personalizovan\u00fdm majstrovsk\u00fdm dielom, ktor\u00e9 vd\u00fdchne \u017eivot ich snom. Prostredn\u00edctvom m\u00e1gie n\u00e1\u0161ho dizajn\u00e9rskeho procesu premen\u00edme fotografiu v\u00e1\u0161ho die\u0165a\u0165a na podmaniv\u00fd vektorov\u00fd portr\u00e9t, ktor\u00fd ho zobrazuje ako rozko\u0161n\u00fa v\u00edlu s jemn\u00fdmi kr\u00eddlami. Toto o\u010daruj\u00face a doj\u00edmav\u00e9 tri\u010dko na mieru je perfektn\u00fdm dar\u010dekom na oslavu jeho nevinnosti a kreativity. N\u00e1\u0161 \u0161pecializovan\u00fd dizajn\u00e9rsky t\u00edm vyu\u017e\u00edva kreat\u00edvnu silu programov Adobe Illustrator a Adobe Photoshop, aby bezprobl\u00e9movo prepojil obraz v\u00e1\u0161ho die\u0165a\u0165a s rozmarn\u00fdm svetom fant\u00e1zie. Dizajn je starostlivo vytla\u010den\u00fd pomocou najmodernej\u0161ej technol\u00f3gie DTG, ktor\u00e1 zais\u0165uje \u017eiariv\u00e9 farby a v\u00fdnimo\u010dn\u00fa odolnos\u0165. Na\u0161e unisex tri\u010dk\u00e1, ktor\u00e9 s\u00fa k dispoz\u00edcii s kr\u00e1tkym aj dlh\u00fdm ruk\u00e1vom, s\u00fa vhodn\u00e9 pre deti v\u0161etk\u00fdch vekov\u00fdch kateg\u00f3ri\u00ed a zabezpe\u010duj\u00fa pohodln\u00e9 nosenie pre ka\u017ed\u00e9ho mal\u00e9ho sn\u00edlka. Dodajte \u0161atn\u00edku v\u00e1\u0161ho die\u0165a\u0165a n\u00e1dych k\u00fazla s personalizovan\u00fdm tri\u010dkom, ktor\u00e9 oslavuje k\u00fazlo detskej fant\u00e1zie. Na\u0161a rozmanit\u00e1 kolekcia obsahuje r\u00f4zne dizajny, ktor\u00e9 zachyt\u00e1vaj\u00fa podstatu n\u00e1paditej hry, pri\u010dom ka\u017ed\u00fd z nich je premyslene vytvoren\u00fd tak, aby vyvolal \u00fa\u017eas a pote\u0161enie. \u010ci u\u017e ide o \u0161peci\u00e1lnu pr\u00edle\u017eitos\u0165 alebo pr\u00edjemn\u00fd doplnok k ich ka\u017edodenn\u00e9mu oble\u010deniu, na\u0161e personalizovan\u00e9 tri\u010dk\u00e1 s\u00fa nosite\u013en\u00e9 umeleck\u00e9 diela, ktor\u00e9 in\u0161piruj\u00fa sny a podnecuj\u00fa kreativitu.<\/p>","protected":false},"excerpt":{"rendered":"<p>Preme\u0148te svoju fotografiu na \u010darovn\u00fa rozpr\u00e1vkov\u00fa rozpr\u00e1vkov\u00fa ko\u0161e\u013eu na mieru. Personalizovan\u00e9 ml\u00e1de\u017en\u00edcke fantasy tri\u010dko prid\u00e1va rozmarn\u00e9 rozpr\u00e1vkov\u00e9 kr\u00eddla a \u0161arm pre jedine\u010dn\u00fd, o\u010daruj\u00faci dizajn, ktor\u00fd bude va\u0161e die\u0165a zbo\u017e\u0148ova\u0165.<\/p>","protected":false},"featured_media":142733,"comment_status":"open","ping_status":"closed","template":"","meta":{"_acf_changed":false},"product_brand":[],"product_cat":[6193,145,6412,6428],"product_tag":[6433,6439,146,65,67,149,156],"class_list":{"0":"post-20303","1":"product","2":"type-product","3":"status-publish","4":"has-post-thumbnail","6":"product_cat-girls-t-shirts","7":"product_cat-custom-gifts-fairy-angels","8":"product_cat-photo-to-tees","9":"product_cat-translate-products","10":"product_tag-ai-artwork","11":"product_tag-ai-kids-artwork","12":"product_tag-angel_shirt","13":"product_tag-kid","14":"product_tag-kids_birthday_shirt","15":"product_tag-toddler_birthday","16":"product_tag-youth-girl","18":"first","19":"instock","20":"taxable","21":"shipping-taxable","22":"purchasable","23":"product-type-simple"},"acf":[],"wcpa_form_fields":null,"_links":{"self":[{"href":"https:\/\/www.customywear.com\/sk\/wp-json\/wp\/v2\/product\/20303","targetHints":{"allow":["GET"]}}],"collection":[{"href":"https:\/\/www.customywear.com\/sk\/wp-json\/wp\/v2\/product"}],"about":[{"href":"https:\/\/www.customywear.com\/sk\/wp-json\/wp\/v2\/types\/product"}],"replies":[{"embeddable":true,"href":"https:\/\/www.customywear.com\/sk\/wp-json\/wp\/v2\/comments?post=20303"}],"wp:featuredmedia":[{"embeddable":true,"href":"https:\/\/www.customywear.com\/sk\/wp-json\/wp\/v2\/media\/142733"}],"wp:attachment":[{"href":"https:\/\/www.customywear.com\/sk\/wp-json\/wp\/v2\/media?parent=20303"}],"wp:term":[{"taxonomy":"product_brand","embeddable":true,"href":"https:\/\/www.customywear.com\/sk\/wp-json\/wp\/v2\/product_brand?post=20303"},{"taxonomy":"product_cat","embeddable":true,"href":"https:\/\/www.customywear.com\/sk\/wp-json\/wp\/v2\/product_cat?post=20303"},{"taxonomy":"product_tag","embeddable":true,"href":"https:\/\/www.customywear.com\/sk\/wp-json\/wp\/v2\/product_tag?post=20303"}],"curies":[{"name":"wp","href":"https:\/\/api.w.org\/{rel}","templated":true}]}}