{"id":20304,"date":"2023-07-28T13:32:49","date_gmt":"2023-07-28T13:32:49","guid":{"rendered":"https:\/\/www.customywear.com\/?post_type=product&#038;p=20304"},"modified":"2026-05-16T11:40:39","modified_gmt":"2026-05-16T11:40:39","slug":"personalizovane-zeny-anjel-kridla-tricko","status":"publish","type":"product","link":"https:\/\/www.customywear.com\/sk\/custom-angel-woman-wings-shirt\/","title":{"rendered":"Tri\u010dko s anjelskou \u017eenou a kr\u00eddlami na mieru | Personalizovan\u00e9 fantasy tri\u010dko"},"content":{"rendered":"<p>Pozdvihnite svoj zmysel pre o\u010darenie s na\u0161\u00edm podmaniv\u00fdm tri\u010dkom s anjelskou \u017eenou a kr\u00eddlami na mieru, personalizovan\u00fdm majstrovsk\u00fdm dielom, ktor\u00e9 vd\u00fdchne \u017eivot \u00e9terickej kr\u00e1se. Prostredn\u00edctvom umeleck\u00e9ho spracovania n\u00e1\u0161ho dizajn\u00e9rskeho procesu premen\u00edme va\u0161u fotografiu na fascinuj\u00faci vektorov\u00fd portr\u00e9t, ktor\u00fd v\u00e1s zobrazuje ako p\u00f4vabn\u00e9ho anjela s majest\u00e1tnymi kr\u00eddlami. Toto \u00fa\u017easn\u00e9 a doj\u00edmav\u00e9 tri\u010dko na mieru je premyslen\u00fdm dar\u010dekom, ktor\u00fd oslavuje v\u00e1\u0161ho vn\u00fatorn\u00e9ho ducha a individualitu. N\u00e1\u0161 \u0161pecializovan\u00fd dizajn\u00e9rsky t\u00edm vyu\u017e\u00edva kreat\u00edvnu silu programov Adobe Illustrator a Adobe Photoshop na bezprobl\u00e9mov\u00e9 spojenie v\u00e1\u0161ho obrazu s r\u00ed\u0161ou fant\u00e1zie. Dizajn je bezchybne vytla\u010den\u00fd pomocou najmodernej\u0161ej technol\u00f3gie DTG, ktor\u00e1 zais\u0165uje \u017eiv\u00e9 farby a v\u00fdnimo\u010dn\u00fa odolnos\u0165. Na\u0161e unisex tri\u010dk\u00e1, ktor\u00e9 s\u00fa k dispoz\u00edcii s kr\u00e1tkym aj dlh\u00fdm ruk\u00e1vom, s\u00fa vhodn\u00e9 pre dospel\u00fdch v\u0161etk\u00fdch vekov\u00fdch kateg\u00f3ri\u00ed a poskytuj\u00fa pohodln\u00e9 nosenie pre ka\u017ed\u00e9ho nosite\u013ea. Dodajte svojmu \u0161atn\u00edku n\u00e1dych nebeskej elegancie s personalizovan\u00fdm tri\u010dkom, ktor\u00e9 zah\u0155\u0148a k\u00fazlo predstavivosti. Na\u0161a rozmanit\u00e1 kolekcia sa m\u00f4\u017ee pochv\u00e1li\u0165 radom dizajnov, ktor\u00e9 zachyt\u00e1vaj\u00fa podstatu fant\u00e1zie a sebavyjadrenia, pri\u010dom ka\u017ed\u00fd z nich je premyslene vytvoren\u00fd tak, aby in\u0161piroval \u00fa\u017eas a obdiv. \u010ci u\u017e ide o jedine\u010dn\u00fd dar\u010dek alebo o\u010daruj\u00faci doplnok v\u00e1\u0161ho ka\u017edodenn\u00e9ho oble\u010denia, na\u0161e personalizovan\u00e9 tri\u010dk\u00e1 s\u00fa nosite\u013en\u00e9 umeleck\u00e9 diela, ktor\u00e9 vy\u017earuj\u00fa vn\u00fatorn\u00fa kr\u00e1su a preb\u00fadzaj\u00fa vo v\u00e1s zmysel pre \u00fa\u017eas.<\/p>","protected":false},"excerpt":{"rendered":"<p>Vytvorte ohromuj\u00facu ko\u0161e\u013eu Angel Woman With Wings z akejko\u013evek fotografie. Na\u0161e personalizovan\u00e9 fantasy tri\u010dko sp\u00e1ja eleganciu a fant\u00e1ziu pre jedine\u010dn\u00e9 tri\u010dko na mieru.<\/p>","protected":false},"featured_media":142719,"comment_status":"open","ping_status":"closed","template":"","meta":{"_acf_changed":false},"product_brand":[],"product_cat":[6191,145,6412,6428,6358,6357,6356],"product_tag":[6214,6433,146,6328,229,6215,6442,112],"class_list":{"0":"post-20304","1":"product","2":"type-product","3":"status-publish","4":"has-post-thumbnail","6":"product_cat-t-shirts-women","7":"product_cat-custom-gifts-fairy-angels","8":"product_cat-photo-to-tees","9":"product_cat-translate-products","10":"product_cat-womens-anniversary-t-shirts","11":"product_cat-womens-birthday-t-shirts","12":"product_cat-womens-summer-t-shirts","13":"product_tag-affordable-custom-t-shirts","14":"product_tag-ai-artwork","15":"product_tag-angel_shirt","16":"product_tag-custom-image-t-shirt-for-women","17":"product_tag-custom-tee-shirts","18":"product_tag-screen-printing-near-me","19":"product_tag-top-artwork","20":"product_tag-women","22":"first","23":"instock","24":"taxable","25":"shipping-taxable","26":"purchasable","27":"product-type-simple"},"acf":[],"wcpa_form_fields":null,"_links":{"self":[{"href":"https:\/\/www.customywear.com\/sk\/wp-json\/wp\/v2\/product\/20304","targetHints":{"allow":["GET"]}}],"collection":[{"href":"https:\/\/www.customywear.com\/sk\/wp-json\/wp\/v2\/product"}],"about":[{"href":"https:\/\/www.customywear.com\/sk\/wp-json\/wp\/v2\/types\/product"}],"replies":[{"embeddable":true,"href":"https:\/\/www.customywear.com\/sk\/wp-json\/wp\/v2\/comments?post=20304"}],"wp:featuredmedia":[{"embeddable":true,"href":"https:\/\/www.customywear.com\/sk\/wp-json\/wp\/v2\/media\/142719"}],"wp:attachment":[{"href":"https:\/\/www.customywear.com\/sk\/wp-json\/wp\/v2\/media?parent=20304"}],"wp:term":[{"taxonomy":"product_brand","embeddable":true,"href":"https:\/\/www.customywear.com\/sk\/wp-json\/wp\/v2\/product_brand?post=20304"},{"taxonomy":"product_cat","embeddable":true,"href":"https:\/\/www.customywear.com\/sk\/wp-json\/wp\/v2\/product_cat?post=20304"},{"taxonomy":"product_tag","embeddable":true,"href":"https:\/\/www.customywear.com\/sk\/wp-json\/wp\/v2\/product_tag?post=20304"}],"curies":[{"name":"wp","href":"https:\/\/api.w.org\/{rel}","templated":true}]}}