{"id":20306,"date":"2023-07-28T13:32:51","date_gmt":"2023-07-28T13:32:51","guid":{"rendered":"https:\/\/www.customywear.com\/?post_type=product&#038;p=20306"},"modified":"2026-05-07T15:29:59","modified_gmt":"2026-05-07T15:29:59","slug":"vlastna-arabska-dievcenska-hidzabova-kosela","status":"publish","type":"product","link":"https:\/\/www.customywear.com\/sk\/custom-arabian-girl-hijab-shirt\/","title":{"rendered":"Vlastn\u00e9 arabsk\u00e9 diev\u010densk\u00e9 hid\u017e\u00e1bov\u00e9 tri\u010dko | Personalizovan\u00e9 kult\u00farne detsk\u00e9 tri\u010dko"},"content":{"rendered":"<p>Pozdvihnite kult\u00farnu cestu v\u00e1\u0161ho die\u0165a\u0165a s na\u0161\u00edm o\u010daruj\u00facim tri\u010dkom s hid\u017e\u00e1bom pre arabsk\u00e9 diev\u010dat\u00e1, ktor\u00e9 je personalizovanou poctou kr\u00e1se a p\u00f4vabu arabsk\u00fdch trad\u00edci\u00ed. Prostredn\u00edctvom umeleck\u00e9ho dotyku n\u00e1\u0161ho dizajn\u00e9rskeho procesu premie\u0148ame fotografiu v\u00e1\u0161ho die\u0165a\u0165a na podmaniv\u00fd vektorov\u00fd portr\u00e9t, ktor\u00fd ho zobrazuje oble\u010den\u00e9ho v n\u00e1dhernom tradi\u010dnom arabskom odeve s hid\u017e\u00e1bom. Toto jedine\u010dn\u00e9 a doj\u00edmav\u00e9 tri\u010dko na mieru je zmyslupln\u00fdm dar\u010dekom, ktor\u00fd oslavuje kult\u00farnu rozmanitos\u0165 a in\u0161piruje pocit kult\u00farnej hrdosti. Vyu\u017e\u00edvaj\u00fac kreat\u00edvnu silu programov Adobe Illustrator a Adobe Photoshop, n\u00e1\u0161 t\u00edm odborn\u00fdch dizajn\u00e9rov starostlivo vytv\u00e1ra harmonick\u00e9 spojenie obrazu v\u00e1\u0161ho die\u0165a\u0165a a zlo\u017eit\u00fdch detailov arabskej estetiky. Pomocou najmodernej\u0161ej technol\u00f3gie tla\u010de DTG zabezpe\u010dujeme, aby sa dizajn mohol pochv\u00e1li\u0165 v\u00fdrazn\u00fdmi farbami a trvalou kvalitou. Na\u0161e unisex tri\u010dk\u00e1, ktor\u00e9 s\u00fa k dispoz\u00edcii s kr\u00e1tkym aj dlh\u00fdm ruk\u00e1vom, s\u00fa vhodn\u00e9 pre deti a ml\u00e1de\u017e v\u0161etk\u00fdch vekov\u00fdch kateg\u00f3ri\u00ed a poskytuj\u00fa pohodln\u00e9 a \u0161t\u00fdlov\u00e9 nosenie. Oslavujte bohatstvo dedi\u010dstva a kr\u00e1su kult\u00farneho prejavu s personalizovan\u00fdm tri\u010dkom, ktor\u00e9 bezprobl\u00e9movo sp\u00e1ja trad\u00edciu so s\u00fa\u010dasn\u00fdm \u0161t\u00fdlom. Na\u0161a rozsiahla kolekcia predstavuje nespo\u010detn\u00e9 mno\u017estvo dizajnov, ktor\u00e9 ctia rozmanit\u00e9 kult\u00fary, pri\u010dom ka\u017ed\u00fd z nich je starostlivo vytvoren\u00fd s cie\u013eom podporova\u0165 kult\u00farne uznanie a posil\u0148ova\u0165 siln\u00fd pocit identity. \u010ci u\u017e ide o vz\u00e1cny suven\u00edr alebo m\u00f3dny doplnok \u0161atn\u00edka, na\u0161e personalizovan\u00e9 tri\u010dk\u00e1 sl\u00fa\u017eia ako nosite\u013en\u00e9 svedectvo o kult\u00farnej hrdosti a jednote, preklenuj\u00fa priepas\u0165 medzi gener\u00e1ciami a in\u0161piruj\u00fa mlad\u00e9 mysle, aby prijali svet okolo seba.<\/p>","protected":false},"excerpt":{"rendered":"<p>Preme\u0148te svoju fotografiu na kr\u00e1snu vlastn\u00fa ko\u0161e\u013eu Arabian Girl Hijab. Na\u0161e prisp\u00f4soben\u00e9 kult\u00farne detsk\u00e9 tri\u010dko vyzdvihuje trad\u00edciu a \u0161arm v jedine\u010dnom tri\u010dku na mieru.<\/p>","protected":false},"featured_media":142482,"comment_status":"open","ping_status":"closed","template":"","meta":{"_acf_changed":false},"product_brand":[],"product_cat":[6193,179,6412,6428],"product_tag":[6433,6439,64,65,67,156],"class_list":{"0":"post-20306","1":"product","2":"type-product","3":"status-publish","4":"has-post-thumbnail","6":"product_cat-girls-t-shirts","7":"product_cat-custom-gifts-arabic-culture","8":"product_cat-photo-to-tees","9":"product_cat-translate-products","10":"product_tag-ai-artwork","11":"product_tag-ai-kids-artwork","12":"product_tag-country_shirts","13":"product_tag-kid","14":"product_tag-kids_birthday_shirt","15":"product_tag-youth-girl","17":"first","18":"instock","19":"taxable","20":"shipping-taxable","21":"purchasable","22":"product-type-simple"},"acf":[],"wcpa_form_fields":null,"_links":{"self":[{"href":"https:\/\/www.customywear.com\/sk\/wp-json\/wp\/v2\/product\/20306","targetHints":{"allow":["GET"]}}],"collection":[{"href":"https:\/\/www.customywear.com\/sk\/wp-json\/wp\/v2\/product"}],"about":[{"href":"https:\/\/www.customywear.com\/sk\/wp-json\/wp\/v2\/types\/product"}],"replies":[{"embeddable":true,"href":"https:\/\/www.customywear.com\/sk\/wp-json\/wp\/v2\/comments?post=20306"}],"wp:featuredmedia":[{"embeddable":true,"href":"https:\/\/www.customywear.com\/sk\/wp-json\/wp\/v2\/media\/142482"}],"wp:attachment":[{"href":"https:\/\/www.customywear.com\/sk\/wp-json\/wp\/v2\/media?parent=20306"}],"wp:term":[{"taxonomy":"product_brand","embeddable":true,"href":"https:\/\/www.customywear.com\/sk\/wp-json\/wp\/v2\/product_brand?post=20306"},{"taxonomy":"product_cat","embeddable":true,"href":"https:\/\/www.customywear.com\/sk\/wp-json\/wp\/v2\/product_cat?post=20306"},{"taxonomy":"product_tag","embeddable":true,"href":"https:\/\/www.customywear.com\/sk\/wp-json\/wp\/v2\/product_tag?post=20306"}],"curies":[{"name":"wp","href":"https:\/\/api.w.org\/{rel}","templated":true}]}}