{"id":20307,"date":"2023-07-28T13:32:53","date_gmt":"2023-07-28T13:32:53","guid":{"rendered":"https:\/\/www.customywear.com\/?post_type=product&#038;p=20307"},"modified":"2026-05-05T20:24:12","modified_gmt":"2026-05-05T20:24:12","slug":"zakazkova-kosela-arabskeho-muza","status":"publish","type":"product","link":"https:\/\/www.customywear.com\/sk\/custom-arabian-man-shirt\/","title":{"rendered":"P\u00e1nske tri\u010dko arabsk\u00e9ho p\u00f4vodu | Personalizovan\u00e9 tri\u010dko pre milovn\u00edkov cestovania"},"content":{"rendered":"<p>Vydajte sa na personalizovan\u00fa cestu \u0161t\u00fdlu a kult\u00fary s na\u0161ou vynikaj\u00facou p\u00e1nskou ko\u0161e\u013eou na mieru pre arabsk\u00fdch mu\u017eov, ktor\u00e1 je navrhnut\u00e1 tak, aby zachytila \u200b\u200bpodstatu trad\u00edcie a t\u00fa\u017eby po cestovan\u00ed. Na\u0161i zru\u010dn\u00ed remeseln\u00edci vyu\u017e\u00edvaj\u00fa silu programov Adobe Illustrator a Adobe Photoshop na premenu va\u0161ej fotografie na podmaniv\u00e9 vektorov\u00e9 portr\u00e9tne umenie, ktor\u00e9 o\u017eiv\u00ed \u010daro tradi\u010dn\u00e9ho arabsk\u00e9ho odevu. Toto jedine\u010dn\u00e9 tri\u010dko na mieru nie je len m\u00f3dnym doplnkom, ale aj cenn\u00fdm suven\u00edrom pre nad\u0161encov cestovania a kult\u00fary. Doprajte si \u010daro arabsk\u00e9ho dedi\u010dstva s n\u00e1dychom s\u00fa\u010dasn\u00e9ho m\u00f3dneho vkusu. Pr\u00e9miov\u00fd vektorov\u00fd dizajn, starostlivo vytvoren\u00fd na\u0161\u00edm t\u00edmom, zdob\u00ed na\u0161e unisex tri\u010dk\u00e1 s kr\u00e1tkym aj dlh\u00fdm ruk\u00e1vom. Prepracovan\u00e9 detaily a \u017eiariv\u00e9 farby o\u017e\u00edvaj\u00fa v\u010faka pokro\u010dilej technol\u00f3gii tla\u010de DTG, ktor\u00e1 zabezpe\u010duje, \u017ee va\u0161e personalizovan\u00e9 tri\u010dko vy\u017earuje bezkonkuren\u010dn\u00fa kvalitu a \u0161t\u00fdl. \u010ci u\u017e objavujete vzdialen\u00e9 krajiny alebo jednoducho prij\u00edmate svoje kult\u00farne korene, toto tri\u010dko na mieru sa stane v\u0161estrann\u00fdm doplnkom v\u00e1\u0161ho \u0161atn\u00edka. Oslavujte svoju l\u00e1sku k cestovaniu, kult\u00fare a sebavyjadreniu s personalizovan\u00fdm tri\u010dkom, ktor\u00e9 steles\u0148uje ducha dobrodru\u017estva a rozmanitosti. Ka\u017ed\u00e9 tri\u010dko je pl\u00e1tnom umeleckej vynaliezavosti a poz\u00fdva v\u00e1s, aby ste uk\u00e1zali svoju jedine\u010dn\u00fa identitu a v\u00e1\u0161ne. Na\u0161a kolekcia presahuje hranice a pon\u00faka \u0161irok\u00fa \u0161k\u00e1lu dizajnov, ktor\u00e9 s\u00fa vhodn\u00e9 pre dospel\u00fdch, ml\u00e1de\u017e, deti aj bato\u013eat\u00e1. Nechajte svoje oble\u010denie hovori\u0165 o va\u0161ej individualite a z\u00e1rove\u0148 si uchov\u00e1vajte spomienky, ktor\u00e9 in\u0161pirovali jeho vznik.<\/p>","protected":false},"excerpt":{"rendered":"<p>Nechajte ak\u00fako\u013evek fotografiu o\u017ei\u0165 na vlastnej ko\u0161eli Arabian Man. Personalizovan\u00e9 tri\u010dko Lover Travel sp\u00e1ja kult\u00farny vkus a dobrodru\u017estvo do jedine\u010dn\u00e9ho dizajnu tri\u010diek na mieru.<\/p>","protected":false},"featured_media":142461,"comment_status":"open","ping_status":"closed","template":"","meta":{"_acf_changed":false},"product_brand":[],"product_cat":[6195,6157,6156,179,186,6345,6412,6428],"product_tag":[6433,193,6216,209],"class_list":{"0":"post-20307","1":"product","2":"type-product","3":"status-publish","4":"has-post-thumbnail","6":"product_cat-t-shirts-men","7":"product_cat-country","8":"product_cat-culture","9":"product_cat-custom-gifts-arabic-culture","10":"product_cat-men","11":"product_cat-mens-country-culture-t-shirts","12":"product_cat-photo-to-tees","13":"product_cat-translate-products","14":"product_tag-ai-artwork","15":"product_tag-boyfriend_gift","16":"product_tag-mens-custom-t-shirts","17":"product_tag-travel_lover_gift","19":"first","20":"instock","21":"taxable","22":"shipping-taxable","23":"purchasable","24":"product-type-simple"},"acf":[],"wcpa_form_fields":null,"_links":{"self":[{"href":"https:\/\/www.customywear.com\/sk\/wp-json\/wp\/v2\/product\/20307","targetHints":{"allow":["GET"]}}],"collection":[{"href":"https:\/\/www.customywear.com\/sk\/wp-json\/wp\/v2\/product"}],"about":[{"href":"https:\/\/www.customywear.com\/sk\/wp-json\/wp\/v2\/types\/product"}],"replies":[{"embeddable":true,"href":"https:\/\/www.customywear.com\/sk\/wp-json\/wp\/v2\/comments?post=20307"}],"wp:featuredmedia":[{"embeddable":true,"href":"https:\/\/www.customywear.com\/sk\/wp-json\/wp\/v2\/media\/142461"}],"wp:attachment":[{"href":"https:\/\/www.customywear.com\/sk\/wp-json\/wp\/v2\/media?parent=20307"}],"wp:term":[{"taxonomy":"product_brand","embeddable":true,"href":"https:\/\/www.customywear.com\/sk\/wp-json\/wp\/v2\/product_brand?post=20307"},{"taxonomy":"product_cat","embeddable":true,"href":"https:\/\/www.customywear.com\/sk\/wp-json\/wp\/v2\/product_cat?post=20307"},{"taxonomy":"product_tag","embeddable":true,"href":"https:\/\/www.customywear.com\/sk\/wp-json\/wp\/v2\/product_tag?post=20307"}],"curies":[{"name":"wp","href":"https:\/\/api.w.org\/{rel}","templated":true}]}}