{"id":20312,"date":"2023-07-28T13:32:58","date_gmt":"2023-07-28T13:32:58","guid":{"rendered":"https:\/\/www.customywear.com\/?post_type=product&#038;p=20312"},"modified":"2026-05-07T15:29:59","modified_gmt":"2026-05-07T15:29:59","slug":"custom-astronaut-dievcenska-kosela","status":"publish","type":"product","link":"https:\/\/www.customywear.com\/sk\/custom-astronaut-girl-shirt\/","title":{"rendered":"Diev\u010densk\u00e9 tri\u010dko s astronautom | Personalizovan\u00e9 tri\u010dko s mot\u00edvom sestry Alien Moon"},"content":{"rendered":"<p>Zap\u00e1\u013ete bezhrani\u010dn\u00fa fant\u00e1ziu v\u00e1\u0161ho mal\u00e9ho dobrodruha s na\u0161\u00edm o\u010daruj\u00facim diev\u010densk\u00fdm tri\u010dkom s n\u00e1pisom \u201eAstronaut\u201c, ktor\u00e9 je personalizovanou poctou snom, ktor\u00e9 sa vzn\u00e1\u0161aj\u00fa za hviezdami. Vyu\u017e\u00edvame k\u00fazlo fotografie v\u00e1\u0161ho die\u0165a\u0165a a odborne vytv\u00e1rame podmaniv\u00fd vektorov\u00fd portr\u00e9t, ktor\u00fd ho premen\u00ed na neboj\u00e1cnu astronautku objavuj\u00facu nadpozemsk\u00fd mesiac. Tento n\u00e1padit\u00fd dizajn sl\u00fa\u017ei ako nad\u010dasov\u00fd zdroj in\u0161pir\u00e1cie, v\u010faka \u010domu je dokonal\u00fdm dar\u010dekom pre mlad\u00fdch vizion\u00e1rov a vesm\u00edrnych sn\u00edlkov, ktor\u00ed t\u00fa\u017eia dosiahnu\u0165 oblohu. Na\u0161i zru\u010dn\u00ed remeseln\u00edci vyu\u017e\u00edvaj\u00fa synergiu najmodernej\u0161\u00edch technol\u00f3gi\u00ed a umeleck\u00e9ho majstrovstva a vyu\u017e\u00edvaj\u00fa silu programov Adobe Illustrator a Adobe Photoshop, aby pozdvihli fotografiu v\u00e1\u0161ho die\u0165a\u0165a na pozoruhodn\u00e9 umeleck\u00e9 dielo. Tri\u010dko na mieru zobrazuje pr\u00e9miov\u00fa vektorov\u00fa ilustr\u00e1ciu, ktor\u00e1 d\u00f4myselne zachyt\u00e1va ducha prieskumu a objavovania vesm\u00edru. V\u010faka pokro\u010dil\u00fdm technik\u00e1m tla\u010de DTG o\u017e\u00edva ka\u017ed\u00fd detail a odtie\u0148, v\u010faka \u010domu va\u0161e personalizovan\u00e9 tri\u010dko steles\u0148uje vrchol remeseln\u00e9ho spracovania a kreativity. Na\u0161a unisex kolekcia detsk\u00fdch tri\u010diek s kr\u00e1tkym a dlh\u00fdm ruk\u00e1vom je navrhnut\u00e1 tak, aby steles\u0148ovala ducha zvedavosti a \u00fa\u017easu. Je dostupn\u00e1 v r\u00f4znych ve\u013ekostiach a je ide\u00e1lna pre r\u00f4zne vekov\u00e9 skupiny. V\u010faka v\u0161estrannosti na\u0161ich dizajnov m\u00f4\u017ee va\u0161a mlad\u00e1 objavite\u013eka hrdo vystavova\u0165 svoje jedine\u010dn\u00e9 v\u00fdtvory pri ka\u017edej pr\u00edle\u017eitosti. Osl\u00e1vte jej neobmedzen\u00fa predstavivos\u0165 a v\u00e1\u0161e\u0148 pre vesm\u00edr tri\u010dkom na mieru, ktor\u00e9 bude cti\u0165 jej individualitu a poh\u00e1\u0148a\u0165 jej vesm\u00edrne t\u00fa\u017eby.<\/p>","protected":false},"excerpt":{"rendered":"<p>Vytvorte kozmick\u00e9 dobrodru\u017estvo s vlastnou ko\u0161e\u013eou astronautky. Personalizovan\u00e9 tri\u010dko Little Sister Alien Moon premen\u00ed ak\u00fako\u013evek fotografiu na z\u00e1bavn\u00e9, n\u00e1padit\u00e9 vesm\u00edrne tri\u010dko.<\/p>","protected":false},"featured_media":142510,"comment_status":"open","ping_status":"closed","template":"","meta":{"_acf_changed":false},"product_brand":[],"product_cat":[6193,248,6412,6428],"product_tag":[6433,6439,249],"class_list":{"0":"post-20312","1":"product","2":"type-product","3":"status-publish","4":"has-post-thumbnail","6":"product_cat-girls-t-shirts","7":"product_cat-custom-gifts-astronauts","8":"product_cat-photo-to-tees","9":"product_cat-translate-products","10":"product_tag-ai-artwork","11":"product_tag-ai-kids-artwork","12":"product_tag-astronaut-tees","14":"first","15":"instock","16":"taxable","17":"shipping-taxable","18":"purchasable","19":"product-type-simple"},"acf":[],"wcpa_form_fields":null,"_links":{"self":[{"href":"https:\/\/www.customywear.com\/sk\/wp-json\/wp\/v2\/product\/20312","targetHints":{"allow":["GET"]}}],"collection":[{"href":"https:\/\/www.customywear.com\/sk\/wp-json\/wp\/v2\/product"}],"about":[{"href":"https:\/\/www.customywear.com\/sk\/wp-json\/wp\/v2\/types\/product"}],"replies":[{"embeddable":true,"href":"https:\/\/www.customywear.com\/sk\/wp-json\/wp\/v2\/comments?post=20312"}],"wp:featuredmedia":[{"embeddable":true,"href":"https:\/\/www.customywear.com\/sk\/wp-json\/wp\/v2\/media\/142510"}],"wp:attachment":[{"href":"https:\/\/www.customywear.com\/sk\/wp-json\/wp\/v2\/media?parent=20312"}],"wp:term":[{"taxonomy":"product_brand","embeddable":true,"href":"https:\/\/www.customywear.com\/sk\/wp-json\/wp\/v2\/product_brand?post=20312"},{"taxonomy":"product_cat","embeddable":true,"href":"https:\/\/www.customywear.com\/sk\/wp-json\/wp\/v2\/product_cat?post=20312"},{"taxonomy":"product_tag","embeddable":true,"href":"https:\/\/www.customywear.com\/sk\/wp-json\/wp\/v2\/product_tag?post=20312"}],"curies":[{"name":"wp","href":"https:\/\/api.w.org\/{rel}","templated":true}]}}