{"id":20340,"date":"2023-07-28T13:33:20","date_gmt":"2023-07-28T13:33:20","guid":{"rendered":"https:\/\/www.customywear.com\/?post_type=product&#038;p=20340"},"modified":"2026-05-05T20:23:37","modified_gmt":"2026-05-05T20:23:37","slug":"zenske-tricko-na-jogu-na-mieru","status":"publish","type":"product","link":"https:\/\/www.customywear.com\/sk\/custom-butterfly-yoga-woman-t-shirt\/","title":{"rendered":"D\u00e1mske tri\u010dko na jogu s mot\u00fd\u013eom | Personalizovan\u00e9 tri\u010dko in\u0161pirovan\u00e9 pr\u00edrodou"},"content":{"rendered":"<p>Posu\u0148te svoju jogov\u00fa cestu na vy\u0161\u0161iu \u00farove\u0148 s na\u0161\u00edm d\u00e1mskym tri\u010dkom s mot\u00fdl\u00edmi kr\u00eddlami na jogu na mieru, ktor\u00e9 je harmonickou zmesou osobn\u00e9ho umenia a pokojnej pr\u00edrody. Ponorte sa do sveta v\u0161\u00edmav\u00e9ho pohybu, zatia\u013e \u010do my zachyt\u00e1vame va\u0161u podstatu v podmanivej jogovej p\u00f3ze s p\u00f4vabn\u00fdmi mot\u00fdl\u00edmi kr\u00eddlami uprostred majest\u00e1tnych h\u00f4r. Toto jedine\u010dn\u00e9 tri\u010dko je d\u00f4kazom va\u0161ej oddanosti joge a va\u0161ej l\u00e1sky k pr\u00edrode a umo\u017e\u0148uje v\u00e1m nosi\u0165 svoje v\u00e1\u0161ne s hrdos\u0165ou.<\/p>\n<p>Predstavte si seba ako anjela jogy, p\u00f4vabn\u00e9 stelesnenie sily a pokoja, ozdoben\u00e9 k\u00fazlom mot\u00fdl\u00edch kr\u00eddel. Na\u0161i zru\u010dn\u00ed umelci vyu\u017e\u00edvaj\u00fa kreat\u00edvne schopnosti programov Adobe Illustrator a Adobe Photoshop na vytvorenie \u00fa\u017easn\u00e9ho vektorov\u00e9ho portr\u00e9tu, ktor\u00fd vd\u00fdchne \u017eivot va\u0161ej jogovej praxi. V\u010faka prec\u00edznej DTG tla\u010di je \u017eiv\u00fd dizajn zve\u010dnen\u00fd na vysoko kvalitnom unisex tri\u010dku, \u010d\u00edm sa zabezpe\u010d\u00ed trval\u00e9 spojenie medzi vami a kr\u00e1sou pr\u00edrody.<\/p>\n<p>Toto personalizovan\u00e9 tri\u010dko prekra\u010duje hranice a je vhodn\u00e9 pre \u017eeny, dospel\u00fdch, ml\u00e1de\u017e, deti aj bato\u013eat\u00e1. \u010ci u\u017e h\u013ead\u00e1te spolo\u010dn\u00edka na cvi\u010denie, dar\u010dek k narodenin\u00e1m alebo prejav uznania pre kolegu jog\u00edna, na\u0161e d\u00e1mske tri\u010dko s mot\u00fd\u013eom na jogu rezonuje na hlbokej \u00farovni. Objavte rados\u0165 z nosite\u013en\u00e9ho umenia a presk\u00famajte na\u0161u ponuku podobn\u00fdch dizajnov, z ktor\u00fdch ka\u017ed\u00fd pon\u00faka jedine\u010dn\u00fd poh\u013ead do va\u0161ich v\u00e1\u0161n\u00ed, dostupn\u00fdch pre \u013eud\u00ed aj ich milovan\u00fdch dom\u00e1cich mil\u00e1\u010dikov.<\/p>","protected":false},"excerpt":{"rendered":"<p>N\u00e1jdite rovnov\u00e1hu s vlastn\u00fdm tri\u010dkom Butterfly Yoga Woman. Personalizovan\u00e9 tri\u010dk\u00e1 in\u0161pirovan\u00e9 pr\u00edrodou premenia ka\u017ed\u00fa fotografiu na upokojuj\u00face, jedine\u010dn\u00e9 tri\u010dko.<\/p>","protected":false},"featured_media":143212,"comment_status":"open","ping_status":"closed","template":"","meta":{"_acf_changed":false},"product_brand":[],"product_cat":[6191,6412,6428,6362,6248],"product_tag":[6433,6217,576,326,112,594],"class_list":{"0":"post-20340","1":"product","2":"type-product","3":"status-publish","4":"has-post-thumbnail","6":"product_cat-t-shirts-women","7":"product_cat-photo-to-tees","8":"product_cat-translate-products","9":"product_cat-womens-yoga-t-shirts","10":"product_cat-yoga-gifts","11":"product_tag-ai-artwork","12":"product_tag-custom-t-shirt","13":"product_tag-cute-yoga-shirts","14":"product_tag-sports","15":"product_tag-women","16":"product_tag-yoga_tee_shirt","18":"first","19":"instock","20":"taxable","21":"shipping-taxable","22":"purchasable","23":"product-type-simple"},"acf":[],"wcpa_form_fields":null,"_links":{"self":[{"href":"https:\/\/www.customywear.com\/sk\/wp-json\/wp\/v2\/product\/20340","targetHints":{"allow":["GET"]}}],"collection":[{"href":"https:\/\/www.customywear.com\/sk\/wp-json\/wp\/v2\/product"}],"about":[{"href":"https:\/\/www.customywear.com\/sk\/wp-json\/wp\/v2\/types\/product"}],"replies":[{"embeddable":true,"href":"https:\/\/www.customywear.com\/sk\/wp-json\/wp\/v2\/comments?post=20340"}],"wp:featuredmedia":[{"embeddable":true,"href":"https:\/\/www.customywear.com\/sk\/wp-json\/wp\/v2\/media\/143212"}],"wp:attachment":[{"href":"https:\/\/www.customywear.com\/sk\/wp-json\/wp\/v2\/media?parent=20340"}],"wp:term":[{"taxonomy":"product_brand","embeddable":true,"href":"https:\/\/www.customywear.com\/sk\/wp-json\/wp\/v2\/product_brand?post=20340"},{"taxonomy":"product_cat","embeddable":true,"href":"https:\/\/www.customywear.com\/sk\/wp-json\/wp\/v2\/product_cat?post=20340"},{"taxonomy":"product_tag","embeddable":true,"href":"https:\/\/www.customywear.com\/sk\/wp-json\/wp\/v2\/product_tag?post=20340"}],"curies":[{"name":"wp","href":"https:\/\/api.w.org\/{rel}","templated":true}]}}