{"id":20348,"date":"2023-07-28T13:33:48","date_gmt":"2023-07-28T13:33:48","guid":{"rendered":"https:\/\/www.customywear.com\/?post_type=product&#038;p=20348"},"modified":"2026-05-07T15:29:58","modified_gmt":"2026-05-07T15:29:58","slug":"personalizovane-dievca-jaskynny-clovek-tricko","status":"publish","type":"product","link":"https:\/\/www.customywear.com\/sk\/custom-caveman-girl-shirt\/","title":{"rendered":"Vlastn\u00e9 Barbar Diev\u010da Tri\u010dko | Osobn\u00e9 D\u00e1vnych Black Deti Tee"},"content":{"rendered":"<p>Vkro\u010dte do minulosti s na\u0161\u00edm diev\u010densk\u00fdm tri\u010dkom s mot\u00edvom jaskynn\u00e9ho mu\u017ea, hravou a personalizovanou \u00f3dou na starovek\u00e9 \u010dasy. Ponorte svoje die\u0165a do sveta fant\u00e1zie, zatia\u013e \u010do my vytvor\u00edme vektorov\u00fd portr\u00e9t z jeho fotografie a premen\u00edme ho na starovek\u00e9ho jaskynn\u00e9ho mu\u017ea s n\u00e1dychom humoru. Toto kreat\u00edvne detsk\u00e9 tri\u010dko je viac ne\u017e len oble\u010denie; je to p\u00f4vabn\u00fd a vtipn\u00fd dar\u010dek, ktor\u00fd oslavuje mladistv\u00fa nad\u0161enie. Predstavte si svoje die\u0165a ako mini-dobrodruha z minulej \u00e9ry so starobyl\u00fdm vzh\u013eadom, ktor\u00fd podnecuje smiech a zvedavos\u0165. Na\u0161i zru\u010dn\u00ed umelci vyu\u017e\u00edvaj\u00fa umeleck\u00e9 schopnosti programov Adobe Illustrator a Adobe Photoshop na vytvorenie vizu\u00e1lne p\u00fatav\u00e9ho zobrazenia, ktor\u00e9 sp\u00e1ja hist\u00f3riu s humorom. V\u010faka prec\u00edznej DTG tla\u010di sa toto vysoko kvalitn\u00e9 unisex tri\u010dko st\u00e1va pl\u00e1tnom kreativity a radosti, \u010d\u00edm sa zabezpe\u010d\u00ed trval\u00e9 spojenie medzi va\u0161\u00edm die\u0165a\u0165om a jeho personalizovan\u00fdm majstrovsk\u00fdm dielom. Za\u017eite rados\u0165 z prisp\u00f4sobenia s ve\u013ekos\u0165ami dostupn\u00fdmi pre ml\u00e1de\u017e, deti a bato\u013eat\u00e1, v\u010faka \u010domu je toto tri\u010dko perfektn\u00fdm dar\u010dekom pre mlad\u00fdch nad\u0161encov humoru. Ponorte sa do sveta nosite\u013en\u00e9ho umenia a presk\u00famajte mno\u017estvo podobn\u00fdch dizajnov, ktor\u00e9 steles\u0148uj\u00fa ducha z\u00e1bavy a kreativity, a to v\u0161etko s mo\u017enos\u0165ou prisp\u00f4sobenia s \u013eudsk\u00fdmi aj zvierac\u00edmi tv\u00e1rami. Za\u017eehnite fant\u00e1ziu svojho die\u0165a\u0165a a zdie\u013eajte smiech s personalizovan\u00fdm tri\u010dkom, ktor\u00e9 zachyt\u00e1va podstatu mladistv\u00e9ho \u00fa\u017easu a bezstarostnosti.<\/p>","protected":false},"excerpt":{"rendered":"<p>Vr\u00e1\u0165te sa v \u010dase s diev\u010denskou ko\u0161e\u013eou Caveman. Personalizovan\u00e9 star\u00e9 \u010dierne detsk\u00e9 tri\u010dko premen\u00ed ka\u017ed\u00fa fotografiu na z\u00e1bavn\u00e9 tri\u010dko na mieru s prehistorickou tematikou.<\/p>","protected":false},"featured_media":142616,"comment_status":"open","ping_status":"closed","template":"","meta":{"_acf_changed":false},"product_brand":[],"product_cat":[6193,691,6412,6428],"product_tag":[6433,6439,694,65,67,156],"class_list":{"0":"post-20348","1":"product","2":"type-product","3":"status-publish","4":"has-post-thumbnail","6":"product_cat-girls-t-shirts","7":"product_cat-custom-gifts-caveman","8":"product_cat-photo-to-tees","9":"product_cat-translate-products","10":"product_tag-ai-artwork","11":"product_tag-ai-kids-artwork","12":"product_tag-children_birthday","13":"product_tag-kid","14":"product_tag-kids_birthday_shirt","15":"product_tag-youth-girl","17":"first","18":"instock","19":"taxable","20":"shipping-taxable","21":"purchasable","22":"product-type-simple"},"acf":[],"wcpa_form_fields":null,"_links":{"self":[{"href":"https:\/\/www.customywear.com\/sk\/wp-json\/wp\/v2\/product\/20348","targetHints":{"allow":["GET"]}}],"collection":[{"href":"https:\/\/www.customywear.com\/sk\/wp-json\/wp\/v2\/product"}],"about":[{"href":"https:\/\/www.customywear.com\/sk\/wp-json\/wp\/v2\/types\/product"}],"replies":[{"embeddable":true,"href":"https:\/\/www.customywear.com\/sk\/wp-json\/wp\/v2\/comments?post=20348"}],"wp:featuredmedia":[{"embeddable":true,"href":"https:\/\/www.customywear.com\/sk\/wp-json\/wp\/v2\/media\/142616"}],"wp:attachment":[{"href":"https:\/\/www.customywear.com\/sk\/wp-json\/wp\/v2\/media?parent=20348"}],"wp:term":[{"taxonomy":"product_brand","embeddable":true,"href":"https:\/\/www.customywear.com\/sk\/wp-json\/wp\/v2\/product_brand?post=20348"},{"taxonomy":"product_cat","embeddable":true,"href":"https:\/\/www.customywear.com\/sk\/wp-json\/wp\/v2\/product_cat?post=20348"},{"taxonomy":"product_tag","embeddable":true,"href":"https:\/\/www.customywear.com\/sk\/wp-json\/wp\/v2\/product_tag?post=20348"}],"curies":[{"name":"wp","href":"https:\/\/api.w.org\/{rel}","templated":true}]}}