{"id":20394,"date":"2023-07-28T13:34:40","date_gmt":"2023-07-28T13:34:40","guid":{"rendered":"https:\/\/www.customywear.com\/?post_type=product&#038;p=20394"},"modified":"2026-05-05T20:23:37","modified_gmt":"2026-05-05T20:23:37","slug":"vlastne-mimozemske-ufo-vesmirne-tricko","status":"publish","type":"product","link":"https:\/\/www.customywear.com\/sk\/custom-alien-ufo-space-tee\/","title":{"rendered":"Tri\u010dko s mimozemsk\u00fdm UFO vesm\u00edrom na mieru: Personalizovan\u00e9 tri\u010dko s portr\u00e9tom UFO"},"content":{"rendered":"<p>Prebu\u010fte svoju zvedavos\u0165 s na\u0161ou kolekciou tri\u010diek s mot\u00edvom mimozem\u0161\u0165ana \u2013 zmesou vedy, vesm\u00edru a personalizovan\u00e9ho \u0161t\u00fdlu. Na\u0161e unisex tri\u010dk\u00e1 s dlh\u00fdm a kr\u00e1tkym ruk\u00e1vom v\u00e1s prenes\u00fa do mimozemskej r\u00ed\u0161e a pomocou va\u0161ej fotografie vytvoria p\u00fatav\u00e9 vektorov\u00e9 portr\u00e9ty, ktor\u00e9 v\u00e1s premenia na bytos\u0165 z in\u00e9ho sveta. Toto tri\u010dko na mieru nie je len odev; je to br\u00e1na k vesm\u00edrnemu objavovaniu, navrhnut\u00e1 tak, aby vyvolala \u00fasmevy a \u00fa\u017eas. Vydajte sa na cestu transform\u00e1cie a prijmite svojho vn\u00fatorn\u00e9ho mimozem\u0161\u0165ana, pripraven\u00ed urobi\u0165 vyhl\u00e1senie, ktor\u00e9 sa vzpiera v\u0161ednosti. Toto personalizovan\u00e9 tri\u010dko je perfektn\u00fdm dar\u010dekom, ktor\u00fd rozpr\u00fadi konverz\u00e1cie a rozd\u00facha smiech a zachyt\u00ed fascin\u00e1ciu dospel\u00fdch aj det\u00ed. Od batoliat a\u017e po dospel\u00fdch, na\u0161a kolekcia o\u017eivuje sci-fi v unisex dizajne, ktor\u00fd poz\u00fdva ka\u017ed\u00e9ho, aby sa podelil o vesm\u00edrny z\u00e1\u017eitok. Vytvoren\u00e9 s d\u00f4razom na detail, vyu\u017e\u00edvame silu programov Adobe Illustrator a Adobe Photoshop, aby sme va\u0161u fotografiu premenili na dielo vysoko kvalitn\u00e9ho vektorov\u00e9ho umenia. Ka\u017ed\u00fd \u0165ah a pixel je d\u00f4kazom n\u00e1\u0161ho z\u00e1v\u00e4zku k dokonalosti. V\u010faka technol\u00f3gii tla\u010de DTG sa na\u0161e tri\u010dk\u00e1 st\u00e1vaj\u00fa pl\u00e1tnami vyjadrenia, ktor\u00e9 oslovia v\u0161etky vekov\u00e9 kateg\u00f3rie. \u010ci u\u017e vyjadrujete svoju jedine\u010dnos\u0165 alebo zdie\u013eate z\u00e1bavn\u00e9 prekvapenie s bl\u00edzkymi, na\u0161a kolekcia tri\u010diek s mot\u00edvom mimozem\u0161\u0165ana je dokonalou poctou predstavivosti, humoru a nekone\u010dn\u00fdm mo\u017enostiam vesm\u00edru.<\/p>","protected":false},"excerpt":{"rendered":"<p>Presk\u00famajte vesm\u00edr s vlastnou mimozemskou vesm\u00edrnou ko\u0161e\u013eou UFO. Na\u0161e personalizovan\u00e9 tri\u010dko UFO Portrait premen\u00ed ak\u00fako\u013evek fotografiu na jedine\u010dn\u00e9 tri\u010dko s mimozemskou tematikou.<\/p>","protected":false},"featured_media":142393,"comment_status":"open","ping_status":"closed","template":"","meta":{"_acf_changed":false},"product_brand":[],"product_cat":[6191,113,6412,6428],"product_tag":[6433,136,137,138,141,112],"class_list":{"0":"post-20394","1":"product","2":"type-product","3":"status-publish","4":"has-post-thumbnail","6":"product_cat-t-shirts-women","7":"product_cat-custom-gifts-alien-shirts","8":"product_cat-photo-to-tees","9":"product_cat-translate-products","10":"product_tag-ai-artwork","11":"product_tag-science_shirt","12":"product_tag-space_shirt","13":"product_tag-t-shirt-ufo","14":"product_tag-ufo-shirt","15":"product_tag-women","17":"first","18":"instock","19":"taxable","20":"shipping-taxable","21":"purchasable","22":"product-type-simple"},"acf":[],"wcpa_form_fields":null,"_links":{"self":[{"href":"https:\/\/www.customywear.com\/sk\/wp-json\/wp\/v2\/product\/20394","targetHints":{"allow":["GET"]}}],"collection":[{"href":"https:\/\/www.customywear.com\/sk\/wp-json\/wp\/v2\/product"}],"about":[{"href":"https:\/\/www.customywear.com\/sk\/wp-json\/wp\/v2\/types\/product"}],"replies":[{"embeddable":true,"href":"https:\/\/www.customywear.com\/sk\/wp-json\/wp\/v2\/comments?post=20394"}],"wp:featuredmedia":[{"embeddable":true,"href":"https:\/\/www.customywear.com\/sk\/wp-json\/wp\/v2\/media\/142393"}],"wp:attachment":[{"href":"https:\/\/www.customywear.com\/sk\/wp-json\/wp\/v2\/media?parent=20394"}],"wp:term":[{"taxonomy":"product_brand","embeddable":true,"href":"https:\/\/www.customywear.com\/sk\/wp-json\/wp\/v2\/product_brand?post=20394"},{"taxonomy":"product_cat","embeddable":true,"href":"https:\/\/www.customywear.com\/sk\/wp-json\/wp\/v2\/product_cat?post=20394"},{"taxonomy":"product_tag","embeddable":true,"href":"https:\/\/www.customywear.com\/sk\/wp-json\/wp\/v2\/product_tag?post=20394"}],"curies":[{"name":"wp","href":"https:\/\/api.w.org\/{rel}","templated":true}]}}