{"id":20417,"date":"2023-07-28T13:35:04","date_gmt":"2023-07-28T13:35:04","guid":{"rendered":"https:\/\/www.customywear.com\/?post_type=product&#038;p=20417"},"modified":"2026-05-16T11:13:02","modified_gmt":"2026-05-16T11:13:02","slug":"tricko-s-mimozemskou-vedeckou-pomockou-pre-astronautov","status":"publish","type":"product","link":"https:\/\/www.customywear.com\/sk\/custom-astronaut-alien-science-shirt\/","title":{"rendered":"Tri\u010dko s astronautom na mieru \u2013 personalizovan\u00e9 tri\u010dko s mimozemskou vedou pre neho"},"content":{"rendered":"<p>Predstavujeme na\u0161e <strong>Tri\u010dko astronauta na mieru<\/strong> \u2013 kozmick\u00e9 pl\u00e1tno individuality a objavovania, ur\u010den\u00e9 pre t\u00fdch, ktor\u00ed prechov\u00e1vaj\u00fa fascin\u00e1ciu vesm\u00edrom a nezn\u00e1mym. Toto inovat\u00edvne tri\u010dko, dostupn\u00e9 v unisex preveden\u00ed s dlh\u00fdm aj kr\u00e1tkym ruk\u00e1vom, premen\u00ed va\u0161u fotografiu na podmaniv\u00fd vektorov\u00fd portr\u00e9t, ktor\u00fd v\u00e1s umiestni do nadpozemskej krajiny ako neboj\u00e1cneho astronauta. Toto personalizovan\u00e9 tri\u010dko presahuje oby\u010dajn\u00e9 oble\u010denie; je stelesnen\u00edm in\u0161pir\u00e1cie, v\u010faka \u010domu je v\u00fdnimo\u010dn\u00fdm dar\u010dekom pre jednotlivcov uchv\u00e1ten\u00fdch z\u00e1zrakmi vesm\u00edru a vedy. Tieto tri\u010dk\u00e1, vytvoren\u00e9 tak, aby oslovili v\u0161etky vekov\u00e9 skupiny, od dospel\u00fdch cez ml\u00e1de\u017e a\u017e po deti a bato\u013eat\u00e1, s\u00fa poctou zvedav\u00fdm mysliam a nekone\u010dn\u00e9mu objavovaniu, ktor\u00e9 poh\u00e1\u0148a vedeck\u00fa zvedavos\u0165. Na\u0161i zru\u010dn\u00ed remeseln\u00edci vyu\u017e\u00edvaj\u00fa kreat\u00edvnu silu programov Adobe Illustrator a Adobe Photoshop na vytv\u00e1ranie n\u00e1vrhov, ktor\u00e9 podnecuj\u00fa fant\u00e1ziu a v\u00e1\u0161e\u0148 pre kozmick\u00e9 objavy. V\u010faka pokro\u010dilej technol\u00f3gii tla\u010de DTG sa ka\u017ed\u00e9 tri\u010dko st\u00e1va pl\u00e1tnom pre vysoko kvalitn\u00e9 vektorov\u00e9 umenie, ktor\u00e9 zachyt\u00e1va podstatu va\u0161ich snov in\u0161pirovan\u00fdch vesm\u00edrom. Jadrom tohto dizajnu je personaliz\u00e1cia, ktor\u00e1 v\u00e1m umo\u017e\u0148uje zahrn\u00fa\u0165 va\u0161u tv\u00e1r \u2013 a dokonca aj tv\u00e1re va\u0161ich milovan\u00fdch dom\u00e1cich mil\u00e1\u010dikov \u2013 a vytvori\u0165 tak skuto\u010dne jedine\u010dn\u00fd odev. Tieto tri\u010dk\u00e1 s\u00fa viac ne\u017e len oble\u010denie; S\u00fa d\u00f4kazom v\u00e1\u0161ho jedine\u010dn\u00e9ho poh\u013eadu, t\u00fa\u017eob a t\u00fa\u017eby objavova\u0165 za hranicami mo\u017enost\u00ed. Objavte na\u0161u ponuku s\u00favisiacich dizajnov, z ktor\u00fdch ka\u017ed\u00fd rozpr\u00e1va jedine\u010dn\u00fd pr\u00edbeh, a nechajte svoje oble\u010denie sta\u0165 sa odrazom v\u00e1\u0161ho obdivu k astronautom, z\u00e1hade vesm\u00edru a h\u013eadaniu poznania.<\/p>","protected":false},"excerpt":{"rendered":"<p>Odstre\u013ete ko\u0161e\u013eou astronautov na mieru. Personalizovan\u00e9 tri\u010dko mimozemskej vedy pre neho premen\u00ed ak\u00fako\u013evek fotografiu na z\u00e1bavn\u00e9 tri\u010dko s vesm\u00edrnou tematikou.<\/p>","protected":false},"featured_media":142489,"comment_status":"open","ping_status":"closed","template":"","meta":{"_acf_changed":false},"product_brand":[],"product_cat":[6195,157,248,186,6341,6412,219,1045,6428],"product_tag":[6433,249,6216,6442],"class_list":{"0":"post-20417","1":"product","2":"type-product","3":"status-publish","4":"has-post-thumbnail","6":"product_cat-t-shirts-men","7":"product_cat-best-sellers","8":"product_cat-custom-gifts-astronauts","9":"product_cat-men","10":"product_cat-mens-profession-t-shirts","11":"product_cat-photo-to-tees","12":"product_cat-profession","13":"product_cat-retirement","14":"product_cat-translate-products","15":"product_tag-ai-artwork","16":"product_tag-astronaut-tees","17":"product_tag-mens-custom-t-shirts","18":"product_tag-top-artwork","20":"first","21":"instock","22":"taxable","23":"shipping-taxable","24":"purchasable","25":"product-type-simple"},"acf":[],"wcpa_form_fields":null,"_links":{"self":[{"href":"https:\/\/www.customywear.com\/sk\/wp-json\/wp\/v2\/product\/20417","targetHints":{"allow":["GET"]}}],"collection":[{"href":"https:\/\/www.customywear.com\/sk\/wp-json\/wp\/v2\/product"}],"about":[{"href":"https:\/\/www.customywear.com\/sk\/wp-json\/wp\/v2\/types\/product"}],"replies":[{"embeddable":true,"href":"https:\/\/www.customywear.com\/sk\/wp-json\/wp\/v2\/comments?post=20417"}],"wp:featuredmedia":[{"embeddable":true,"href":"https:\/\/www.customywear.com\/sk\/wp-json\/wp\/v2\/media\/142489"}],"wp:attachment":[{"href":"https:\/\/www.customywear.com\/sk\/wp-json\/wp\/v2\/media?parent=20417"}],"wp:term":[{"taxonomy":"product_brand","embeddable":true,"href":"https:\/\/www.customywear.com\/sk\/wp-json\/wp\/v2\/product_brand?post=20417"},{"taxonomy":"product_cat","embeddable":true,"href":"https:\/\/www.customywear.com\/sk\/wp-json\/wp\/v2\/product_cat?post=20417"},{"taxonomy":"product_tag","embeddable":true,"href":"https:\/\/www.customywear.com\/sk\/wp-json\/wp\/v2\/product_tag?post=20417"}],"curies":[{"name":"wp","href":"https:\/\/api.w.org\/{rel}","templated":true}]}}