{"id":20435,"date":"2023-07-28T13:35:23","date_gmt":"2023-07-28T13:35:23","guid":{"rendered":"https:\/\/www.customywear.com\/?post_type=product&#038;p=20435"},"modified":"2026-05-05T20:23:37","modified_gmt":"2026-05-05T20:23:37","slug":"balerina-na-mieru","status":"publish","type":"product","link":"https:\/\/www.customywear.com\/sk\/custom-ballerina-shirt\/","title":{"rendered":"Baler\u00ednske tri\u010dko na mieru | Personalizovan\u00e9 baletn\u00e9 tri\u010dko"},"content":{"rendered":"<p>Pozdvihnite svoju l\u00e1sku k tancu s na\u0161\u00edm \u201eTri\u010dkom baler\u00edny na mieru\u201c, personalizovan\u00fdm majstrovsk\u00fdm dielom, ktor\u00e9 zachyt\u00e1va eleganciu baletu. S va\u0161ou fotografiou ako in\u0161pir\u00e1ciou vytvor\u00edme p\u00fatav\u00fd vektorov\u00fd portr\u00e9t, ktor\u00fd v\u00e1s premen\u00ed na p\u00f4vabn\u00fa baletku. Toto tri\u010dko na mieru nie je len oble\u010denie; je to umeleck\u00e9 vyjadrenie va\u0161ej v\u00e1\u0161ne pre tanec, v\u010faka \u010domu je perfektn\u00fdm dar\u010dekom pre t\u00fdch, ktor\u00ed si cenia umenie pohybu. Na\u0161i zru\u010dn\u00ed remeseln\u00edci vyu\u017e\u00edvaj\u00fa kreat\u00edvnu silu programov Adobe Illustrator a Adobe Photoshop na prec\u00edzne navrhovanie umenia, ktor\u00e9 steles\u0148uje kr\u00e1su baletu. V\u010faka najmodernej\u0161ej DTG tla\u010di zabezpe\u010dujeme, \u017ee kone\u010dn\u00fd produkt sa m\u00f4\u017ee pochv\u00e1li\u0165 vysoko kvalitnou vektorovou grafikou, ktor\u00e1 zachov\u00e1va zlo\u017eit\u00e9 detaily va\u0161ej osobnosti in\u0161pirovanej baletom. Toto tri\u010dko je k dispoz\u00edcii v unisex dizajne vhodnom pre dospel\u00fdch, ml\u00e1de\u017e, deti a bato\u013eat\u00e1 a oslov\u00ed nad\u0161encov tanca v\u0161etk\u00fdch vekov\u00fdch kateg\u00f3ri\u00ed. Presk\u00famajte svet personalizovan\u00e9ho vyjadrenia s na\u0161ou kolekciou tri\u010diek in\u0161pirovan\u00fdch tancom. Uk\u00e1\u017ete svoju l\u00e1sku k baletu dizajnom, ktor\u00fd v\u00e1s premen\u00ed na p\u00f4vabn\u00fa tane\u010dnicu. Objavte mno\u017estvo podobn\u00fdch p\u00fatav\u00fdch dizajnov, ka\u017ed\u00fd s mo\u017enos\u0165ou prisp\u00f4sobenia portr\u00e9tmi \u013eud\u00ed a dom\u00e1cich zvierat. Vytvorte si umeleck\u00e9 chv\u00edle a spojte sa s dar\u010dekom, ktor\u00fd oslavuje rados\u0165 a kr\u00e1su tanca a poskytuje nosite\u013en\u00fd suven\u00edr, ktor\u00fd rezonuje s tane\u010dn\u00edkovou du\u0161ou vo v\u00e1s.<\/p>","protected":false},"excerpt":{"rendered":"<p>Zdobte ak\u00fako\u013evek fotografiu do vlastnej ko\u0161ele Ballerina. Personalizovan\u00e9 tri\u010dko Ballet Dance vytv\u00e1ra jedine\u010dn\u00e9, jedine\u010dn\u00e9 tri\u010dko in\u0161pirovan\u00e9 tancom.<\/p>","protected":false},"featured_media":142524,"comment_status":"open","ping_status":"closed","template":"","meta":{"_acf_changed":false},"product_brand":[],"product_cat":[6191,262,263,6412,6428,6354],"product_tag":[6433,265,238,1106,803,112],"class_list":{"0":"post-20435","1":"product","2":"type-product","3":"status-publish","4":"has-post-thumbnail","6":"product_cat-t-shirts-women","7":"product_cat-custom-gifts-ballet-dancer","8":"product_cat-dance","9":"product_cat-photo-to-tees","10":"product_cat-translate-products","11":"product_cat-womens-profession-t-shirts","12":"product_tag-ai-artwork","13":"product_tag-dance","14":"product_tag-profession","15":"product_tag-retirement","16":"product_tag-wedding_gift","17":"product_tag-women","19":"first","20":"instock","21":"taxable","22":"shipping-taxable","23":"purchasable","24":"product-type-simple"},"acf":[],"wcpa_form_fields":null,"_links":{"self":[{"href":"https:\/\/www.customywear.com\/sk\/wp-json\/wp\/v2\/product\/20435","targetHints":{"allow":["GET"]}}],"collection":[{"href":"https:\/\/www.customywear.com\/sk\/wp-json\/wp\/v2\/product"}],"about":[{"href":"https:\/\/www.customywear.com\/sk\/wp-json\/wp\/v2\/types\/product"}],"replies":[{"embeddable":true,"href":"https:\/\/www.customywear.com\/sk\/wp-json\/wp\/v2\/comments?post=20435"}],"wp:featuredmedia":[{"embeddable":true,"href":"https:\/\/www.customywear.com\/sk\/wp-json\/wp\/v2\/media\/142524"}],"wp:attachment":[{"href":"https:\/\/www.customywear.com\/sk\/wp-json\/wp\/v2\/media?parent=20435"}],"wp:term":[{"taxonomy":"product_brand","embeddable":true,"href":"https:\/\/www.customywear.com\/sk\/wp-json\/wp\/v2\/product_brand?post=20435"},{"taxonomy":"product_cat","embeddable":true,"href":"https:\/\/www.customywear.com\/sk\/wp-json\/wp\/v2\/product_cat?post=20435"},{"taxonomy":"product_tag","embeddable":true,"href":"https:\/\/www.customywear.com\/sk\/wp-json\/wp\/v2\/product_tag?post=20435"}],"curies":[{"name":"wp","href":"https:\/\/api.w.org\/{rel}","templated":true}]}}