{"id":20465,"date":"2023-07-28T13:35:53","date_gmt":"2023-07-28T13:35:53","guid":{"rendered":"https:\/\/www.customywear.com\/?post_type=product&#038;p=20465"},"modified":"2026-05-05T20:24:12","modified_gmt":"2026-05-05T20:24:12","slug":"boxerske-tricko-na-mieru","status":"publish","type":"product","link":"https:\/\/www.customywear.com\/sk\/custom-boxer-photo-t-shirt\/","title":{"rendered":"Tri\u010dko s fotkou boxera na mieru \u2013 personalizovan\u00e9 tri\u010dko pre boxerov pre mu\u017eov"},"content":{"rendered":"<p>Vst\u00fapte do ringu personaliz\u00e1cie s na\u0161\u00edm exkluz\u00edvnym boxersk\u00fdm tri\u010dkom na mieru, ktor\u00e9 je odborne vyroben\u00e9 tak, aby premenilo va\u0161u fotografiu na obr\u00e1zok sk\u00fasen\u00e9ho boxera v rukaviciach. Toto personalizovan\u00e9 tri\u010dko s fotografiou je perfektnou vo\u013ebou pre nad\u0161encov boxu a fitness, predstavuje bezprobl\u00e9mov\u00fa zmes \u0161portu a \u0161t\u00fdlu, ktor\u00e1 dod\u00e1 v\u00e1\u0161mu \u0161atn\u00edku jedine\u010dn\u00fd n\u00e1dych.<\/p>\n<p>Na\u0161e personalizovan\u00e9 tri\u010dko, navrhnut\u00e9 tak, aby oslovilo \u013eud\u00ed v\u0161etk\u00fdch vekov\u00fdch kateg\u00f3ri\u00ed vr\u00e1tane dospel\u00fdch, ml\u00e1de\u017ee, det\u00ed a batoliat, steles\u0148uje dynamiku sveta boxu. Vyu\u017e\u00edvame umeleck\u00e9 zru\u010dnosti programov Adobe Illustrator a Adobe Photoshop a z va\u0161ej fotografie vytv\u00e1rame p\u00fatav\u00fa vektorov\u00fa ilustr\u00e1ciu, ktor\u00e1 je d\u00f4myselne vpleten\u00e1 do l\u00e1tky v\u00e1\u0161ho tri\u010dka pomocou DTG tla\u010de. Ka\u017ed\u00fd detail o\u017e\u00edva a pon\u00faka vizu\u00e1lnu brilantnos\u0165 aj pohodlie.<\/p>\n<p>Uvo\u013enite svoju individualitu s na\u0161\u00edm v\u0161estrann\u00fdm unisex dizajnom, ktor\u00fd sa prisp\u00f4sob\u00ed va\u0161ej v\u00edzii, \u010di u\u017e zobrazuje v\u00e1\u0161 vlastn\u00fd portr\u00e9t alebo roztomil\u00fa tv\u00e1r v\u00e1\u0161ho milovan\u00e9ho dom\u00e1ceho mazn\u00e1\u010dika. Ponorte sa do r\u00ed\u0161e, kde sa m\u00f3da prel\u00edna so sebavyjadren\u00edm, kde ka\u017ed\u00e9 tri\u010dko vyjadruje jedine\u010dn\u00fd pr\u00edbeh. Objavte rad rovnako podmaniv\u00fdch dizajnov, ktor\u00e9 odr\u00e1\u017eaj\u00fa va\u0161u oddanos\u0165 personalizovan\u00e9mu umeniu a inov\u00e1cii. Pozdvihnite svoj \u0161atn\u00edk k\u00faskom, ktor\u00fd nie je len oble\u010den\u00edm, ale stelesnen\u00edm va\u0161ej identity.<\/p>","protected":false},"excerpt":{"rendered":"<p>Vst\u00fapte do ringu s tri\u010dkom Photo Custom Boxer. Personalizovan\u00e9 tri\u010dk\u00e1 pre hr\u00e1\u010dov boxu premenia ak\u00fako\u013evek fotografiu na odv\u00e1\u017ene, jedine\u010dn\u00e9 tri\u010dko pre mu\u017eov.<\/p>","protected":false},"featured_media":143268,"comment_status":"open","ping_status":"closed","template":"","meta":{"_acf_changed":false},"product_brand":[],"product_cat":[6195,526,186,6339,6412,219,310,6428],"product_tag":[6433,6217,6165,546,6216,238,326],"class_list":{"0":"post-20465","1":"product","2":"type-product","3":"status-publish","4":"has-post-thumbnail","6":"product_cat-t-shirts-men","7":"product_cat-gym-shirts","8":"product_cat-men","9":"product_cat-mens-sports-t-shirts","10":"product_cat-photo-to-tees","11":"product_cat-profession","12":"product_cat-sports-shirts","13":"product_cat-translate-products","14":"product_tag-ai-artwork","15":"product_tag-custom-t-shirt","16":"product_tag-custom-gym-tees","17":"product_tag-gym","18":"product_tag-mens-custom-t-shirts","19":"product_tag-profession","20":"product_tag-sports","22":"first","23":"instock","24":"taxable","25":"shipping-taxable","26":"purchasable","27":"product-type-simple"},"acf":[],"wcpa_form_fields":null,"_links":{"self":[{"href":"https:\/\/www.customywear.com\/sk\/wp-json\/wp\/v2\/product\/20465","targetHints":{"allow":["GET"]}}],"collection":[{"href":"https:\/\/www.customywear.com\/sk\/wp-json\/wp\/v2\/product"}],"about":[{"href":"https:\/\/www.customywear.com\/sk\/wp-json\/wp\/v2\/types\/product"}],"replies":[{"embeddable":true,"href":"https:\/\/www.customywear.com\/sk\/wp-json\/wp\/v2\/comments?post=20465"}],"wp:featuredmedia":[{"embeddable":true,"href":"https:\/\/www.customywear.com\/sk\/wp-json\/wp\/v2\/media\/143268"}],"wp:attachment":[{"href":"https:\/\/www.customywear.com\/sk\/wp-json\/wp\/v2\/media?parent=20465"}],"wp:term":[{"taxonomy":"product_brand","embeddable":true,"href":"https:\/\/www.customywear.com\/sk\/wp-json\/wp\/v2\/product_brand?post=20465"},{"taxonomy":"product_cat","embeddable":true,"href":"https:\/\/www.customywear.com\/sk\/wp-json\/wp\/v2\/product_cat?post=20465"},{"taxonomy":"product_tag","embeddable":true,"href":"https:\/\/www.customywear.com\/sk\/wp-json\/wp\/v2\/product_tag?post=20465"}],"curies":[{"name":"wp","href":"https:\/\/api.w.org\/{rel}","templated":true}]}}