{"id":20485,"date":"2023-07-28T13:36:13","date_gmt":"2023-07-28T13:36:13","guid":{"rendered":"https:\/\/www.customywear.com\/?post_type=product&#038;p=20485"},"modified":"2026-05-05T20:24:12","modified_gmt":"2026-05-05T20:24:12","slug":"panska-kosela-jaskynneho-muza-na-mieru","status":"publish","type":"product","link":"https:\/\/www.customywear.com\/sk\/custom-caveman-shirt-for-men\/","title":{"rendered":"Preme\u0148te svoju fotografiu na p\u00e1nske tri\u010dko s mot\u00edvom jaskynn\u00e9ho mu\u017ea \u2013 personalizovan\u00e9 tri\u010dko"},"content":{"rendered":"<p>Vst\u00fapte do \u00e9ry smiechu a jedine\u010dnosti s na\u0161\u00edm <em>Preme\u0148te svoju fotografiu na p\u00e1nsku ko\u0161e\u013eu Caveman na mieru<\/em>Na\u0161a kreat\u00edvna alch\u00fdmia premen\u00ed va\u0161u fotografiu na podmaniv\u00fd vektorov\u00fd portr\u00e9t a prenesie v\u00e1s do role jaskynn\u00e9ho \u010dloveka s humorn\u00fdm n\u00e1dychom. Toto personalizovan\u00e9 tri\u010dko nie je len kus oble\u010denia \u2013 je stelesnen\u00edm z\u00e1bavy a individuality, v\u010faka \u010domu je perfektn\u00fdm dar\u010dekom pre v\u00e1s alebo va\u0161ich bl\u00edzkych. Zap\u00e1\u013ete svoju fant\u00e1ziu a spojte technol\u00f3giu a kreativitu, aby sme va\u0161u v\u00edziu vd\u00fdchli \u017eivotu. V\u010faka umeleckej zdatnosti programov Adobe Illustrator a Adobe Photoshop vytv\u00e1rame zlo\u017eit\u00e9 vzory, ktor\u00e9 evokuj\u00fa ducha \u00e9ry jaskynn\u00e9ho \u010dloveka. Pomocou najmodernej\u0161ej technol\u00f3gie tla\u010de DTG je zachyten\u00fd ka\u017ed\u00fd detail vysokokvalitnej vektorovej grafiky, \u010d\u00edm sa zabezpe\u010d\u00ed, \u017ee va\u0161e tri\u010dko na mieru je majstrovsk\u00fdm dielom remeseln\u00e9ho spracovania. Tento unisex dizajn, dostupn\u00fd pre dospel\u00fdch, ml\u00e1de\u017e, deti a bato\u013eat\u00e1, sp\u00e1ja gener\u00e1cie svoj\u00edm \u0161armom. Oslavujte nad\u010dasov\u00fa podstatu kamar\u00e1tstva prostredn\u00edctvom m\u00f3dy. Na\u0161e... <em>Preme\u0148te svoju fotografiu na p\u00e1nsku ko\u0161e\u013eu Caveman na mieru<\/em> Poz\u00fdva v\u00e1s, aby ste hrav\u00fdm a bezstarostn\u00fdm sp\u00f4sobom prijali svojho vn\u00fatorn\u00e9ho jaskynn\u00e9ho \u010dloveka. Ka\u017ed\u00fd \u0165ah dizajnu oslovuje mlad\u00fdch a mlad\u00fdch srdcom a zachov\u00e1va jedine\u010dnos\u0165 ka\u017edej osobnosti. Od detsk\u00e9ho smiechu a\u017e po \u0161t\u00fdlov\u00e9 preferencie dospel\u00fdch, toto personalizovan\u00e9 tri\u010dko je pl\u00e1tnom pre sebavyjadrenie, ktor\u00e9 presahuje gener\u00e1cie. Doprajte si cestu kreativity a radosti a s hrdos\u0165ou si prineste svoj pr\u00edbeh. Za\u017eite vzru\u0161enie z transform\u00e1cie a individuality s na\u0161\u00edm... <em>P\u00e1nska ko\u0161e\u013ea Caveman na mieru<\/em>Toto personalizovan\u00e9 tri\u010dko v\u00e1s vezme na cestu do minulosti, kde sa humor stret\u00e1va s hist\u00f3riou a kde puto zdie\u013ean\u00e9ho smiechu presahuje vek. Nie je to len tri\u010dko; je to symbol sebavyjadrenia, ktor\u00fd oslovuje v\u0161etk\u00fdch, od batoliat a\u017e po dospel\u00fdch, a pripom\u00edna n\u00e1m, \u017ee aj v modernej dobe duch jaskynn\u00e9ho \u010dloveka \u017eije \u010falej.<\/p>","protected":false},"excerpt":{"rendered":"<p>O\u017eivte hist\u00f3riu s vlastnou ko\u0161e\u013eou Caveman pre mu\u017eov. Personalizovan\u00e9 tri\u010dko premen\u00ed ak\u00fako\u013evek fotografiu na jedine\u010dn\u00e9 tri\u010dko in\u0161pirovan\u00e9 starovekom.<\/p>","protected":false},"featured_media":142595,"comment_status":"open","ping_status":"closed","template":"","meta":{"_acf_changed":false},"product_brand":[],"product_cat":[6195,6157,6156,691,186,6412,6428],"product_tag":[6433,561,6216,6219,6220],"class_list":{"0":"post-20485","1":"product","2":"type-product","3":"status-publish","4":"has-post-thumbnail","6":"product_cat-t-shirts-men","7":"product_cat-country","8":"product_cat-culture","9":"product_cat-custom-gifts-caveman","10":"product_cat-men","11":"product_cat-photo-to-tees","12":"product_cat-translate-products","13":"product_tag-ai-artwork","14":"product_tag-camping_shirt","15":"product_tag-mens-custom-t-shirts","16":"product_tag-order-custom-shirts","17":"product_tag-t-shirt-printing-near-me","19":"first","20":"instock","21":"taxable","22":"shipping-taxable","23":"purchasable","24":"product-type-simple"},"acf":[],"wcpa_form_fields":null,"_links":{"self":[{"href":"https:\/\/www.customywear.com\/sk\/wp-json\/wp\/v2\/product\/20485","targetHints":{"allow":["GET"]}}],"collection":[{"href":"https:\/\/www.customywear.com\/sk\/wp-json\/wp\/v2\/product"}],"about":[{"href":"https:\/\/www.customywear.com\/sk\/wp-json\/wp\/v2\/types\/product"}],"replies":[{"embeddable":true,"href":"https:\/\/www.customywear.com\/sk\/wp-json\/wp\/v2\/comments?post=20485"}],"wp:featuredmedia":[{"embeddable":true,"href":"https:\/\/www.customywear.com\/sk\/wp-json\/wp\/v2\/media\/142595"}],"wp:attachment":[{"href":"https:\/\/www.customywear.com\/sk\/wp-json\/wp\/v2\/media?parent=20485"}],"wp:term":[{"taxonomy":"product_brand","embeddable":true,"href":"https:\/\/www.customywear.com\/sk\/wp-json\/wp\/v2\/product_brand?post=20485"},{"taxonomy":"product_cat","embeddable":true,"href":"https:\/\/www.customywear.com\/sk\/wp-json\/wp\/v2\/product_cat?post=20485"},{"taxonomy":"product_tag","embeddable":true,"href":"https:\/\/www.customywear.com\/sk\/wp-json\/wp\/v2\/product_tag?post=20485"}],"curies":[{"name":"wp","href":"https:\/\/api.w.org\/{rel}","templated":true}]}}