{"id":20645,"date":"2023-07-28T13:38:56","date_gmt":"2023-07-28T13:38:56","guid":{"rendered":"https:\/\/www.customywear.com\/?post_type=product&#038;p=20645"},"modified":"2026-05-07T15:29:56","modified_gmt":"2026-05-07T15:29:56","slug":"detske-tricko-hasicov-na-mieru","status":"publish","type":"product","link":"https:\/\/www.customywear.com\/sk\/custom-firefighter-youth-tee\/","title":{"rendered":"Tri\u010dko pre ml\u00e1de\u017e hasi\u010dov na mieru \u2013 personalizovan\u00e9 tri\u010dko hasi\u010da Big Brother"},"content":{"rendered":"<p>Zap\u00e1\u013ete fant\u00e1ziu svojho die\u0165a\u0165a s na\u0161\u00edm exkluz\u00edvnym tri\u010dkom Custom Firefighter Youth Tee, personalizovan\u00fdm majstrovsk\u00fdm dielom, ktor\u00e9 premen\u00ed fotografiu v\u00e1\u0161ho die\u0165a\u0165a na podmaniv\u00fd vektorov\u00fd portr\u00e9t a zobraz\u00ed ho ako neboj\u00e1cneho hasi\u010da. Toto tri\u010dko na mieru je zdrojom in\u0161pir\u00e1cie a v\u00fdnimo\u010dn\u00fdm dar\u010dekom, navrhnut\u00fdm tak, aby posilnilo a nadchlo tie najmlad\u0161ie srdcia. Vyu\u017e\u00edvame kreat\u00edvne zru\u010dnosti programov Adobe Illustrator a Adobe Photoshop a n\u00e1\u0161 dizajn\u00e9rsky proces prin\u00e1\u0161a vysokokvalitn\u00e9 vektorov\u00e9 umenie, ktor\u00e9 o\u017e\u00edva prostredn\u00edctvom DTG tla\u010de na \u00fatuln\u00fdch unisex tri\u010dk\u00e1ch. Tento dizajn, dostupn\u00fd vo ve\u013ekostiach pre dospel\u00fdch, ml\u00e1de\u017e, deti aj bato\u013eat\u00e1, umo\u017e\u0148uje rozkvita\u0165 snom v\u00e1\u0161ho die\u0165a\u0165a, \u010di u\u017e objavuje nov\u00e9 horizonty alebo prij\u00edma svoju \u00falohu hrd\u00e9ho star\u0161ieho brata. Odomknite potenci\u00e1l \u010fal\u0161ej personaliz\u00e1cie bezprobl\u00e9movou integr\u00e1ciou \u013eudsk\u00fdch aj zvierac\u00edch tv\u00e1r\u00ed a vytvorte jedine\u010dn\u00fd suven\u00edr, ktor\u00fd rezonuje naprie\u010d gener\u00e1ciami. Presk\u00famajte umenie individuality s na\u0161ou ponukou rovnako podmaniv\u00fdch dizajnov, z ktor\u00fdch ka\u017ed\u00fd zachyt\u00e1va podstatu mladistvej neviazanosti. Pozdvihnite \u0161t\u00fdl a sentiment s tri\u010dkom Custom Firefighter Youth Tee \u2013 poctou, ktor\u00e1 zapa\u013euje ducha odvahy v srdciach mlad\u00fdch a mlad\u00fdch srdcom.<\/p>","protected":false},"excerpt":{"rendered":"<p>In\u0161pirujte mlad\u00fdch hrdinov vlastn\u00fdm odpalom Firefighter Youth. Prisp\u00f4soben\u00e1 ko\u0161e\u013ea Big Brother Fireman premen\u00ed ka\u017ed\u00fa fotografiu na z\u00e1bavn\u00e9, jedine\u010dn\u00e9 tri\u010dko.<\/p>","protected":false},"featured_media":142754,"comment_status":"open","ping_status":"closed","template":"","meta":{"_acf_changed":false},"product_brand":[],"product_cat":[6189,1856,6412,6428],"product_tag":[6433,6439,1859,352],"class_list":{"0":"post-20645","1":"product","2":"type-product","3":"status-publish","4":"has-post-thumbnail","6":"product_cat-boys-t-shirts","7":"product_cat-custom-gifts-firefighters","8":"product_cat-photo-to-tees","9":"product_cat-translate-products","10":"product_tag-ai-artwork","11":"product_tag-ai-kids-artwork","12":"product_tag-firefighter_shirt","13":"product_tag-honeymoon_shirt","15":"first","16":"instock","17":"taxable","18":"shipping-taxable","19":"purchasable","20":"product-type-simple"},"acf":[],"wcpa_form_fields":null,"_links":{"self":[{"href":"https:\/\/www.customywear.com\/sk\/wp-json\/wp\/v2\/product\/20645","targetHints":{"allow":["GET"]}}],"collection":[{"href":"https:\/\/www.customywear.com\/sk\/wp-json\/wp\/v2\/product"}],"about":[{"href":"https:\/\/www.customywear.com\/sk\/wp-json\/wp\/v2\/types\/product"}],"replies":[{"embeddable":true,"href":"https:\/\/www.customywear.com\/sk\/wp-json\/wp\/v2\/comments?post=20645"}],"wp:featuredmedia":[{"embeddable":true,"href":"https:\/\/www.customywear.com\/sk\/wp-json\/wp\/v2\/media\/142754"}],"wp:attachment":[{"href":"https:\/\/www.customywear.com\/sk\/wp-json\/wp\/v2\/media?parent=20645"}],"wp:term":[{"taxonomy":"product_brand","embeddable":true,"href":"https:\/\/www.customywear.com\/sk\/wp-json\/wp\/v2\/product_brand?post=20645"},{"taxonomy":"product_cat","embeddable":true,"href":"https:\/\/www.customywear.com\/sk\/wp-json\/wp\/v2\/product_cat?post=20645"},{"taxonomy":"product_tag","embeddable":true,"href":"https:\/\/www.customywear.com\/sk\/wp-json\/wp\/v2\/product_tag?post=20645"}],"curies":[{"name":"wp","href":"https:\/\/api.w.org\/{rel}","templated":true}]}}