{"id":20646,"date":"2023-07-28T13:38:57","date_gmt":"2023-07-28T13:38:57","guid":{"rendered":"https:\/\/www.customywear.com\/?post_type=product&#038;p=20646"},"modified":"2026-05-07T15:29:56","modified_gmt":"2026-05-07T15:29:56","slug":"personalizovane-tricko-pre-mladez-hasicov","status":"publish","type":"product","link":"https:\/\/www.customywear.com\/sk\/personalized-firefighter-youth-tee\/","title":{"rendered":"Personalizovan\u00e9 detsk\u00e9 tri\u010dko pre hasi\u010dov \u2013 Preme\u0148te svoju fotografiu na tri\u010dko pre hasi\u010dov na mieru"},"content":{"rendered":"<p>Pozdvihnite \u0161t\u00fdl v\u00e1\u0161ho mal\u00e9ho hrdinu s na\u0161\u00edm personalizovan\u00fdm detsk\u00fdm tri\u010dkom s mot\u00edvom hasi\u010da, ktor\u00e9 je podmanivou zmesou fant\u00e1zie a umenia. Na\u0161i dizajnov\u00ed experti zru\u010dne vytvoria vysokokvalitn\u00fd vektorov\u00fd portr\u00e9t s pou\u017eit\u00edm fotografie v\u00e1\u0161ho die\u0165a\u0165a a bezprobl\u00e9movo ho premenia na odv\u00e1\u017eneho hasi\u010da. Toto tri\u010dko na mieru nielen\u017ee podnieti in\u0161pir\u00e1ciu, ale aj oslavuje ducha odvahy v ml\u00e1de\u017ei. Na\u0161e tri\u010dko s mot\u00edvom hasi\u010da na mieru, ide\u00e1lne pre v\u0161etky vekov\u00e9 kateg\u00f3rie, od dospel\u00fdch a\u017e po bato\u013eat\u00e1, je majstrovsk\u00fdm dielom zroden\u00fdm zo synergie odborn\u00fdch znalost\u00ed programov Adobe Illustrator a Adobe Photoshop. V\u00fdsledkom je dynamick\u00e9 umeleck\u00e9 dielo s potla\u010dou DTG, ktor\u00e9 rezonuje \u017eivos\u0165ou. Okrem podmaniv\u00e9ho dizajnu pon\u00faka na\u0161e tri\u010dko maxim\u00e1lne pohodlie a v\u0161estrannos\u0165 a je dostupn\u00e9 v unisex strihu. \u010ci u\u017e je to pre va\u0161u star\u0161iu sestru, mlad\u00e9ho nad\u0161enca hasi\u010dov alebo mal\u00e9 drob\u010dek, toto personalizovan\u00e9 majstrovsk\u00e9 dielo je zmyslupln\u00fdm dar\u010dekom, ktor\u00fd zanech\u00e1 nezmazate\u013en\u00fa stopu. Objavte svet, kde fotografie o\u017e\u00edvaj\u00fa ako nosite\u013en\u00e9 umenie, a poz\u00fdvame v\u00e1s presk\u00fama\u0165 na\u0161u rozmanit\u00fa ponuku dizajnov. Vyberte si z mno\u017estva mo\u017enost\u00ed, z ktor\u00fdch ka\u017ed\u00e1 je d\u00f4kazom spojenia kreativity a remeseln\u00e9ho spracovania. Od det\u00ed a\u017e po dospel\u00fdch, t\u00e1to kolekcia tri\u010diek na mieru preb\u00fadza pocit jednoty a individuality a podporuje spolo\u010dn\u00e9 ocenenie osobn\u00e9ho vyjadrenia. Za\u017eite rados\u0165 z darovania a prij\u00edmania, preto\u017ee ka\u017ed\u00e9 tri\u010dko sa stane vz\u00e1cnym pl\u00e1tnom spomienok, ktor\u00e9 s\u013eubuje podnieti\u0165 rozhovory a in\u0161pirova\u0165 v\u00e1s na \u010fal\u0161ie roky.<\/p>","protected":false},"excerpt":{"rendered":"<p>Osl\u00e1vte stato\u010dnos\u0165 s prisp\u00f4soben\u00fdm hasi\u010dsk\u00fdm tri\u010dkom Firefighter Youth. Preme\u0148te svoju fotografiu na jedine\u010dn\u00e9 tri\u010dko Fireman na mieru.<\/p>","protected":false},"featured_media":142761,"comment_status":"open","ping_status":"closed","template":"","meta":{"_acf_changed":false},"product_brand":[],"product_cat":[6193,1856,6412,6428,58],"product_tag":[6433,6439,1859],"class_list":{"0":"post-20646","1":"product","2":"type-product","3":"status-publish","4":"has-post-thumbnail","6":"product_cat-girls-t-shirts","7":"product_cat-custom-gifts-firefighters","8":"product_cat-photo-to-tees","9":"product_cat-translate-products","10":"product_cat-youth-kids","11":"product_tag-ai-artwork","12":"product_tag-ai-kids-artwork","13":"product_tag-firefighter_shirt","15":"first","16":"instock","17":"taxable","18":"shipping-taxable","19":"purchasable","20":"product-type-simple"},"acf":[],"wcpa_form_fields":null,"_links":{"self":[{"href":"https:\/\/www.customywear.com\/sk\/wp-json\/wp\/v2\/product\/20646","targetHints":{"allow":["GET"]}}],"collection":[{"href":"https:\/\/www.customywear.com\/sk\/wp-json\/wp\/v2\/product"}],"about":[{"href":"https:\/\/www.customywear.com\/sk\/wp-json\/wp\/v2\/types\/product"}],"replies":[{"embeddable":true,"href":"https:\/\/www.customywear.com\/sk\/wp-json\/wp\/v2\/comments?post=20646"}],"wp:featuredmedia":[{"embeddable":true,"href":"https:\/\/www.customywear.com\/sk\/wp-json\/wp\/v2\/media\/142761"}],"wp:attachment":[{"href":"https:\/\/www.customywear.com\/sk\/wp-json\/wp\/v2\/media?parent=20646"}],"wp:term":[{"taxonomy":"product_brand","embeddable":true,"href":"https:\/\/www.customywear.com\/sk\/wp-json\/wp\/v2\/product_brand?post=20646"},{"taxonomy":"product_cat","embeddable":true,"href":"https:\/\/www.customywear.com\/sk\/wp-json\/wp\/v2\/product_cat?post=20646"},{"taxonomy":"product_tag","embeddable":true,"href":"https:\/\/www.customywear.com\/sk\/wp-json\/wp\/v2\/product_tag?post=20646"}],"curies":[{"name":"wp","href":"https:\/\/api.w.org\/{rel}","templated":true}]}}