{"id":20661,"date":"2023-07-28T13:39:20","date_gmt":"2023-07-28T13:39:20","guid":{"rendered":"https:\/\/www.customywear.com\/?post_type=product&#038;p=20661"},"modified":"2026-05-16T11:12:54","modified_gmt":"2026-05-16T11:12:54","slug":"transformacia-fotografie-golfoveho-odpaliska-na-mieru","status":"publish","type":"product","link":"https:\/\/www.customywear.com\/sk\/transform-photo-golf-custom-tee\/","title":{"rendered":"Preme\u0148te svoju fotografiu na golfov\u00e9 majstrovsk\u00e9 dielo | Tri\u010dko na mieru"},"content":{"rendered":"<p>Pozdvihnite svoju golfov\u00fa v\u00e1\u0161e\u0148 s na\u0161\u00edm <strong>Preme\u0148te svoju fotografiu na majstrovsk\u00e9 golfov\u00e9 tri\u010dko na mieru<\/strong>Ponorte sa do sveta golfu a my zru\u010dne premen\u00edme va\u0161u milovan\u00fa fotografiu na podmaniv\u00fd vektorov\u00fd portr\u00e9t. Predstavte si seba na svie\u017eich greenoch golfov\u00e9ho ihriska, ako sa \u0161vih\u00e1te pre dokonal\u00fd \u00fader. Toto personalizovan\u00e9 tri\u010dko je viac ne\u017e len oble\u010denie; je to umeleck\u00e9 dielo, ktor\u00e9 zachyt\u00e1va va\u0161u l\u00e1sku k hre. Na\u0161i sk\u00fasen\u00ed remeseln\u00edci vyu\u017e\u00edvaj\u00fa silu programov Adobe Illustrator a Adobe Photoshop na prec\u00edzne vytvorenie ka\u017ed\u00e9ho dizajnu. V\u00fdsledkom je vysoko kvalitn\u00e1 vektorov\u00e1 grafika, ktor\u00e1 \u017eivo o\u017eiv\u00ed v\u00e1\u0161 golfov\u00fd okamih. V\u010faka n\u00e1\u0161mu pokro\u010dil\u00e9mu procesu tla\u010de DTG zost\u00e1vaj\u00fa farby \u017eiv\u00e9, \u010do zais\u0165uje trval\u00fd dojem. Na\u0161e tri\u010dk\u00e1, ktor\u00e9 s\u00fa k dispoz\u00edcii v unisex \u0161t\u00fdloch prisp\u00f4soben\u00fdch pre dospel\u00fdch, ml\u00e1de\u017e, deti a dokonca aj bato\u013eat\u00e1, uspokoja golfov\u00fdch nad\u0161encov v\u0161etk\u00fdch vekov\u00fdch kateg\u00f3ri\u00ed. Prekvapte \u010fal\u0161ieho milovn\u00edka golfu alebo si doprajte k\u00fasok nosite\u013enej nostalgie. Toto tri\u010dko na mieru je ide\u00e1lnym dar\u010dekom na \u0161peci\u00e1lne pr\u00edle\u017eitosti alebo ako prejav uznania. Prisp\u00f4sobte si dizajn e\u0161te viac t\u00fdm, \u017ee do\u0148 zahrniete nielen svoju tv\u00e1r, ale aj tv\u00e1r svojho chlpat\u00e9ho priate\u013ea, \u010d\u00edm sa stane vz\u00e1cnym suven\u00edrom v\u00e1\u0161ho jedine\u010dn\u00e9ho puta. Presk\u00famajte na\u0161u kolekciu podobn\u00fdch dizajnov a nechajte svoje spomienky odp\u00e1li\u0165 \u0161t\u00fdlovo.<\/p>","protected":false},"excerpt":{"rendered":"<p>Zasiahnite green a preme\u0148te svoju fotografiu na tri\u010dko Golf Masterpiece Custom. Preme\u0148te ak\u00fako\u013evek fotografiu na jedine\u010dn\u00e9 prisp\u00f4soben\u00e9 tri\u010dko s golfovou tematikou.<\/p>","protected":false},"featured_media":142768,"comment_status":"open","ping_status":"closed","template":"","meta":{"_acf_changed":false},"product_brand":[],"product_cat":[6195,933,186,6412,310,6428],"product_tag":[6433,934,937,938,2075,6216,1039,105,6442],"class_list":{"0":"post-20661","1":"product","2":"type-product","3":"status-publish","4":"has-post-thumbnail","6":"product_cat-t-shirts-men","7":"product_cat-custom-gifts-golf-players","8":"product_cat-men","9":"product_cat-photo-to-tees","10":"product_cat-sports-shirts","11":"product_cat-translate-products","12":"product_tag-ai-artwork","13":"product_tag-birthday_shirt","14":"product_tag-golf","15":"product_tag-golf_gifts","16":"product_tag-golf_shirt","17":"product_tag-mens-custom-t-shirts","18":"product_tag-retirement_gift","19":"product_tag-summer_shirt","20":"product_tag-top-artwork","22":"first","23":"instock","24":"taxable","25":"shipping-taxable","26":"purchasable","27":"product-type-simple"},"acf":[],"wcpa_form_fields":null,"_links":{"self":[{"href":"https:\/\/www.customywear.com\/sk\/wp-json\/wp\/v2\/product\/20661","targetHints":{"allow":["GET"]}}],"collection":[{"href":"https:\/\/www.customywear.com\/sk\/wp-json\/wp\/v2\/product"}],"about":[{"href":"https:\/\/www.customywear.com\/sk\/wp-json\/wp\/v2\/types\/product"}],"replies":[{"embeddable":true,"href":"https:\/\/www.customywear.com\/sk\/wp-json\/wp\/v2\/comments?post=20661"}],"wp:featuredmedia":[{"embeddable":true,"href":"https:\/\/www.customywear.com\/sk\/wp-json\/wp\/v2\/media\/142768"}],"wp:attachment":[{"href":"https:\/\/www.customywear.com\/sk\/wp-json\/wp\/v2\/media?parent=20661"}],"wp:term":[{"taxonomy":"product_brand","embeddable":true,"href":"https:\/\/www.customywear.com\/sk\/wp-json\/wp\/v2\/product_brand?post=20661"},{"taxonomy":"product_cat","embeddable":true,"href":"https:\/\/www.customywear.com\/sk\/wp-json\/wp\/v2\/product_cat?post=20661"},{"taxonomy":"product_tag","embeddable":true,"href":"https:\/\/www.customywear.com\/sk\/wp-json\/wp\/v2\/product_tag?post=20661"}],"curies":[{"name":"wp","href":"https:\/\/api.w.org\/{rel}","templated":true}]}}