{"id":20679,"date":"2023-07-28T13:39:32","date_gmt":"2023-07-28T13:39:32","guid":{"rendered":"https:\/\/www.customywear.com\/?post_type=product&#038;p=20679"},"modified":"2026-05-05T20:24:11","modified_gmt":"2026-05-05T20:24:11","slug":"personalizovane-kosele-do-posilnovne-vintage-muscle","status":"publish","type":"product","link":"https:\/\/www.customywear.com\/sk\/personalized-gym-shirts-vintage-muscle\/","title":{"rendered":"Personalizovan\u00e9 tri\u010dk\u00e1 do posil\u0148ovne \u2013 Vintage tri\u010dko na cvi\u010denie svalov s va\u0161ou fotografiou"},"content":{"rendered":"<p>Pozdvihnite svoje \u0161portov\u00e9 oble\u010denie na vy\u0161\u0161iu \u00farove\u0148 s na\u0161imi personalizovan\u00fdmi tri\u010dkami do posil\u0148ovne, ktor\u00e9 s\u00fa bezprobl\u00e9movou f\u00faziou vintage estetiky a personalizovan\u00e9ho \u0161t\u00fdlu. S va\u0161ou fotografiou ako in\u0161pir\u00e1ciou vytv\u00e1rame dynamick\u00e9 vektorov\u00e9 portr\u00e9tne umenie, ktor\u00e9 v\u00e1s premen\u00ed na svalnat\u00fa ikonu a prezentuje va\u0161e odhodlanie cvi\u010di\u0165 s \u010dinkami. Toto tri\u010dko s vlastnou fotografiou je poctou nad\u0161encom kulturistiky a posil\u0148ovne, v\u010faka \u010domu je dokonal\u00fdm spolo\u010dn\u00edkom na cvi\u010denie a premyslen\u00fdm dar\u010dekom pre t\u00fdch, ktor\u00ed oce\u0148uj\u00fa umenie fitness.<\/p>\n<p>Vyu\u017e\u00edvame kreat\u00edvnu silu programov Adobe Illustrator a Adobe Photoshop a starostlivo navrhujeme vysokokvalitn\u00fa vektorov\u00fa grafiku, ktor\u00e1 zachyt\u00e1va podstatu in\u0161pir\u00e1cie vintage svalmi. Na\u0161a pokro\u010dil\u00e1 technika tla\u010de DTG zais\u0165uje trv\u00e1cne a \u017eiariv\u00e9 vzory na unisex tri\u010dk\u00e1ch s dlh\u00fdm aj kr\u00e1tkym ruk\u00e1vom, ktor\u00e9 s\u00fa vhodn\u00e9 pre dospel\u00fdch, ml\u00e1de\u017e, deti aj bato\u013eat\u00e1. Vychutnajte si r\u00ed\u0161u personaliz\u00e1cie a vd\u00fdchnite ka\u017ed\u00e9mu dizajnu \u0161arm \u013eudsk\u00fdch a zvierac\u00edch tv\u00e1r\u00ed, \u010d\u00edm vytvor\u00edte jedine\u010dn\u00e9 a in\u0161pirat\u00edvne fitness vyhl\u00e1senie.<\/p>\n<p>Za\u017eite harmonick\u00fa zmes vintage \u0161armu a modernej personaliz\u00e1cie s na\u0161ou rozmanitou ponukou dizajnov s tematikou posil\u0148ovne, z ktor\u00fdch ka\u017ed\u00fd sved\u010d\u00ed o odhodlan\u00ed va\u0161ej fitness cesty. Tieto personalizovan\u00e9 tr\u00e9ningov\u00e9 tri\u010dk\u00e1 id\u00fa nad r\u00e1mec be\u017en\u00e9ho oble\u010denia, sl\u00fa\u017eia ako pl\u00e1tno pre va\u0161u v\u00e1\u0161e\u0148 pre fitness a motivuj\u00fa ostatn\u00fdch, aby sa pustili do vlastn\u00fdch wellness v\u00fdprav. \u010ci u\u017e cvi\u010d\u00edte, chod\u00edte do posil\u0148ovne alebo h\u013ead\u00e1te outdoorov\u00e9 dobrodru\u017estv\u00e1, nechajte svoje personalizovan\u00e9 \u0161portov\u00e9 tri\u010dko odr\u00e1\u017ea\u0165 v\u00e1\u0161 z\u00e1v\u00e4zok k zdraviu a noste nosite\u013en\u00e9 umenie, ktor\u00e9 rozpr\u00e1va v\u00e1\u0161 jedine\u010dn\u00fd fitness pr\u00edbeh.<\/p>","protected":false},"excerpt":{"rendered":"<p>Osl\u00e1vte vintage silu s personalizovan\u00fdmi tri\u010dkami do telocvi\u010dne. Svalov\u00e9 cvi\u010debn\u00e9 tri\u010dk\u00e1 premenia ka\u017ed\u00fa fotografiu na odv\u00e1\u017ene, retro in\u0161pirovan\u00e9 tri\u010dko.<\/p>","protected":false},"featured_media":143247,"comment_status":"open","ping_status":"closed","template":"","meta":{"_acf_changed":false},"product_brand":[],"product_cat":[6195,526,186,6337,6412,6428],"product_tag":[6433,6217,6165,546,6216],"class_list":{"0":"post-20679","1":"product","2":"type-product","3":"status-publish","4":"has-post-thumbnail","6":"product_cat-t-shirts-men","7":"product_cat-gym-shirts","8":"product_cat-men","9":"product_cat-mens-gym-t-shirts","10":"product_cat-photo-to-tees","11":"product_cat-translate-products","12":"product_tag-ai-artwork","13":"product_tag-custom-t-shirt","14":"product_tag-custom-gym-tees","15":"product_tag-gym","16":"product_tag-mens-custom-t-shirts","18":"first","19":"instock","20":"taxable","21":"shipping-taxable","22":"purchasable","23":"product-type-simple"},"acf":[],"wcpa_form_fields":null,"_links":{"self":[{"href":"https:\/\/www.customywear.com\/sk\/wp-json\/wp\/v2\/product\/20679","targetHints":{"allow":["GET"]}}],"collection":[{"href":"https:\/\/www.customywear.com\/sk\/wp-json\/wp\/v2\/product"}],"about":[{"href":"https:\/\/www.customywear.com\/sk\/wp-json\/wp\/v2\/types\/product"}],"replies":[{"embeddable":true,"href":"https:\/\/www.customywear.com\/sk\/wp-json\/wp\/v2\/comments?post=20679"}],"wp:featuredmedia":[{"embeddable":true,"href":"https:\/\/www.customywear.com\/sk\/wp-json\/wp\/v2\/media\/143247"}],"wp:attachment":[{"href":"https:\/\/www.customywear.com\/sk\/wp-json\/wp\/v2\/media?parent=20679"}],"wp:term":[{"taxonomy":"product_brand","embeddable":true,"href":"https:\/\/www.customywear.com\/sk\/wp-json\/wp\/v2\/product_brand?post=20679"},{"taxonomy":"product_cat","embeddable":true,"href":"https:\/\/www.customywear.com\/sk\/wp-json\/wp\/v2\/product_cat?post=20679"},{"taxonomy":"product_tag","embeddable":true,"href":"https:\/\/www.customywear.com\/sk\/wp-json\/wp\/v2\/product_tag?post=20679"}],"curies":[{"name":"wp","href":"https:\/\/api.w.org\/{rel}","templated":true}]}}