{"id":20690,"date":"2023-07-28T13:39:39","date_gmt":"2023-07-28T13:39:39","guid":{"rendered":"https:\/\/www.customywear.com\/?post_type=product&#038;p=20690"},"modified":"2026-05-16T13:07:48","modified_gmt":"2026-05-16T13:07:48","slug":"cestovne-tricko-s-indickymi-satami-na-mieru","status":"publish","type":"product","link":"https:\/\/www.customywear.com\/sk\/custom-indian-dress-travel-t-shirt\/","title":{"rendered":"Custom Indian Saree T-Shirt for women &#8211; India Taj mahal travel tee"},"content":{"rendered":"<p>Ponorte sa do bohatej tapis\u00e9rie indickej kult\u00fary s na\u0161\u00edm podmaniv\u00fdm tri\u010dkom s tradi\u010dn\u00fdm indick\u00fdm oble\u010den\u00edm na mieru. V\u010faka na\u0161im zru\u010dn\u00fdm remeseln\u00edkom a pr\u00e9miovej vektorovej grafike sa va\u0161a fotografia premen\u00ed na n\u00e1dhern\u00fd portr\u00e9t v\u00e1s oble\u010den\u00fdch v tradi\u010dnom indickom odeve. Toto tri\u010dko na mieru sl\u00fa\u017ei ako nad\u010dasov\u00fd dar\u010dek pre milovn\u00edkov cestovania a steles\u0148uje podstatu indick\u00e9ho dedi\u010dstva v nosite\u013enom majstrovskom diele. Na\u0161e vektorov\u00e9 umenie, starostlivo vytvoren\u00e9 v programoch Adobe Illustrator a Adobe Photoshop, zachyt\u00e1va zlo\u017eit\u00e9 detaily tradi\u010dn\u00e9ho indick\u00e9ho oble\u010denia a oslavuje jeho eleganciu a kr\u00e1su. \u010ci u\u017e si vyberiete tri\u010dko s kr\u00e1tkym alebo dlh\u00fdm ruk\u00e1vom, tento unisex z\u00e1zrak oslov\u00ed v\u0161etky vekov\u00e9 kateg\u00f3rie \u2013 dospel\u00fdch, ml\u00e1de\u017e, deti aj bato\u013eat\u00e1. Nie je to len tri\u010dko; je to stelesnenie v\u00e1\u0161ho uznania za kult\u00farne objavovanie a glob\u00e1lne z\u00e1\u017eitky. Vneste svoju individualitu za\u010dlenen\u00edm r\u00f4znych \u013eudsk\u00fdch a zvierac\u00edch tv\u00e1r\u00ed do tohto dizajnu. Na\u0161a \u0161pi\u010dkov\u00e1 technol\u00f3gia tla\u010de DTG zais\u0165uje \u017eiariv\u00e9 farby a trval\u00fa kvalitu. Toto personalizovan\u00e9 tri\u010dko nie je len oby\u010dajn\u00fdm kusom oble\u010denia, ale st\u00e1va sa pl\u00e1tnom pre va\u0161e cestovn\u00e9 spomienky a dobrodru\u017estv\u00e1. Noste o\u010daruj\u00face \u010daro Indie s hrdos\u0165ou a objavujte r\u00ed\u0161u podobn\u00fdch dizajnov, ktor\u00e9 vzd\u00e1vaj\u00fa hold r\u00f4znym kult\u00faram. Pozdvihnite svoj \u0161atn\u00edk tri\u010dkom, ktor\u00e9 zachyt\u00e1va k\u00fazlo va\u0161ich ciest a je d\u00f4kazom v\u00e1\u0161ho kult\u00farneho uznania.<\/p>","protected":false},"excerpt":{"rendered":"<p>Osl\u00e1vte kult\u00faru s vlastn\u00fdm tradi\u010dn\u00fdm indick\u00fdm spolo\u010densk\u00fdm tri\u010dkom. Personalizovan\u00e9 fotografick\u00e9 tri\u010dko pre nad\u0161encov cestovania premen\u00ed ka\u017ed\u00fa fotografiu na jedine\u010dn\u00e9, kult\u00farne tri\u010dko.<\/p>","protected":false},"featured_media":142871,"comment_status":"open","ping_status":"closed","template":"","meta":{"_acf_changed":false},"product_brand":[],"product_cat":[6191,6264,6412,6428,6355],"product_tag":[6433,2309,2314,70,209],"class_list":{"0":"post-20690","1":"product","2":"type-product","3":"status-publish","4":"has-post-thumbnail","6":"product_cat-t-shirts-women","7":"product_cat-custom-gifts-indian-culture","8":"product_cat-photo-to-tees","9":"product_cat-translate-products","10":"product_cat-womens-culture-country-t-shirts","11":"product_tag-ai-artwork","12":"product_tag-diwali_gift","13":"product_tag-indian_wedding","14":"product_tag-travel_gift","15":"product_tag-travel_lover_gift","17":"first","18":"instock","19":"taxable","20":"shipping-taxable","21":"purchasable","22":"product-type-simple"},"acf":[],"wcpa_form_fields":null,"_links":{"self":[{"href":"https:\/\/www.customywear.com\/sk\/wp-json\/wp\/v2\/product\/20690","targetHints":{"allow":["GET"]}}],"collection":[{"href":"https:\/\/www.customywear.com\/sk\/wp-json\/wp\/v2\/product"}],"about":[{"href":"https:\/\/www.customywear.com\/sk\/wp-json\/wp\/v2\/types\/product"}],"replies":[{"embeddable":true,"href":"https:\/\/www.customywear.com\/sk\/wp-json\/wp\/v2\/comments?post=20690"}],"wp:featuredmedia":[{"embeddable":true,"href":"https:\/\/www.customywear.com\/sk\/wp-json\/wp\/v2\/media\/142871"}],"wp:attachment":[{"href":"https:\/\/www.customywear.com\/sk\/wp-json\/wp\/v2\/media?parent=20690"}],"wp:term":[{"taxonomy":"product_brand","embeddable":true,"href":"https:\/\/www.customywear.com\/sk\/wp-json\/wp\/v2\/product_brand?post=20690"},{"taxonomy":"product_cat","embeddable":true,"href":"https:\/\/www.customywear.com\/sk\/wp-json\/wp\/v2\/product_cat?post=20690"},{"taxonomy":"product_tag","embeddable":true,"href":"https:\/\/www.customywear.com\/sk\/wp-json\/wp\/v2\/product_tag?post=20690"}],"curies":[{"name":"wp","href":"https:\/\/api.w.org\/{rel}","templated":true}]}}