{"id":20691,"date":"2023-07-28T13:39:40","date_gmt":"2023-07-28T13:39:40","guid":{"rendered":"https:\/\/www.customywear.com\/?post_type=product&#038;p=20691"},"modified":"2026-05-05T20:24:11","modified_gmt":"2026-05-05T20:24:11","slug":"tricko-tradicny-indicky-na-mieru","status":"publish","type":"product","link":"https:\/\/www.customywear.com\/sk\/custom-traditional-indian-dress-t-shirt\/","title":{"rendered":"Custom Taj Mahal travel T-Shirt &#8211; Personalized India traveller t-shirts"},"content":{"rendered":"<p>Vydajte sa na kult\u00farnu cestu s na\u0161\u00edm podmaniv\u00fdm tri\u010dkom s tradi\u010dn\u00fdmi indick\u00fdmi \u0161atami na mieru. V\u010faka n\u00e1\u0161mu odborn\u00e9mu umeniu a pr\u00e9miov\u00e9mu vektorov\u00e9mu dizajnu sa va\u0161a fotografia bezprobl\u00e9movo integruje do n\u00e1dhern\u00e9ho zobrazenia v\u00e1s oble\u010den\u00fdch v elegancii tradi\u010dn\u00e9ho indick\u00e9ho oble\u010denia. Toto tri\u010dko na mieru oslavuje kr\u00e1su indick\u00e9ho umenia a sl\u00fa\u017ei ako ide\u00e1lny dar\u010dek pre v\u00e1\u0161niv\u00fdch cestovate\u013eov. Na\u0161i zru\u010dn\u00ed remeseln\u00edci pou\u017e\u00edvaj\u00fa Adobe Illustrator a Adobe Photoshop na vytvorenie \u017eiv\u00e9ho a realistick\u00e9ho vektorov\u00e9ho portr\u00e9tu, ktor\u00fd zachyt\u00e1va ka\u017ed\u00fd detail tradi\u010dn\u00e9ho indick\u00e9ho oble\u010denia. \u010ci u\u017e si vyberiete tri\u010dko s kr\u00e1tkym alebo dlh\u00fdm ruk\u00e1vom, toto unisex majstrovsk\u00e9 dielo oslov\u00ed v\u0161etky vekov\u00e9 skupiny \u2013 dospel\u00fdch, ml\u00e1de\u017e, deti aj bato\u013eat\u00e1. Nie je to len oby\u010dajn\u00e9 tri\u010dko, je to nosite\u013en\u00e9 pl\u00e1tno, ktor\u00e9 steles\u0148uje va\u0161u l\u00e1sku ku kult\u00farnemu objavovaniu a glob\u00e1lnym z\u00e1\u017eitkom. Pozdvihnite svoju hru na tri\u010dku personaliz\u00e1ciou tohto dizajnu s r\u00f4znymi \u013eudsk\u00fdmi a zvierac\u00edmi tv\u00e1rami. Na\u0161a najmodernej\u0161ia technol\u00f3gia tla\u010de DTG zais\u0165uje \u017eiv\u00e9 farby a trval\u00fa kvalitu. Ponorte sa do \u010daro indick\u00e9ho dedi\u010dstva a hrdo predve\u010fte svoje spojenie s jeho umen\u00edm a trad\u00edciami. Presk\u00famajte mno\u017estvo podobn\u00fdch dizajnov, ktor\u00e9 vzd\u00e1vaj\u00fa hold r\u00f4znym kult\u00faram a v\u00e1\u0161\u0148am. Nechajte svoj \u0161atn\u00edk hovori\u0165 o va\u0161ej l\u00e1ske k cestovaniu a ocenen\u00ed glob\u00e1lnej rozmanitosti s t\u00fdmto personalizovan\u00fdm tri\u010dkom, ktor\u00e9 steles\u0148uje ducha bohatej indickej kult\u00farnej tapis\u00e9rie.<\/p>","protected":false},"excerpt":{"rendered":"<p>Osl\u00e1vte kult\u00faru s vlastn\u00fdm tradi\u010dn\u00fdm indick\u00fdm spolo\u010densk\u00fdm tri\u010dkom. Personalizovan\u00e9 fotografick\u00e9 tri\u010dko pre cestovate\u013esk\u00fdch nad\u0161encov premen\u00ed ka\u017ed\u00fa fotografiu na jedine\u010dn\u00e9 tri\u010dko in\u0161pirovan\u00e9 kult\u00farou.<\/p>","protected":false},"featured_media":142864,"comment_status":"open","ping_status":"closed","template":"","meta":{"_acf_changed":false},"product_brand":[],"product_cat":[6195,6264,186,6345,6412,6428],"product_tag":[6433,2309,2314,6216,70,209],"class_list":{"0":"post-20691","1":"product","2":"type-product","3":"status-publish","4":"has-post-thumbnail","6":"product_cat-t-shirts-men","7":"product_cat-custom-gifts-indian-culture","8":"product_cat-men","9":"product_cat-mens-country-culture-t-shirts","10":"product_cat-photo-to-tees","11":"product_cat-translate-products","12":"product_tag-ai-artwork","13":"product_tag-diwali_gift","14":"product_tag-indian_wedding","15":"product_tag-mens-custom-t-shirts","16":"product_tag-travel_gift","17":"product_tag-travel_lover_gift","19":"first","20":"instock","21":"taxable","22":"shipping-taxable","23":"purchasable","24":"product-type-simple"},"acf":[],"wcpa_form_fields":null,"_links":{"self":[{"href":"https:\/\/www.customywear.com\/sk\/wp-json\/wp\/v2\/product\/20691","targetHints":{"allow":["GET"]}}],"collection":[{"href":"https:\/\/www.customywear.com\/sk\/wp-json\/wp\/v2\/product"}],"about":[{"href":"https:\/\/www.customywear.com\/sk\/wp-json\/wp\/v2\/types\/product"}],"replies":[{"embeddable":true,"href":"https:\/\/www.customywear.com\/sk\/wp-json\/wp\/v2\/comments?post=20691"}],"wp:featuredmedia":[{"embeddable":true,"href":"https:\/\/www.customywear.com\/sk\/wp-json\/wp\/v2\/media\/142864"}],"wp:attachment":[{"href":"https:\/\/www.customywear.com\/sk\/wp-json\/wp\/v2\/media?parent=20691"}],"wp:term":[{"taxonomy":"product_brand","embeddable":true,"href":"https:\/\/www.customywear.com\/sk\/wp-json\/wp\/v2\/product_brand?post=20691"},{"taxonomy":"product_cat","embeddable":true,"href":"https:\/\/www.customywear.com\/sk\/wp-json\/wp\/v2\/product_cat?post=20691"},{"taxonomy":"product_tag","embeddable":true,"href":"https:\/\/www.customywear.com\/sk\/wp-json\/wp\/v2\/product_tag?post=20691"}],"curies":[{"name":"wp","href":"https:\/\/api.w.org\/{rel}","templated":true}]}}