{"id":20745,"date":"2023-07-28T13:40:31","date_gmt":"2023-07-28T13:40:31","guid":{"rendered":"https:\/\/www.customywear.com\/?post_type=product&#038;p=20745"},"modified":"2026-05-05T20:23:34","modified_gmt":"2026-05-05T20:23:34","slug":"darcekove-tricko-s-fotografiou-morskej-panny-na-mieru","status":"publish","type":"product","link":"https:\/\/www.customywear.com\/sk\/custom-mermaid-photo-shirt-gifts\/","title":{"rendered":"Preme\u0148te Svoje Fotografie do Vlastn\u00e9ho Mal\u00e1 Morsk\u00e1 v\u00edla Tee \u2013 Dokonal\u00e1 Morsk\u00e1 panna Dary"},"content":{"rendered":"<p>Ponorte sa do sveta \u010darov s na\u0161\u00edm personalizovan\u00fdm tri\u010dkom s mot\u00edvom morskej panny, kde va\u0161a fotografia prejde magickou metamorf\u00f3zou do podmaniv\u00e9ho vektorov\u00e9ho portr\u00e9tneho umenia. Ponorte seba alebo svojho bl\u00edzkeho do \u010daro hlb\u00edn oce\u00e1nu, zatia\u013e \u010do na\u0161i zru\u010dn\u00ed umelci vytvoria jedine\u010dn\u00fd dizajn, ktor\u00fd v\u00e1s vykresl\u00ed ako fascinuj\u00facu morsk\u00fa pannu. Toto unisex tri\u010dko s dlh\u00fdm aj kr\u00e1tkym ruk\u00e1vom je viac ne\u017e len oble\u010denie; je to umeleck\u00e9 dielo, ktor\u00e9 o\u017eiv\u00ed va\u0161e sny o morsk\u00fdch pann\u00e1ch, a je ide\u00e1lnym dar\u010dekom pre nad\u0161encov morsk\u00fdch panien v\u0161etk\u00fdch vekov\u00fdch kateg\u00f3ri\u00ed. N\u00e1\u0161 kreat\u00edvny proces vyu\u017e\u00edva silu programov Adobe Illustrator a Adobe Photoshop a premie\u0148a va\u0161e milovan\u00e9 fotografie na majstrovsk\u00e9 dielo vhodn\u00e9 pre hlbiny. Pomocou najmodernej\u0161ej technol\u00f3gie tla\u010de DTG zabezpe\u010dujeme, aby sa ka\u017ed\u00e9 tri\u010dko mohlo pochv\u00e1li\u0165 vysoko kvalitnou vektorovou grafikou, ktor\u00e1 je rovnako \u017eiv\u00e1 ako va\u0161a predstavivos\u0165. Tieto tri\u010dk\u00e1 nie s\u00fa obmedzen\u00e9 vekom, ale s\u00fa ur\u010den\u00e9 pre rozmanit\u00e9 publikum a pon\u00fakaj\u00fa ve\u013ekosti pre dospel\u00fdch, ml\u00e1de\u017e, deti a dokonca aj pre tie najmen\u0161ie morsk\u00e9 panny \u2013 bato\u013eat\u00e1. Zaujmite personalizovan\u00fdm n\u00e1dychom, ktor\u00fd spoj\u00ed va\u0161u podobu s mystikou r\u00ed\u0161e morsk\u00fdch panien. Prebu\u010fte svoju vn\u00fatorn\u00fa morsk\u00fa sir\u00e9nu a vychutnajte si kr\u00e1su m\u00f3dy na mieru. \u010ci u\u017e oslavujete narodeniny alebo jednoducho vyjadrujete svoju l\u00e1sku k morsk\u00fdm pann\u00e1m, na\u0161a kolekcia prekypuje podobn\u00fdmi \u00fachvatn\u00fdmi dizajnmi, ktor\u00e9 \u010dakaj\u00fa na va\u0161e objavenie. Pozdvihnite svoj \u0161atn\u00edk na vy\u0161\u0161iu \u00farove\u0148 a ponorte sa do mora kreativity s na\u0161imi personalizovan\u00fdmi tri\u010dkami s mot\u00edvom morsk\u00fdch panien \u2013 pokladnicou umenia a fant\u00e1zie.<\/p>","protected":false},"excerpt":{"rendered":"<p>Vytvorte vlny s vlastn\u00fdm tri\u010dkom Mal\u00e1 morsk\u00e1 v\u00edla. Preme\u0148te svoju fotografiu na dokonal\u00fd dar\u010dek pre morsk\u00fa pannu s rozmarn\u00fdm, jedine\u010dn\u00fdm tri\u010dkom.<\/p>","protected":false},"featured_media":142997,"comment_status":"open","ping_status":"closed","template":"","meta":{"_acf_changed":false},"product_brand":[],"product_cat":[6191,1615,6412,6428,6375],"product_tag":[6433,1616,352,1617,1618,2457,112],"class_list":{"0":"post-20745","1":"product","2":"type-product","3":"status-publish","4":"has-post-thumbnail","6":"product_cat-t-shirts-women","7":"product_cat-custom-gifts-mermaid","8":"product_cat-photo-to-tees","9":"product_cat-translate-products","10":"product_cat-womens-animal-t-shirts","11":"product_tag-ai-artwork","12":"product_tag-custom-arts-mermaid","13":"product_tag-honeymoon_shirt","14":"product_tag-mermaid_gifts","15":"product_tag-mermaid_shirt","16":"product_tag-ocean_shirt","17":"product_tag-women","19":"first","20":"instock","21":"taxable","22":"shipping-taxable","23":"purchasable","24":"product-type-simple"},"acf":[],"wcpa_form_fields":null,"_links":{"self":[{"href":"https:\/\/www.customywear.com\/sk\/wp-json\/wp\/v2\/product\/20745","targetHints":{"allow":["GET"]}}],"collection":[{"href":"https:\/\/www.customywear.com\/sk\/wp-json\/wp\/v2\/product"}],"about":[{"href":"https:\/\/www.customywear.com\/sk\/wp-json\/wp\/v2\/types\/product"}],"replies":[{"embeddable":true,"href":"https:\/\/www.customywear.com\/sk\/wp-json\/wp\/v2\/comments?post=20745"}],"wp:featuredmedia":[{"embeddable":true,"href":"https:\/\/www.customywear.com\/sk\/wp-json\/wp\/v2\/media\/142997"}],"wp:attachment":[{"href":"https:\/\/www.customywear.com\/sk\/wp-json\/wp\/v2\/media?parent=20745"}],"wp:term":[{"taxonomy":"product_brand","embeddable":true,"href":"https:\/\/www.customywear.com\/sk\/wp-json\/wp\/v2\/product_brand?post=20745"},{"taxonomy":"product_cat","embeddable":true,"href":"https:\/\/www.customywear.com\/sk\/wp-json\/wp\/v2\/product_cat?post=20745"},{"taxonomy":"product_tag","embeddable":true,"href":"https:\/\/www.customywear.com\/sk\/wp-json\/wp\/v2\/product_tag?post=20745"}],"curies":[{"name":"wp","href":"https:\/\/api.w.org\/{rel}","templated":true}]}}